{"id":15787,"date":"2025-05-10T06:57:49","date_gmt":"2025-05-10T13:57:49","guid":{"rendered":"https:\/\/www.sexdollmini.com\/?post_type=product&#038;p=15787"},"modified":"2026-03-22T10:42:11","modified_gmt":"2026-03-22T17:42:11","slug":"philippa-tiny-flat-chest-sex-doll","status":"publish","type":"product","link":"https:\/\/www.sexdollmini.com\/cs\/produkt\/philippa-tiny-flat-chest-sex-doll\/","title":{"rendered":"Philippa Mal\u00fd Ploch\u00e1 hrudn\u00edk Sexu\u00e1ln\u00ed panenka"},"content":{"rendered":"<h2>Detaily sexu\u00e1ln\u00edch panenek<\/h2>\n<p>Tato sexu\u00e1ln\u00ed panenka z TPE s ploch\u00fdm hrudn\u00edkem je vyrobena z m\u011bkk\u00e9ho materi\u00e1lu, kter\u00fd je p\u0159\u00edjemn\u00fd na poko\u017eku. M\u00e1 mnoho v\u00fdhod. M\u016f\u017eete ji obejmout p\u0159ed span\u00edm, co\u017e v\u00e1m m\u016f\u017ee p\u0159in\u00e9st klid. M\u016f\u017eete pro ni tak\u00e9 p\u0159ipravit r\u016fzn\u00e9 styly oble\u010den\u00ed (profesion\u00e1ln\u00ed oble\u010den\u00ed, plavky atd.) pro hry na hrdiny a m\u016f\u017ee slou\u017eit i jako model z\u00e1ti\u0161\u00ed pro procvi\u010dov\u00e1n\u00ed kreslen\u00ed lidsk\u00e9ho t\u011bla.<br \/>\nTyto aktivity v\u00e1m nejen mohou zp\u0159\u00edjemnit \u017eivot, ale tak\u00e9 v\u00e1m pomohou relaxovat a zlep\u0161it va\u0161i kreativitu. Nejd\u016fle\u017eit\u011bj\u0161\u00ed je naj\u00edt zp\u016fsob interakce, d\u00edky kter\u00e9mu se budete c\u00edtit pohodln\u011b a \u0161\u0165astn\u011b.<\/p>\n<p>&nbsp;<\/p>\n<p>V\u00fd\u0161ka: 100 cm<br \/>\nPrsa: 46 cm<br \/>\nPas: 38 cm<br \/>\nObvod bok\u016f: 59 cm<br \/>\nHloubka \u0159itn\u00edho otvoru: 8 cm<br \/>\nHloubka vag\u00edny: 14 cm<br \/>\nHloubka \u00fast\u00ed: 12 cm<br \/>\n\u010cist\u00e1 hmotnost: 13 kg<br \/>\nCelkov\u00e1 hmotnost: 15 kg<\/p>\n<p>&nbsp;<\/p>\n<p>V\u00fd\u0161ka: 125 cm<br \/>\nPrsa: 55 cm<br \/>\nPas: 42 cm<br \/>\nObvod bok\u016f: 62 cm<br \/>\nHloubka \u0159itn\u00edho otvoru: 16 cm<br \/>\nHloubka vag\u00edny: 17 cm<br \/>\nHloubka \u00fast\u00ed: 12 cm<br \/>\n\u010cist\u00e1 hmotnost: 17 kg<br \/>\nCelkov\u00e1 hmotnost: 20 kg<\/p>\n<p>&nbsp;<\/p>\n<p>&nbsp;<\/p>\n<p>Pros\u00edm, po\u010d\u00edtejte s rozd\u00edlem 2-4 cm p\u0159i ru\u010dn\u00edm m\u011b\u0159en\u00ed.<\/p>","protected":false},"excerpt":{"rendered":"<p>Zp\u016fsob, jak si rozum\u011bt s panenkou TPE, je prom\u011bnit prost\u00e9 p\u0159\u00e1telstv\u00ed v v\u0159el\u00fd \u017eivotn\u00ed ritu\u00e1l. Nem\u016f\u017ee mluvit, ale m\u016f\u017ee b\u00fdt va\u0161\u00ed nejv\u011brn\u011bj\u0161\u00ed poslucha\u010dkou.<\/p>","protected":false},"featured_media":15805,"comment_status":"open","ping_status":"closed","template":"","meta":[],"product_brand":[],"product_cat":[53,56,57,74,18,81,24,27,23,64,70,28,65,30,38,73,41,82,79,62,26,39,66,80,43,40,31,69,32,77,25,33,29,20,21,34,72,19,42,44,71,76,36,35,84,63,61,75,37,78],"product_tag":[],"class_list":{"0":"post-15787","1":"product","2":"type-product","3":"status-publish","4":"has-post-thumbnail","6":"product_cat-100cm-sex-dolls","7":"product_cat-120cm-sex-dolls","8":"product_cat-125cm-sex-dolls","9":"product_cat-6ye-doll","10":"product_cat-adult-doll","11":"product_cat-aibei-doll","12":"product_cat-american-sex-doll","13":"product_cat-anime-sex-dolls","14":"product_cat-asian-sex-doll","15":"product_cat-australia-stock-sex-doll","16":"product_cat-axb-doll","17":"product_cat-blonde-sex-doll","18":"product_cat-canada-stock-sex-doll","19":"product_cat-cheap-sex-doll","20":"product_cat-chubby-sex-dolls","21":"product_cat-climax-doll","22":"product_cat-curvy-sex-dolls","23":"product_cat-dolls-castle","24":"product_cat-elsa-babe","25":"product_cat-eu-stock-sex-doll","26":"product_cat-european-sex-dolls","27":"product_cat-fantasy-sex-doll","28":"product_cat-female-sex-dolls","29":"product_cat-fire-doll","30":"product_cat-flat-chested-sex-doll","31":"product_cat-full-body-sex-dolls","32":"product_cat-full-size-sex-dolls","33":"product_cat-girl-sex-dolls","34":"product_cat-hentai-sex-dolls","35":"product_cat-irontech-sex-dolls","36":"product_cat-japanese-sex-dolls","37":"product_cat-life-like-sex-dolls","38":"product_cat-life-size-sex-dolls","39":"product_cat-love-doll","40":"product_cat-miniature-sex-doll","41":"product_cat-petite-sex-dolls","42":"product_cat-qita-doll","43":"product_cat-real-doll","44":"product_cat-skinny-sex-dolls","45":"product_cat-small-breast-sex-doll","46":"product_cat-sy-doll","47":"product_cat-tantaly-sex-doll","48":"product_cat-teen-sex-dolls","49":"product_cat-tiny-sex-dolls","50":"product_cat-tpe-sex-dolls","51":"product_cat-uk-stock-sex-doll","52":"product_cat-us-stock-sex-dolls","53":"product_cat-wm-doll","54":"product_cat-young-sex-dolls","55":"product_cat-zelex-doll","57":"first","58":"instock","59":"sale","60":"shipping-taxable","61":"purchasable","62":"product-type-variable","63":"has-default-attributes"},"_links":{"self":[{"href":"https:\/\/www.sexdollmini.com\/cs\/wp-json\/wp\/v2\/product\/15787","targetHints":{"allow":["GET"]}}],"collection":[{"href":"https:\/\/www.sexdollmini.com\/cs\/wp-json\/wp\/v2\/product"}],"about":[{"href":"https:\/\/www.sexdollmini.com\/cs\/wp-json\/wp\/v2\/types\/product"}],"replies":[{"embeddable":true,"href":"https:\/\/www.sexdollmini.com\/cs\/wp-json\/wp\/v2\/comments?post=15787"}],"wp:featuredmedia":[{"embeddable":true,"href":"https:\/\/www.sexdollmini.com\/cs\/wp-json\/wp\/v2\/media\/15805"}],"wp:attachment":[{"href":"https:\/\/www.sexdollmini.com\/cs\/wp-json\/wp\/v2\/media?parent=15787"}],"wp:term":[{"taxonomy":"product_brand","embeddable":true,"href":"https:\/\/www.sexdollmini.com\/cs\/wp-json\/wp\/v2\/product_brand?post=15787"},{"taxonomy":"product_cat","embeddable":true,"href":"https:\/\/www.sexdollmini.com\/cs\/wp-json\/wp\/v2\/product_cat?post=15787"},{"taxonomy":"product_tag","embeddable":true,"href":"https:\/\/www.sexdollmini.com\/cs\/wp-json\/wp\/v2\/product_tag?post=15787"}],"curies":[{"name":"wp","href":"https:\/\/api.w.org\/{rel}","templated":true}]}}