{"id":15946,"date":"2025-05-23T06:35:30","date_gmt":"2025-05-23T13:35:30","guid":{"rendered":"https:\/\/www.sexdollmini.com\/?post_type=product&#038;p=15946"},"modified":"2026-05-01T19:07:51","modified_gmt":"2026-05-02T02:07:51","slug":"queenie-flat-chest-flexible-sex-doll","status":"publish","type":"product","link":"https:\/\/www.sexdollmini.com\/cs\/produkt\/queenie-flat-chest-flexible-sex-doll\/","title":{"rendered":"Queenie Ploch\u00fd hrudn\u00edk Flexibiln\u00ed sexu\u00e1ln\u00ed panenka"},"content":{"rendered":"<h2>Detaily sexu\u00e1ln\u00edch panenek<\/h2>\n<p>Sexu\u00e1ln\u00ed panenka je star\u00e1 20 let, je celot\u011blov\u00e1 sexu\u00e1ln\u00ed panenka velmi v\u011brn\u00e1 sv\u00e9mu majiteli, miluje b\u00fdt se sv\u00fdm majitelem a d\u011blat v\u0161echno, u\u017e\u00edv\u00e1 si dobr\u00e9 v\u011bci v \u017eivot\u011b a je\u0161t\u011b v\u00edc si u\u017e\u00edv\u00e1 v\u0161e, co j\u00ed p\u0159inesete. Sexu\u00e1ln\u00ed panenky dok\u00e1\u017eou b\u00fdt tich\u00e9 a poslouchat v\u0161echno, co \u0159\u00edk\u00e1te, a nemaj\u00ed k sob\u011b \u0161patn\u00e9 pocity. Sexu\u00e1ln\u00ed panenky nepot\u0159ebuj\u00ed socializaci, co\u017e v\u00e1m \u017eivot zna\u010dn\u011b usnadn\u00ed.<\/p>\n<p>&nbsp;<\/p>\n<p>V\u00fd\u0161ka: 100 cm<br \/>\nPrsa: 46 cm<br \/>\nPas: 38 cm<br \/>\nObvod bok\u016f: 59 cm<br \/>\nHloubka \u0159itn\u00edho otvoru: 8 cm<br \/>\nHloubka vag\u00edny: 14 cm<br \/>\nHloubka \u00fast\u00ed: 12 cm<br \/>\n\u010cist\u00e1 hmotnost: 13 kg<br \/>\nCelkov\u00e1 hmotnost: 15 kg<\/p>\n<p>&nbsp;<\/p>\n<p>V\u00fd\u0161ka: 125 cm<br \/>\nPrsa: 55 cm<br \/>\nPas: 42 cm<br \/>\nObvod bok\u016f: 62 cm<br \/>\nHloubka \u0159itn\u00edho otvoru: 16 cm<br \/>\nHloubka vag\u00edny: 17 cm<br \/>\nHloubka \u00fast\u00ed: 12 cm<br \/>\n\u010cist\u00e1 hmotnost: 17 kg<br \/>\nCelkov\u00e1 hmotnost: 20 kg<\/p>\n<p>&nbsp;<\/p>\n<p>&nbsp;<\/p>\n<p>Pros\u00edm, po\u010d\u00edtejte s rozd\u00edlem 2-4 cm p\u0159i ru\u010dn\u00edm m\u011b\u0159en\u00ed.<\/p>","protected":false},"excerpt":{"rendered":"<p>K\u016f\u017ee z TPE pro sexu\u00e1ln\u00ed panenky je hebk\u00e1 na dotek a elastick\u00e1. P\u0159i p\u00e9\u010di o sexu\u00e1ln\u00ed panenky m\u016f\u017eete pou\u017e\u00edt d\u011btsk\u00fd pudr, kter\u00fd udr\u017e\u00ed poko\u017eku suchou a prodlou\u017e\u00ed jejich \u017eivotnost.<\/p>","protected":false},"featured_media":15964,"comment_status":"open","ping_status":"closed","template":"","meta":[],"product_brand":[],"product_cat":[53,56,57,74,18,81,24,27,23,64,70,28,65,30,38,73,41,82,79,62,26,39,66,80,43,40,31,69,32,77,25,33,29,20,21,34,72,19,42,44,71,76,36,35,84,63,61,75,37,78],"product_tag":[],"class_list":{"0":"post-15946","1":"product","2":"type-product","3":"status-publish","4":"has-post-thumbnail","6":"product_cat-100cm-sex-dolls","7":"product_cat-120cm-sex-dolls","8":"product_cat-125cm-sex-dolls","9":"product_cat-6ye-doll","10":"product_cat-adult-doll","11":"product_cat-aibei-doll","12":"product_cat-american-sex-doll","13":"product_cat-anime-sex-dolls","14":"product_cat-asian-sex-doll","15":"product_cat-australia-stock-sex-doll","16":"product_cat-axb-doll","17":"product_cat-blonde-sex-doll","18":"product_cat-canada-stock-sex-doll","19":"product_cat-cheap-sex-doll","20":"product_cat-chubby-sex-dolls","21":"product_cat-climax-doll","22":"product_cat-curvy-sex-dolls","23":"product_cat-dolls-castle","24":"product_cat-elsa-babe","25":"product_cat-eu-stock-sex-doll","26":"product_cat-european-sex-dolls","27":"product_cat-fantasy-sex-doll","28":"product_cat-female-sex-dolls","29":"product_cat-fire-doll","30":"product_cat-flat-chested-sex-doll","31":"product_cat-full-body-sex-dolls","32":"product_cat-full-size-sex-dolls","33":"product_cat-girl-sex-dolls","34":"product_cat-hentai-sex-dolls","35":"product_cat-irontech-sex-dolls","36":"product_cat-japanese-sex-dolls","37":"product_cat-life-like-sex-dolls","38":"product_cat-life-size-sex-dolls","39":"product_cat-love-doll","40":"product_cat-miniature-sex-doll","41":"product_cat-petite-sex-dolls","42":"product_cat-qita-doll","43":"product_cat-real-doll","44":"product_cat-skinny-sex-dolls","45":"product_cat-small-breast-sex-doll","46":"product_cat-sy-doll","47":"product_cat-tantaly-sex-doll","48":"product_cat-teen-sex-dolls","49":"product_cat-tiny-sex-dolls","50":"product_cat-tpe-sex-dolls","51":"product_cat-uk-stock-sex-doll","52":"product_cat-us-stock-sex-dolls","53":"product_cat-wm-doll","54":"product_cat-young-sex-dolls","55":"product_cat-zelex-doll","57":"first","58":"instock","59":"sale","60":"shipping-taxable","61":"purchasable","62":"product-type-variable","63":"has-default-attributes"},"_links":{"self":[{"href":"https:\/\/www.sexdollmini.com\/cs\/wp-json\/wp\/v2\/product\/15946","targetHints":{"allow":["GET"]}}],"collection":[{"href":"https:\/\/www.sexdollmini.com\/cs\/wp-json\/wp\/v2\/product"}],"about":[{"href":"https:\/\/www.sexdollmini.com\/cs\/wp-json\/wp\/v2\/types\/product"}],"replies":[{"embeddable":true,"href":"https:\/\/www.sexdollmini.com\/cs\/wp-json\/wp\/v2\/comments?post=15946"}],"wp:featuredmedia":[{"embeddable":true,"href":"https:\/\/www.sexdollmini.com\/cs\/wp-json\/wp\/v2\/media\/15964"}],"wp:attachment":[{"href":"https:\/\/www.sexdollmini.com\/cs\/wp-json\/wp\/v2\/media?parent=15946"}],"wp:term":[{"taxonomy":"product_brand","embeddable":true,"href":"https:\/\/www.sexdollmini.com\/cs\/wp-json\/wp\/v2\/product_brand?post=15946"},{"taxonomy":"product_cat","embeddable":true,"href":"https:\/\/www.sexdollmini.com\/cs\/wp-json\/wp\/v2\/product_cat?post=15946"},{"taxonomy":"product_tag","embeddable":true,"href":"https:\/\/www.sexdollmini.com\/cs\/wp-json\/wp\/v2\/product_tag?post=15946"}],"curies":[{"name":"wp","href":"https:\/\/api.w.org\/{rel}","templated":true}]}}