{"id":16141,"date":"2025-05-29T07:26:42","date_gmt":"2025-05-29T14:26:42","guid":{"rendered":"https:\/\/www.sexdollmini.com\/?post_type=product&#038;p=16141"},"modified":"2026-05-09T14:05:37","modified_gmt":"2026-05-09T21:05:37","slug":"wanderer-135cm-love-breast-sex-doll","status":"publish","type":"product","link":"https:\/\/www.sexdollmini.com\/cs\/produkt\/wanderer-135cm-love-breast-sex-doll\/","title":{"rendered":"Putuj\u00edc\u00ed 135cm L\u00e1ska Prsa Pohlav\u00ed Panenka"},"content":{"rendered":"<h2>Detaily sexu\u00e1ln\u00edch panenek<\/h2>\n<p>Sexu\u00e1ln\u00ed panenka je vyrobena z materi\u00e1lu TPE. Paruku, oble\u010den\u00ed a make-up m\u016f\u017eete pravideln\u011b m\u011bnit a vytv\u00e1\u0159et tak r\u016fzn\u00e9 styly.<br \/>\nTato sex panenka s ploch\u00fdm hrudn\u00edkem a v\u00fd\u0161kou 135 cm v\u00e1m d\u00edky sv\u00e9 st\u0159edn\u00ed v\u00fd\u0161ce u\u0161et\u0159\u00ed \u010das a \u00fasil\u00ed p\u0159i \u010di\u0161t\u011bn\u00ed a \u00fadr\u017eb\u011b. Pokud jste single nebo ve vztahu na d\u00e1lku, sex panenka s l\u00e1skou v\u00e1m m\u016f\u017ee poskytnout emocion\u00e1ln\u00ed spole\u010dnost a v\u00fdrazn\u011b zm\u00edrnit osam\u011blost.<\/p>\n<p>&nbsp;<\/p>\n<p>V\u00fd\u0161ka: 135 cm<br \/>\nPrsa: 57 cm<br \/>\nPas: 50 cm<br \/>\nObvod bok\u016f: 69 cm<br \/>\nHloubka \u0159itn\u00edho otvoru: 17 cm<br \/>\nHloubka vag\u00edny: 17 cm<br \/>\nHloubka \u00fast\u00ed: 12 cm<br \/>\n\u010cist\u00e1 hmotnost: 22 kg<br \/>\nCelkov\u00e1 hmotnost: 27 kg<\/p>\n<p>&nbsp;<\/p>\n<p>Pros\u00edm, po\u010d\u00edtejte s rozd\u00edlem 2-4 cm p\u0159i ru\u010dn\u00edm m\u011b\u0159en\u00ed.<\/p>","protected":false},"excerpt":{"rendered":"<p>Tato asijsk\u00e1 milostn\u00e1 panenka m\u011b\u0159\u00ed 135 cm a snadno se vejde do auta, kdy\u017e jdete ven. B\u00edl\u00e1 k\u016f\u017ee j\u00ed dod\u00e1v\u00e1 \u017eiv\u00fd a roztomil\u00fd vzhled.<\/p>","protected":false},"featured_media":16145,"comment_status":"open","ping_status":"closed","template":"","meta":[],"product_brand":[],"product_cat":[58,145,59,74,18,81,24,27,23,70,28,30,38,73,41,82,79,62,26,39,66,80,43,40,31,69,32,77,25,33,29,20,21,34,72,19,42,44,71,76,36,35,84,61,75,37,78],"product_tag":[],"class_list":{"0":"post-16141","1":"product","2":"type-product","3":"status-publish","4":"has-post-thumbnail","6":"product_cat-130cm-sex-dolls","7":"product_cat-135cm-sex-doll","8":"product_cat-140cm-sex-dolls","9":"product_cat-6ye-doll","10":"product_cat-adult-doll","11":"product_cat-aibei-doll","12":"product_cat-american-sex-doll","13":"product_cat-anime-sex-dolls","14":"product_cat-asian-sex-doll","15":"product_cat-axb-doll","16":"product_cat-blonde-sex-doll","17":"product_cat-cheap-sex-doll","18":"product_cat-chubby-sex-dolls","19":"product_cat-climax-doll","20":"product_cat-curvy-sex-dolls","21":"product_cat-dolls-castle","22":"product_cat-elsa-babe","23":"product_cat-eu-stock-sex-doll","24":"product_cat-european-sex-dolls","25":"product_cat-fantasy-sex-doll","26":"product_cat-female-sex-dolls","27":"product_cat-fire-doll","28":"product_cat-flat-chested-sex-doll","29":"product_cat-full-body-sex-dolls","30":"product_cat-full-size-sex-dolls","31":"product_cat-girl-sex-dolls","32":"product_cat-hentai-sex-dolls","33":"product_cat-irontech-sex-dolls","34":"product_cat-japanese-sex-dolls","35":"product_cat-life-like-sex-dolls","36":"product_cat-life-size-sex-dolls","37":"product_cat-love-doll","38":"product_cat-miniature-sex-doll","39":"product_cat-petite-sex-dolls","40":"product_cat-qita-doll","41":"product_cat-real-doll","42":"product_cat-skinny-sex-dolls","43":"product_cat-small-breast-sex-doll","44":"product_cat-sy-doll","45":"product_cat-tantaly-sex-doll","46":"product_cat-teen-sex-dolls","47":"product_cat-tiny-sex-dolls","48":"product_cat-tpe-sex-dolls","49":"product_cat-us-stock-sex-dolls","50":"product_cat-wm-doll","51":"product_cat-young-sex-dolls","52":"product_cat-zelex-doll","54":"first","55":"instock","56":"sale","57":"shipping-taxable","58":"purchasable","59":"product-type-simple"},"_links":{"self":[{"href":"https:\/\/www.sexdollmini.com\/cs\/wp-json\/wp\/v2\/product\/16141","targetHints":{"allow":["GET"]}}],"collection":[{"href":"https:\/\/www.sexdollmini.com\/cs\/wp-json\/wp\/v2\/product"}],"about":[{"href":"https:\/\/www.sexdollmini.com\/cs\/wp-json\/wp\/v2\/types\/product"}],"replies":[{"embeddable":true,"href":"https:\/\/www.sexdollmini.com\/cs\/wp-json\/wp\/v2\/comments?post=16141"}],"wp:featuredmedia":[{"embeddable":true,"href":"https:\/\/www.sexdollmini.com\/cs\/wp-json\/wp\/v2\/media\/16145"}],"wp:attachment":[{"href":"https:\/\/www.sexdollmini.com\/cs\/wp-json\/wp\/v2\/media?parent=16141"}],"wp:term":[{"taxonomy":"product_brand","embeddable":true,"href":"https:\/\/www.sexdollmini.com\/cs\/wp-json\/wp\/v2\/product_brand?post=16141"},{"taxonomy":"product_cat","embeddable":true,"href":"https:\/\/www.sexdollmini.com\/cs\/wp-json\/wp\/v2\/product_cat?post=16141"},{"taxonomy":"product_tag","embeddable":true,"href":"https:\/\/www.sexdollmini.com\/cs\/wp-json\/wp\/v2\/product_tag?post=16141"}],"curies":[{"name":"wp","href":"https:\/\/api.w.org\/{rel}","templated":true}]}}