{"id":16268,"date":"2025-06-09T00:33:45","date_gmt":"2025-06-09T07:33:45","guid":{"rendered":"https:\/\/www.sexdollmini.com\/?post_type=product&#038;p=16268"},"modified":"2025-08-03T19:23:46","modified_gmt":"2025-08-04T02:23:46","slug":"orva-flat-half-body-sex-doll-torso","status":"publish","type":"product","link":"https:\/\/www.sexdollmini.com\/cs\/produkt\/orva-flat-half-body-sex-doll-torso\/","title":{"rendered":"Orva ploch\u00e1 sexu\u00e1ln\u00ed panenka s polovi\u010dn\u00edmi holkami trupu"},"content":{"rendered":"<h2>Detaily sexu\u00e1ln\u00edch panenek<\/h2>\n<p>Ploch\u00fd hrudn\u00edk sexu\u00e1ln\u00ed panenky je mezi hr\u00e1\u010di velmi obl\u00edben\u00fd a pr\u00e1v\u011b ploch\u00fd hrudn\u00edk je charakteristick\u00fdm znakem t\u00e9to panenky. Nejen\u017ee uspokoj\u00ed va\u0161e sexu\u00e1ln\u00ed pot\u0159eby, ale tak\u00e9 se stane pokladem pro sb\u011bratele. Ploch\u00fd hrudn\u00edk s polovi\u010dn\u00edm trupem sexu\u00e1ln\u00ed panenky se snadno skladuje a p\u0159en\u00e1\u0161\u00ed. Pokud se \u010dasto pot\u0159ebujete st\u011bhovat nebo cestovat, nebudete m\u00edt s p\u0159en\u00e1\u0161en\u00edm t\u00e9to panenky mnoho probl\u00e9m\u016f a polovi\u010dn\u00ed trup v\u00e1m u\u0161et\u0159\u00ed spoustu m\u00edsta.<\/p>\n<p>V\u00fd\u0161ka: 47 cm<br \/>\nPrsa: 47 cm<br \/>\nPas: 42 cm<br \/>\nObvod bok\u016f: 70 cm<br \/>\n\u0160\u00ed\u0159ka ramen: 25 cm<br \/>\nHloubka vag\u00edny: 16 cm<br \/>\nHloubka \u0159itn\u00edho otvoru: 16 cm<br \/>\n\u010cist\u00e1 hmotnost: 9 kg<br \/>\nSpecifikace krabice: 65*34*29<br \/>\nCelkov\u00e1 hmotnost: 12 kg<\/p>\n<p>&nbsp;<\/p>\n<p>Pros\u00edm, po\u010d\u00edtejte s rozd\u00edlem 2-4 cm p\u0159i ru\u010dn\u00edm m\u011b\u0159en\u00ed.<\/p>","protected":false},"excerpt":{"rendered":"<p>Tipy pro p\u00e9\u010di o sexu\u00e1ln\u00ed panenky: Nevyb\u00edrejte pro sexu\u00e1ln\u00ed panenky tmav\u00e9 oble\u010den\u00ed a vyhn\u011bte se dlouhodob\u00e9mu kontaktu tmav\u00e9ho oble\u010den\u00ed s materi\u00e1ly TPE, abyste zabr\u00e1nili jejich zne\u010di\u0161t\u011bn\u00ed.<br \/>\nPokud chcete, aby v\u00e1m sexu\u00e1ln\u00ed panenka vydr\u017eela d\u00e9le, doporu\u010duje se zvolit pro ni m\u011bkk\u00fd pol\u0161t\u00e1\u0159 a udr\u017eovat panenku v p\u0159irozen\u00e9 poloze.<\/p>","protected":false},"featured_media":16270,"comment_status":"open","ping_status":"closed","template":"","meta":[],"product_brand":[],"product_cat":[18,73,82,79,66,80,43,146,20,21,34,60,42,71,84,75,78],"product_tag":[],"class_list":{"0":"post-16268","1":"product","2":"type-product","3":"status-publish","4":"has-post-thumbnail","6":"product_cat-adult-doll","7":"product_cat-climax-doll","8":"product_cat-dolls-castle","9":"product_cat-elsa-babe","10":"product_cat-female-sex-dolls","11":"product_cat-fire-doll","12":"product_cat-flat-chested-sex-doll","13":"product_cat-half-body-sex-doll-torso","14":"product_cat-love-doll","15":"product_cat-miniature-sex-doll","16":"product_cat-petite-sex-dolls","17":"product_cat-sex-doll-torso","18":"product_cat-skinny-sex-dolls","19":"product_cat-sy-doll","20":"product_cat-tpe-sex-dolls","21":"product_cat-wm-doll","22":"product_cat-zelex-doll","24":"first","25":"instock","26":"sale","27":"shipping-taxable","28":"purchasable","29":"product-type-simple"},"_links":{"self":[{"href":"https:\/\/www.sexdollmini.com\/cs\/wp-json\/wp\/v2\/product\/16268","targetHints":{"allow":["GET"]}}],"collection":[{"href":"https:\/\/www.sexdollmini.com\/cs\/wp-json\/wp\/v2\/product"}],"about":[{"href":"https:\/\/www.sexdollmini.com\/cs\/wp-json\/wp\/v2\/types\/product"}],"replies":[{"embeddable":true,"href":"https:\/\/www.sexdollmini.com\/cs\/wp-json\/wp\/v2\/comments?post=16268"}],"wp:featuredmedia":[{"embeddable":true,"href":"https:\/\/www.sexdollmini.com\/cs\/wp-json\/wp\/v2\/media\/16270"}],"wp:attachment":[{"href":"https:\/\/www.sexdollmini.com\/cs\/wp-json\/wp\/v2\/media?parent=16268"}],"wp:term":[{"taxonomy":"product_brand","embeddable":true,"href":"https:\/\/www.sexdollmini.com\/cs\/wp-json\/wp\/v2\/product_brand?post=16268"},{"taxonomy":"product_cat","embeddable":true,"href":"https:\/\/www.sexdollmini.com\/cs\/wp-json\/wp\/v2\/product_cat?post=16268"},{"taxonomy":"product_tag","embeddable":true,"href":"https:\/\/www.sexdollmini.com\/cs\/wp-json\/wp\/v2\/product_tag?post=16268"}],"curies":[{"name":"wp","href":"https:\/\/api.w.org\/{rel}","templated":true}]}}