{"id":16370,"date":"2025-06-12T00:41:17","date_gmt":"2025-06-12T07:41:17","guid":{"rendered":"https:\/\/www.sexdollmini.com\/?post_type=product&#038;p=16370"},"modified":"2025-12-18T00:31:48","modified_gmt":"2025-12-18T08:31:48","slug":"elena-flat-female-petite-sex-doll","status":"publish","type":"product","link":"https:\/\/www.sexdollmini.com\/cs\/produkt\/elena-flat-female-petite-sex-doll\/","title":{"rendered":"Elena Ploch\u00e9 \u017eensk\u00e9 drobn\u00e9 sexu\u00e1ln\u00ed panenky"},"content":{"rendered":"<h2>Detaily sexu\u00e1ln\u00edch panenek<\/h2>\n<p>Sexu\u00e1ln\u00ed panenka m\u00e1 barvu pleti jako b\u00edl\u00fd sn\u00edh a lze si zvolit jej\u00ed v\u00fd\u0161ku. Vyberte si panenku s ploch\u00fdm hrudn\u00edkem, kter\u00e1 se v\u00e1m l\u00edb\u00ed, abyste si \u017eivot ud\u011blali zaj\u00edmav\u011bj\u0161\u00ed. Za tepl\u00e9 noci m\u00e1te na sob\u011b py\u017eamo, le\u017e\u00edte na posteli, sd\u00edl\u00edte sv\u00e9 ned\u00e1vn\u00e9 my\u0161lenky s drobnou sexpanenkou, vzpom\u00edn\u00e1te na minul\u00e9 trapnosti nebo le\u017e\u00edte na posteli a sledujete film s pornografickou sexpanenkou. V tuto chv\u00edli se zd\u00e1, \u017ee sv\u011bt pat\u0159\u00ed jen v\u00e1m a sexpanence.<\/p>\n<p>&nbsp;<\/p>\n<p>V\u00fd\u0161ka: 100 cm<br \/>\nPrsa: 47 cm<br \/>\nPas: 38 cm<br \/>\nObvod bok\u016f: 59 cm<br \/>\nHloubka \u0159itn\u00edho otvoru: 11 cm<br \/>\nHloubka vag\u00edny: 14 cm<br \/>\nHloubka \u00fast\u00ed: 10 cm<br \/>\n\u010cist\u00e1 hmotnost: 13 kg<br \/>\nCelkov\u00e1 hmotnost: 15 kg<\/p>\n<p>&nbsp;<\/p>\n<p>V\u00fd\u0161ka: 125 cm<br \/>\nPrsa: 57 cm<br \/>\nPas: 42 cm<br \/>\nObvod bok\u016f: 62 cm<br \/>\nHloubka \u0159itn\u00edho otvoru: 16 cm<br \/>\nHloubka vag\u00edny: 17 cm<br \/>\nHloubka \u00fast\u00ed: 12 cm<br \/>\n\u010cist\u00e1 hmotnost: 17 kg<br \/>\nCelkov\u00e1 hmotnost: 20 kg<\/p>\n<p>&nbsp;<\/p>\n<p>&nbsp;<\/p>\n<p>Pros\u00edm, po\u010d\u00edtejte s rozd\u00edlem 2-4 cm p\u0159i ru\u010dn\u00edm m\u011b\u0159en\u00ed.<\/p>","protected":false},"excerpt":{"rendered":"<p>A\u0165 u\u017e pl\u00e1nujete do budoucna v\u00fdlet s drobnou sexu\u00e1ln\u00ed panenkou, fantaz\u00edrujete o mal\u00e9m dom\u011b se sexu\u00e1ln\u00ed panenkou, nebo prost\u011b jen p\u0159em\u00fd\u0161l\u00edte, \u201eco si z\u00edtra po\u010d\u00edt s pornografickou sexu\u00e1ln\u00ed panenkou\u201c, tato mal\u00e1 o\u010dek\u00e1v\u00e1n\u00ed v\u00e1m zp\u0159\u00edjemn\u00ed ka\u017edodenn\u00ed dny.<\/p>","protected":false},"featured_media":16379,"comment_status":"open","ping_status":"closed","template":"","meta":[],"product_brand":[],"product_cat":[53,56,57,74,18,81,24,27,23,64,70,28,65,30,38,73,41,82,79,62,26,39,66,80,43,40,31,69,32,77,25,33,29,20,21,34,72,19,42,44,71,76,36,35,84,63,61,75,37,78],"product_tag":[],"class_list":{"0":"post-16370","1":"product","2":"type-product","3":"status-publish","4":"has-post-thumbnail","6":"product_cat-100cm-sex-dolls","7":"product_cat-120cm-sex-dolls","8":"product_cat-125cm-sex-dolls","9":"product_cat-6ye-doll","10":"product_cat-adult-doll","11":"product_cat-aibei-doll","12":"product_cat-american-sex-doll","13":"product_cat-anime-sex-dolls","14":"product_cat-asian-sex-doll","15":"product_cat-australia-stock-sex-doll","16":"product_cat-axb-doll","17":"product_cat-blonde-sex-doll","18":"product_cat-canada-stock-sex-doll","19":"product_cat-cheap-sex-doll","20":"product_cat-chubby-sex-dolls","21":"product_cat-climax-doll","22":"product_cat-curvy-sex-dolls","23":"product_cat-dolls-castle","24":"product_cat-elsa-babe","25":"product_cat-eu-stock-sex-doll","26":"product_cat-european-sex-dolls","27":"product_cat-fantasy-sex-doll","28":"product_cat-female-sex-dolls","29":"product_cat-fire-doll","30":"product_cat-flat-chested-sex-doll","31":"product_cat-full-body-sex-dolls","32":"product_cat-full-size-sex-dolls","33":"product_cat-girl-sex-dolls","34":"product_cat-hentai-sex-dolls","35":"product_cat-irontech-sex-dolls","36":"product_cat-japanese-sex-dolls","37":"product_cat-life-like-sex-dolls","38":"product_cat-life-size-sex-dolls","39":"product_cat-love-doll","40":"product_cat-miniature-sex-doll","41":"product_cat-petite-sex-dolls","42":"product_cat-qita-doll","43":"product_cat-real-doll","44":"product_cat-skinny-sex-dolls","45":"product_cat-small-breast-sex-doll","46":"product_cat-sy-doll","47":"product_cat-tantaly-sex-doll","48":"product_cat-teen-sex-dolls","49":"product_cat-tiny-sex-dolls","50":"product_cat-tpe-sex-dolls","51":"product_cat-uk-stock-sex-doll","52":"product_cat-us-stock-sex-dolls","53":"product_cat-wm-doll","54":"product_cat-young-sex-dolls","55":"product_cat-zelex-doll","57":"first","58":"instock","59":"sale","60":"shipping-taxable","61":"purchasable","62":"product-type-variable","63":"has-default-attributes"},"_links":{"self":[{"href":"https:\/\/www.sexdollmini.com\/cs\/wp-json\/wp\/v2\/product\/16370","targetHints":{"allow":["GET"]}}],"collection":[{"href":"https:\/\/www.sexdollmini.com\/cs\/wp-json\/wp\/v2\/product"}],"about":[{"href":"https:\/\/www.sexdollmini.com\/cs\/wp-json\/wp\/v2\/types\/product"}],"replies":[{"embeddable":true,"href":"https:\/\/www.sexdollmini.com\/cs\/wp-json\/wp\/v2\/comments?post=16370"}],"wp:featuredmedia":[{"embeddable":true,"href":"https:\/\/www.sexdollmini.com\/cs\/wp-json\/wp\/v2\/media\/16379"}],"wp:attachment":[{"href":"https:\/\/www.sexdollmini.com\/cs\/wp-json\/wp\/v2\/media?parent=16370"}],"wp:term":[{"taxonomy":"product_brand","embeddable":true,"href":"https:\/\/www.sexdollmini.com\/cs\/wp-json\/wp\/v2\/product_brand?post=16370"},{"taxonomy":"product_cat","embeddable":true,"href":"https:\/\/www.sexdollmini.com\/cs\/wp-json\/wp\/v2\/product_cat?post=16370"},{"taxonomy":"product_tag","embeddable":true,"href":"https:\/\/www.sexdollmini.com\/cs\/wp-json\/wp\/v2\/product_tag?post=16370"}],"curies":[{"name":"wp","href":"https:\/\/api.w.org\/{rel}","templated":true}]}}