{"id":16403,"date":"2025-06-12T02:23:18","date_gmt":"2025-06-12T09:23:18","guid":{"rendered":"https:\/\/www.sexdollmini.com\/?post_type=product&#038;p=16403"},"modified":"2025-10-22T22:01:13","modified_gmt":"2025-10-23T05:01:13","slug":"nell-108cm-bbw-europe-sex-doll","status":"publish","type":"product","link":"https:\/\/www.sexdollmini.com\/cs\/produkt\/nell-108cm-bbw-europe-sex-doll\/","title":{"rendered":"Nell 108cm BBW evropsk\u00e1 sexu\u00e1ln\u00ed panenka"},"content":{"rendered":"<h2>Detaily sexu\u00e1ln\u00edch panenek<\/h2>\n<p>Tato 108 cm vysok\u00e1 sex panenka Nell je \u017eena v dom\u00e1cnosti a nem\u00e1 \u017e\u00e1dnou pr\u00e1ci. Sex panenky s vysok\u00fdmi prsy ka\u017ed\u00fd den jen \u010dekaj\u00ed, a\u017e se vr\u00e1t\u00edte dom\u016f, poslouchaj\u00ed, co \u0159\u00edk\u00e1te, vyd\u00e1vaj\u00ed se jen na v\u00e1s, aby v\u00e1m poskytly sexu\u00e1ln\u00ed slu\u017eby a sna\u017eily se chovat jako kvalifikovan\u00e1 spole\u010dnice. Evropsk\u00e1 sex panenka m\u00e1 b\u00e9\u017eovou ple\u0165, jej\u00ed barva pleti se bl\u00ed\u017e\u00ed skute\u010dn\u00e9 osob\u011b a jej\u00ed dotek je velmi realistick\u00fd.<\/p>\n<p>V\u00fd\u0161ka: 108 cm<br \/>\nPrsa: 81 cm<br \/>\nPas: 46 cm<br \/>\nBoky: 80 cm<br \/>\n\u010cist\u00e1 hmotnost: 22 kg<br \/>\nCelkov\u00e1 hmotnost: 26 kg<br \/>\nBalen\u00ed 100*36*26 cm<br \/>\nD\u00e9lka vag\u00edny: 15 cm<br \/>\n\u0158i\u0165: 13 cm<br \/>\nOr\u00e1ln\u00ed sex: 10 cm<\/p>\n<p>&nbsp;<\/p>\n<p>Pros\u00edm, po\u010d\u00edtejte s rozd\u00edlem 2-4 cm p\u0159i ru\u010dn\u00edm m\u011b\u0159en\u00ed.<\/p>","protected":false},"excerpt":{"rendered":"<p>Tato 108 cm vysok\u00e1 sex panenka m\u00e1 uvnit\u0159 t\u011bla kovov\u00e9 kostrov\u00e9 no\u017ei\u010dky, tak\u017ee tyto drobn\u00e9 dopl\u0148ky nepodce\u0148ujte. Nepodce\u0148ujte je, mohou podpo\u0159it plno\u0161t\u00edhlou sex panenku p\u0159i mnoha pohybech.<\/p>","protected":false},"featured_media":16410,"comment_status":"open","ping_status":"closed","template":"","meta":[],"product_brand":[],"product_cat":[54,74,18,81,24,27,23,70,22,28,30,38,73,41,82,79,62,26,39,66,80,40,31,69,32,77,25,33,29,20,148,72,19,71,76,36,35,84,61,75,37,78],"product_tag":[],"class_list":{"0":"post-16403","1":"product","2":"type-product","3":"status-publish","4":"has-post-thumbnail","6":"product_cat-108cm-sex-dolls","7":"product_cat-6ye-doll","8":"product_cat-adult-doll","9":"product_cat-aibei-doll","10":"product_cat-american-sex-doll","11":"product_cat-anime-sex-dolls","12":"product_cat-asian-sex-doll","13":"product_cat-axb-doll","14":"product_cat-bbw-sex-doll","15":"product_cat-blonde-sex-doll","16":"product_cat-cheap-sex-doll","17":"product_cat-chubby-sex-dolls","18":"product_cat-climax-doll","19":"product_cat-curvy-sex-dolls","20":"product_cat-dolls-castle","21":"product_cat-elsa-babe","22":"product_cat-eu-stock-sex-doll","23":"product_cat-european-sex-dolls","24":"product_cat-fantasy-sex-doll","25":"product_cat-female-sex-dolls","26":"product_cat-fire-doll","27":"product_cat-full-body-sex-dolls","28":"product_cat-full-size-sex-dolls","29":"product_cat-girl-sex-dolls","30":"product_cat-hentai-sex-dolls","31":"product_cat-irontech-sex-dolls","32":"product_cat-japanese-sex-dolls","33":"product_cat-life-like-sex-dolls","34":"product_cat-life-size-sex-dolls","35":"product_cat-love-doll","36":"product_cat-midget-sex-doll","37":"product_cat-qita-doll","38":"product_cat-real-doll","39":"product_cat-sy-doll","40":"product_cat-tantaly-sex-doll","41":"product_cat-teen-sex-dolls","42":"product_cat-tiny-sex-dolls","43":"product_cat-tpe-sex-dolls","44":"product_cat-us-stock-sex-dolls","45":"product_cat-wm-doll","46":"product_cat-young-sex-dolls","47":"product_cat-zelex-doll","49":"first","50":"instock","51":"sale","52":"shipping-taxable","53":"purchasable","54":"product-type-simple"},"_links":{"self":[{"href":"https:\/\/www.sexdollmini.com\/cs\/wp-json\/wp\/v2\/product\/16403","targetHints":{"allow":["GET"]}}],"collection":[{"href":"https:\/\/www.sexdollmini.com\/cs\/wp-json\/wp\/v2\/product"}],"about":[{"href":"https:\/\/www.sexdollmini.com\/cs\/wp-json\/wp\/v2\/types\/product"}],"replies":[{"embeddable":true,"href":"https:\/\/www.sexdollmini.com\/cs\/wp-json\/wp\/v2\/comments?post=16403"}],"wp:featuredmedia":[{"embeddable":true,"href":"https:\/\/www.sexdollmini.com\/cs\/wp-json\/wp\/v2\/media\/16410"}],"wp:attachment":[{"href":"https:\/\/www.sexdollmini.com\/cs\/wp-json\/wp\/v2\/media?parent=16403"}],"wp:term":[{"taxonomy":"product_brand","embeddable":true,"href":"https:\/\/www.sexdollmini.com\/cs\/wp-json\/wp\/v2\/product_brand?post=16403"},{"taxonomy":"product_cat","embeddable":true,"href":"https:\/\/www.sexdollmini.com\/cs\/wp-json\/wp\/v2\/product_cat?post=16403"},{"taxonomy":"product_tag","embeddable":true,"href":"https:\/\/www.sexdollmini.com\/cs\/wp-json\/wp\/v2\/product_tag?post=16403"}],"curies":[{"name":"wp","href":"https:\/\/api.w.org\/{rel}","templated":true}]}}