{"id":16525,"date":"2025-06-12T23:54:55","date_gmt":"2025-06-13T06:54:55","guid":{"rendered":"https:\/\/www.sexdollmini.com\/?post_type=product&#038;p=16525"},"modified":"2025-11-13T00:24:14","modified_gmt":"2025-11-13T08:24:14","slug":"perfect-flexible-flat-sex-doll-torso","status":"publish","type":"product","link":"https:\/\/www.sexdollmini.com\/cs\/produkt\/perfect-flexible-flat-sex-doll-torso\/","title":{"rendered":"Dokonal\u00e1 flexibiln\u00ed ploch\u00e1 sexu\u00e1ln\u00ed panenka trup"},"content":{"rendered":"<h2>Detaily sexu\u00e1ln\u00edch panenek<\/h2>\n<p>Torzo sexu\u00e1ln\u00ed panenky s ploch\u00fdm hrudn\u00edkem m\u00e1 uvnit\u0159 kovov\u00fd kostern\u00ed syst\u00e9m a jedn\u00e1 se o flexibiln\u00ed torzo s ploch\u00fdm hrudn\u00edkem. Torzo sexu\u00e1ln\u00ed panenky s ploch\u00fdm hrudn\u00edkem je velmi speci\u00e1ln\u00ed a vhodn\u00e9 pro sb\u011bratele. Pokud \u010dasto cestujete, je velmi snadn\u00e9 si toto torzo sexu\u00e1ln\u00ed panenky vz\u00edt s sebou. Je st\u0159edn\u011b t\u011b\u017ek\u00e9 a snadno se skladuje.<\/p>\n<p>V\u00fd\u0161ka: 61 cm<br \/>\nPrsa: 57 cm<br \/>\nPas: 51 cm<br \/>\nBoky: 69 cm<br \/>\nVagin\u00e1ln\u00ed hloubka: 14 cm<br \/>\nAn\u00e1ln\u00ed hloubka: 13 cm<br \/>\nHmotnost: 12 kg<br \/>\nBalen\u00ed: 65*33*21 cm<\/p>\n<p>&nbsp;<\/p>\n<p>Pros\u00edm, po\u010d\u00edtejte s rozd\u00edlem 2-4 cm p\u0159i ru\u010dn\u00edm m\u011b\u0159en\u00ed.<\/p>","protected":false},"excerpt":{"rendered":"<p>Pokud nem\u00e1te velk\u00fd rozpo\u010det na n\u00e1kup sexu\u00e1ln\u00edch panenek, m\u016f\u017eete zv\u00e1\u017eit tuto sexu\u00e1ln\u00ed panenku s ploch\u00fdm hrudn\u00edkem. Nen\u00ed ani lehk\u00e1, ani t\u011b\u017ek\u00e1 a m\u016f\u017ee v\u00e1m poskytnout dobr\u00fd sexu\u00e1ln\u00ed z\u00e1\u017eitek.<\/p>","protected":false},"featured_media":16526,"comment_status":"open","ping_status":"closed","template":"","meta":[],"product_brand":[],"product_cat":[73,66,43,146,60,84],"product_tag":[],"class_list":{"0":"post-16525","1":"product","2":"type-product","3":"status-publish","4":"has-post-thumbnail","6":"product_cat-climax-doll","7":"product_cat-female-sex-dolls","8":"product_cat-flat-chested-sex-doll","9":"product_cat-half-body-sex-doll-torso","10":"product_cat-sex-doll-torso","11":"product_cat-tpe-sex-dolls","13":"first","14":"instock","15":"sale","16":"shipping-taxable","17":"purchasable","18":"product-type-simple"},"_links":{"self":[{"href":"https:\/\/www.sexdollmini.com\/cs\/wp-json\/wp\/v2\/product\/16525","targetHints":{"allow":["GET"]}}],"collection":[{"href":"https:\/\/www.sexdollmini.com\/cs\/wp-json\/wp\/v2\/product"}],"about":[{"href":"https:\/\/www.sexdollmini.com\/cs\/wp-json\/wp\/v2\/types\/product"}],"replies":[{"embeddable":true,"href":"https:\/\/www.sexdollmini.com\/cs\/wp-json\/wp\/v2\/comments?post=16525"}],"wp:featuredmedia":[{"embeddable":true,"href":"https:\/\/www.sexdollmini.com\/cs\/wp-json\/wp\/v2\/media\/16526"}],"wp:attachment":[{"href":"https:\/\/www.sexdollmini.com\/cs\/wp-json\/wp\/v2\/media?parent=16525"}],"wp:term":[{"taxonomy":"product_brand","embeddable":true,"href":"https:\/\/www.sexdollmini.com\/cs\/wp-json\/wp\/v2\/product_brand?post=16525"},{"taxonomy":"product_cat","embeddable":true,"href":"https:\/\/www.sexdollmini.com\/cs\/wp-json\/wp\/v2\/product_cat?post=16525"},{"taxonomy":"product_tag","embeddable":true,"href":"https:\/\/www.sexdollmini.com\/cs\/wp-json\/wp\/v2\/product_tag?post=16525"}],"curies":[{"name":"wp","href":"https:\/\/api.w.org\/{rel}","templated":true}]}}