{"id":16595,"date":"2025-06-25T01:21:25","date_gmt":"2025-06-25T08:21:25","guid":{"rendered":"https:\/\/www.sexdollmini.com\/?post_type=product&#038;p=16595"},"modified":"2026-05-09T13:57:35","modified_gmt":"2026-05-09T20:57:35","slug":"aurelie-young-full-body-sex-doll","status":"publish","type":"product","link":"https:\/\/www.sexdollmini.com\/cs\/produkt\/aurelie-young-full-body-sex-doll\/","title":{"rendered":"Coraline Mlad\u00fd Celot\u011blov\u00e1 sexu\u00e1ln\u00ed panenka"},"content":{"rendered":"<h2>Detaily sexu\u00e1ln\u00edch panenek<\/h2>\n<p>Tato mlad\u00e1 a kypr\u00e1 sexu\u00e1ln\u00ed panenka m\u011b\u0159\u00ed 100 cm a m\u00e1 b\u00edlou ple\u0165. Je j\u00ed 22 let a ze studentky se stala st\u00e1\u017eistka ve firm\u011b. Je to modelka na st\u00e1\u017eistce s pln\u011bj\u0161\u00ed postavou. M\u016f\u017ee p\u00f3zovat mnoha zp\u016fsoby, abyste mohli po\u0159izovat r\u016fzn\u00e9 akce a fotografie. B\u011bhem focen\u00ed na ni m\u016f\u017eete aplikovat r\u016fzn\u00e9 make-upov\u00e9 prvky, abyste mohli doc\u00edlit r\u016fzn\u00fdch modelingov\u00fdch styl\u016f.<\/p>\n<p>V\u00fd\u0161ka: 100 cm<br \/>\nPrsa: 65 cm<br \/>\nPas: 50 cm<br \/>\nObvod bok\u016f: 67 cm<br \/>\nHloubka \u0159itn\u00edho otvoru: 13 cm<br \/>\nHloubka vag\u00edny: 13 cm<br \/>\nHloubka \u00fast\u00ed: 10 cm<br \/>\n\u010cist\u00e1 hmotnost: 14 kg<br \/>\nCelkov\u00e1 hmotnost: 17 kg<\/p>\n<p>&nbsp;<\/p>\n<p>Pros\u00edm, po\u010d\u00edtejte s rozd\u00edlem 2-4 cm p\u0159i ru\u010dn\u00edm m\u011b\u0159en\u00ed.<\/p>","protected":false},"excerpt":{"rendered":"<p>Celot\u011blov\u00e9 sex panenky snadno zvl\u00e1dnou r\u016fzn\u00e9 styly \u00fapravy a l\u00ed\u010den\u00ed. Na sex panenky m\u016f\u017eete aplikovat r\u016fzn\u00e9 styly l\u00ed\u010den\u00ed, abyste jim dodali velkou prom\u011bnu.<\/p>","protected":false},"featured_media":16604,"comment_status":"open","ping_status":"closed","template":"","meta":[],"product_brand":[],"product_cat":[53,74,18,81,24,27,23,64,70,28,65,30,38,73,41,82,79,62,26,39,66,80,40,31,69,32,77,25,33,29,20,21,34,72,19,42,71,76,36,35,84,63,61,75,37,78],"product_tag":[],"class_list":{"0":"post-16595","1":"product","2":"type-product","3":"status-publish","4":"has-post-thumbnail","6":"product_cat-100cm-sex-dolls","7":"product_cat-6ye-doll","8":"product_cat-adult-doll","9":"product_cat-aibei-doll","10":"product_cat-american-sex-doll","11":"product_cat-anime-sex-dolls","12":"product_cat-asian-sex-doll","13":"product_cat-australia-stock-sex-doll","14":"product_cat-axb-doll","15":"product_cat-blonde-sex-doll","16":"product_cat-canada-stock-sex-doll","17":"product_cat-cheap-sex-doll","18":"product_cat-chubby-sex-dolls","19":"product_cat-climax-doll","20":"product_cat-curvy-sex-dolls","21":"product_cat-dolls-castle","22":"product_cat-elsa-babe","23":"product_cat-eu-stock-sex-doll","24":"product_cat-european-sex-dolls","25":"product_cat-fantasy-sex-doll","26":"product_cat-female-sex-dolls","27":"product_cat-fire-doll","28":"product_cat-full-body-sex-dolls","29":"product_cat-full-size-sex-dolls","30":"product_cat-girl-sex-dolls","31":"product_cat-hentai-sex-dolls","32":"product_cat-irontech-sex-dolls","33":"product_cat-japanese-sex-dolls","34":"product_cat-life-like-sex-dolls","35":"product_cat-life-size-sex-dolls","36":"product_cat-love-doll","37":"product_cat-miniature-sex-doll","38":"product_cat-petite-sex-dolls","39":"product_cat-qita-doll","40":"product_cat-real-doll","41":"product_cat-skinny-sex-dolls","42":"product_cat-sy-doll","43":"product_cat-tantaly-sex-doll","44":"product_cat-teen-sex-dolls","45":"product_cat-tiny-sex-dolls","46":"product_cat-tpe-sex-dolls","47":"product_cat-uk-stock-sex-doll","48":"product_cat-us-stock-sex-dolls","49":"product_cat-wm-doll","50":"product_cat-young-sex-dolls","51":"product_cat-zelex-doll","53":"first","54":"instock","55":"sale","56":"shipping-taxable","57":"purchasable","58":"product-type-simple"},"_links":{"self":[{"href":"https:\/\/www.sexdollmini.com\/cs\/wp-json\/wp\/v2\/product\/16595","targetHints":{"allow":["GET"]}}],"collection":[{"href":"https:\/\/www.sexdollmini.com\/cs\/wp-json\/wp\/v2\/product"}],"about":[{"href":"https:\/\/www.sexdollmini.com\/cs\/wp-json\/wp\/v2\/types\/product"}],"replies":[{"embeddable":true,"href":"https:\/\/www.sexdollmini.com\/cs\/wp-json\/wp\/v2\/comments?post=16595"}],"wp:featuredmedia":[{"embeddable":true,"href":"https:\/\/www.sexdollmini.com\/cs\/wp-json\/wp\/v2\/media\/16604"}],"wp:attachment":[{"href":"https:\/\/www.sexdollmini.com\/cs\/wp-json\/wp\/v2\/media?parent=16595"}],"wp:term":[{"taxonomy":"product_brand","embeddable":true,"href":"https:\/\/www.sexdollmini.com\/cs\/wp-json\/wp\/v2\/product_brand?post=16595"},{"taxonomy":"product_cat","embeddable":true,"href":"https:\/\/www.sexdollmini.com\/cs\/wp-json\/wp\/v2\/product_cat?post=16595"},{"taxonomy":"product_tag","embeddable":true,"href":"https:\/\/www.sexdollmini.com\/cs\/wp-json\/wp\/v2\/product_tag?post=16595"}],"curies":[{"name":"wp","href":"https:\/\/api.w.org\/{rel}","templated":true}]}}