{"id":16621,"date":"2025-06-25T05:58:54","date_gmt":"2025-06-25T12:58:54","guid":{"rendered":"https:\/\/www.sexdollmini.com\/?post_type=product&#038;p=16621"},"modified":"2025-12-18T00:19:19","modified_gmt":"2025-12-18T08:19:19","slug":"leal-140cm-boy-dildo-sex-doll","status":"publish","type":"product","link":"https:\/\/www.sexdollmini.com\/cs\/produkt\/leal-140cm-boy-dildo-sex-doll\/","title":{"rendered":"Sexu\u00e1ln\u00ed panenka s dildem Leal 140 cm pro chlapce"},"content":{"rendered":"<h2>Detaily sexu\u00e1ln\u00edch panenek<\/h2>\n<p>Toto je 140cm hn\u011bd\u00e1 sexu\u00e1ln\u00ed panenka Leal boy. Jeho k\u016f\u017ee vypad\u00e1 pod siln\u00fdm sv\u011btlem obzvl\u00e1\u0161t\u011b b\u00edle. Mu\u017esk\u00e1 sexu\u00e1ln\u00ed panenka vypad\u00e1 obzvl\u00e1\u0161t\u011b jemn\u011b a jej\u00ed n\u011b\u017en\u00e1 tv\u00e1\u0159 trochu stydliv\u011b. Mu\u017esk\u00e1 sexu\u00e1ln\u00ed panenka m\u00e1 odn\u00edmateln\u00fd penis a vzty\u010den\u00fd penis vypad\u00e1 \u00fa\u017easn\u011b. Anus a \u00fasta sexu\u00e1ln\u00ed panenky lze pou\u017e\u00edt, je vhodn\u00e1 pro v\u0161echny typy mu\u017e\u016f a \u017een.<\/p>\n<p>V\u00fd\u0161ka: 140 cm<br \/>\n\u010cist\u00e1 hmotnost: 30 kg<br \/>\nMateri\u00e1l: TPE s kovovou kostrou<br \/>\nPrsa: 55 cm<br \/>\nPas: 48 cm<br \/>\nObvod bok\u016f: 70 cm<br \/>\nD\u00e9lka penisu: 16 cm * 4 cm<br \/>\nHloubka \u00fastn\u00ed dutiny: 12 cm<br \/>\nHloubka an\u00e1ln\u00edho otvoru: 17 cm<br \/>\nSpecifikace balen\u00ed: 130*36*26<\/p>\n<p>&nbsp;<\/p>\n<p>Pros\u00edm, po\u010d\u00edtejte s rozd\u00edlem 2-4 cm p\u0159i ru\u010dn\u00edm m\u011b\u0159en\u00ed.<\/p>","protected":false},"excerpt":{"rendered":"<p>Mu\u017esk\u00e1 sexu\u00e1ln\u00ed panenka je st\u0159edn\u00ed v\u00fd\u0161ky a v\u00e1\u017e\u00ed p\u0159ibli\u017en\u011b 30 kg. Ani pro d\u00e1my nen\u00ed pot\u0159eba velk\u00e9 \u00fasil\u00ed k jej\u00edmu p\u0159em\u00edst\u011bn\u00ed. Sexu\u00e1ln\u00ed panenku si tak\u00e9 m\u016f\u017eete snadno ulo\u017eit do sk\u0159\u00edn\u011b.<\/p>","protected":false},"featured_media":16624,"comment_status":"open","ping_status":"closed","template":"","meta":[],"product_brand":[],"product_cat":[59,74,18,81,24,27,23,70,28,68,30,73,41,82,79,39,80,40,31,32,77,25,33,29,20,67,21,34,72,19,42,71,76,36,35,84,75,37,78],"product_tag":[],"class_list":{"0":"post-16621","1":"product","2":"type-product","3":"status-publish","4":"has-post-thumbnail","6":"product_cat-140cm-sex-dolls","7":"product_cat-6ye-doll","8":"product_cat-adult-doll","9":"product_cat-aibei-doll","10":"product_cat-american-sex-doll","11":"product_cat-anime-sex-dolls","12":"product_cat-asian-sex-doll","13":"product_cat-axb-doll","14":"product_cat-blonde-sex-doll","15":"product_cat-boy-sex-dolls","16":"product_cat-cheap-sex-doll","17":"product_cat-climax-doll","18":"product_cat-curvy-sex-dolls","19":"product_cat-dolls-castle","20":"product_cat-elsa-babe","21":"product_cat-fantasy-sex-doll","22":"product_cat-fire-doll","23":"product_cat-full-body-sex-dolls","24":"product_cat-full-size-sex-dolls","25":"product_cat-hentai-sex-dolls","26":"product_cat-irontech-sex-dolls","27":"product_cat-japanese-sex-dolls","28":"product_cat-life-like-sex-dolls","29":"product_cat-life-size-sex-dolls","30":"product_cat-love-doll","31":"product_cat-male-sex-dolls","32":"product_cat-miniature-sex-doll","33":"product_cat-petite-sex-dolls","34":"product_cat-qita-doll","35":"product_cat-real-doll","36":"product_cat-skinny-sex-dolls","37":"product_cat-sy-doll","38":"product_cat-tantaly-sex-doll","39":"product_cat-teen-sex-dolls","40":"product_cat-tiny-sex-dolls","41":"product_cat-tpe-sex-dolls","42":"product_cat-wm-doll","43":"product_cat-young-sex-dolls","44":"product_cat-zelex-doll","46":"first","47":"instock","48":"sale","49":"shipping-taxable","50":"purchasable","51":"product-type-simple"},"_links":{"self":[{"href":"https:\/\/www.sexdollmini.com\/cs\/wp-json\/wp\/v2\/product\/16621","targetHints":{"allow":["GET"]}}],"collection":[{"href":"https:\/\/www.sexdollmini.com\/cs\/wp-json\/wp\/v2\/product"}],"about":[{"href":"https:\/\/www.sexdollmini.com\/cs\/wp-json\/wp\/v2\/types\/product"}],"replies":[{"embeddable":true,"href":"https:\/\/www.sexdollmini.com\/cs\/wp-json\/wp\/v2\/comments?post=16621"}],"wp:featuredmedia":[{"embeddable":true,"href":"https:\/\/www.sexdollmini.com\/cs\/wp-json\/wp\/v2\/media\/16624"}],"wp:attachment":[{"href":"https:\/\/www.sexdollmini.com\/cs\/wp-json\/wp\/v2\/media?parent=16621"}],"wp:term":[{"taxonomy":"product_brand","embeddable":true,"href":"https:\/\/www.sexdollmini.com\/cs\/wp-json\/wp\/v2\/product_brand?post=16621"},{"taxonomy":"product_cat","embeddable":true,"href":"https:\/\/www.sexdollmini.com\/cs\/wp-json\/wp\/v2\/product_cat?post=16621"},{"taxonomy":"product_tag","embeddable":true,"href":"https:\/\/www.sexdollmini.com\/cs\/wp-json\/wp\/v2\/product_tag?post=16621"}],"curies":[{"name":"wp","href":"https:\/\/api.w.org\/{rel}","templated":true}]}}