{"id":16679,"date":"2025-06-28T07:00:52","date_gmt":"2025-06-28T14:00:52","guid":{"rendered":"https:\/\/www.sexdollmini.com\/?post_type=product&#038;p=16679"},"modified":"2025-07-14T23:53:08","modified_gmt":"2025-07-15T06:53:08","slug":"chuck-140cm-man-fuck-sex-doll","status":"publish","type":"product","link":"https:\/\/www.sexdollmini.com\/cs\/produkt\/chuck-140cm-man-fuck-sex-doll\/","title":{"rendered":"Chuck 140 cm mu\u017esk\u00e1 sexu\u00e1ln\u00ed panenka"},"content":{"rendered":"<h2>Detaily sexu\u00e1ln\u00edch panenek<\/h2>\n<p>Mu\u017esk\u00e9 TPE sex panenky jsou nejlep\u0161\u00edmi lidsk\u00fdmi modely a jsou ide\u00e1ln\u00ed pro mal\u00ed\u0159e, fotografy a socha\u0159e. V\u00fd\u0161ka mu\u017esk\u00fdch sex panenek je 140 cm a snadno se udr\u017euj\u00ed. Drobn\u00e1 postava se snadno p\u00f3zuje v jedine\u010dn\u00fdch pozic\u00edch a m\u016f\u017ee inspirovat tv\u016frce.<\/p>\n<p>V\u00fd\u0161ka: 140 cm<br \/>\n\u010cist\u00e1 hmotnost: 30 kg<br \/>\nMateri\u00e1l: TPE s kovovou kostrou<br \/>\nPrsa: 55 cm<br \/>\nPas: 48 cm<br \/>\nObvod bok\u016f: 70 cm<br \/>\nD\u00e9lka penisu: 16 cm * 4 cm<br \/>\nHloubka \u00fastn\u00ed dutiny: 12 cm<br \/>\nHloubka an\u00e1ln\u00edho otvoru: 17 cm<br \/>\nSpecifikace balen\u00ed: 130*36*26<\/p>\n<p>&nbsp;<\/p>\n<p>Pros\u00edm, po\u010d\u00edtejte s rozd\u00edlem 2-4 cm p\u0159i ru\u010dn\u00edm m\u011b\u0159en\u00ed.<\/p>","protected":false},"excerpt":{"rendered":"<p>Na\u0161e sexu\u00e1ln\u00ed panenky si m\u016f\u017eete koupit s d\u016fv\u011brou, jsou diskr\u00e9tn\u011b zabalen\u00e9 a doru\u010den\u00ed je po celou dobu d\u016fv\u011brn\u00e9.<\/p>","protected":false},"featured_media":16685,"comment_status":"open","ping_status":"closed","template":"","meta":[],"product_brand":[],"product_cat":[59,74,18,81,24,27,23,70,28,68,30,73,41,82,79,39,80,40,31,32,77,25,33,29,20,67,148,21,34,72,19,42,71,76,36,35,84,75,37,78],"product_tag":[],"class_list":{"0":"post-16679","1":"product","2":"type-product","3":"status-publish","4":"has-post-thumbnail","6":"product_cat-140cm-sex-dolls","7":"product_cat-6ye-doll","8":"product_cat-adult-doll","9":"product_cat-aibei-doll","10":"product_cat-american-sex-doll","11":"product_cat-anime-sex-dolls","12":"product_cat-asian-sex-doll","13":"product_cat-axb-doll","14":"product_cat-blonde-sex-doll","15":"product_cat-boy-sex-dolls","16":"product_cat-cheap-sex-doll","17":"product_cat-climax-doll","18":"product_cat-curvy-sex-dolls","19":"product_cat-dolls-castle","20":"product_cat-elsa-babe","21":"product_cat-fantasy-sex-doll","22":"product_cat-fire-doll","23":"product_cat-full-body-sex-dolls","24":"product_cat-full-size-sex-dolls","25":"product_cat-hentai-sex-dolls","26":"product_cat-irontech-sex-dolls","27":"product_cat-japanese-sex-dolls","28":"product_cat-life-like-sex-dolls","29":"product_cat-life-size-sex-dolls","30":"product_cat-love-doll","31":"product_cat-male-sex-dolls","32":"product_cat-midget-sex-doll","33":"product_cat-miniature-sex-doll","34":"product_cat-petite-sex-dolls","35":"product_cat-qita-doll","36":"product_cat-real-doll","37":"product_cat-skinny-sex-dolls","38":"product_cat-sy-doll","39":"product_cat-tantaly-sex-doll","40":"product_cat-teen-sex-dolls","41":"product_cat-tiny-sex-dolls","42":"product_cat-tpe-sex-dolls","43":"product_cat-wm-doll","44":"product_cat-young-sex-dolls","45":"product_cat-zelex-doll","47":"first","48":"instock","49":"sale","50":"shipping-taxable","51":"purchasable","52":"product-type-simple"},"_links":{"self":[{"href":"https:\/\/www.sexdollmini.com\/cs\/wp-json\/wp\/v2\/product\/16679","targetHints":{"allow":["GET"]}}],"collection":[{"href":"https:\/\/www.sexdollmini.com\/cs\/wp-json\/wp\/v2\/product"}],"about":[{"href":"https:\/\/www.sexdollmini.com\/cs\/wp-json\/wp\/v2\/types\/product"}],"replies":[{"embeddable":true,"href":"https:\/\/www.sexdollmini.com\/cs\/wp-json\/wp\/v2\/comments?post=16679"}],"wp:featuredmedia":[{"embeddable":true,"href":"https:\/\/www.sexdollmini.com\/cs\/wp-json\/wp\/v2\/media\/16685"}],"wp:attachment":[{"href":"https:\/\/www.sexdollmini.com\/cs\/wp-json\/wp\/v2\/media?parent=16679"}],"wp:term":[{"taxonomy":"product_brand","embeddable":true,"href":"https:\/\/www.sexdollmini.com\/cs\/wp-json\/wp\/v2\/product_brand?post=16679"},{"taxonomy":"product_cat","embeddable":true,"href":"https:\/\/www.sexdollmini.com\/cs\/wp-json\/wp\/v2\/product_cat?post=16679"},{"taxonomy":"product_tag","embeddable":true,"href":"https:\/\/www.sexdollmini.com\/cs\/wp-json\/wp\/v2\/product_tag?post=16679"}],"curies":[{"name":"wp","href":"https:\/\/api.w.org\/{rel}","templated":true}]}}