{"id":16987,"date":"2025-07-15T01:19:18","date_gmt":"2025-07-15T08:19:18","guid":{"rendered":"https:\/\/www.sexdollmini.com\/?post_type=product&#038;p=16987"},"modified":"2025-07-29T20:23:56","modified_gmt":"2025-07-30T03:23:56","slug":"small-dress-mini-sex-doll","status":"publish","type":"product","link":"https:\/\/www.sexdollmini.com\/cs\/produkt\/small-dress-mini-sex-doll\/","title":{"rendered":"Elegantn\u00ed mal\u00e9 \u0161aty pro mini sexu\u00e1ln\u00ed panenky"},"content":{"rendered":"<p>&nbsp;<\/p>\n<p>Velikost S\/5: doporu\u010den\u00e1 v\u00fd\u0161ka: 106-112 cm; doporu\u010den\u00e1 hmotnost: 16-20 kg<\/p>\n<p>Velikost M\/6: doporu\u010den\u00e1 v\u00fd\u0161ka: 112-118 cm; doporu\u010den\u00e1 hmotnost: 18-23 kg<\/p>\n<p>Velikost L\/7: doporu\u010den\u00e1 v\u00fd\u0161ka: 118-124 cm; doporu\u010den\u00e1 hmotnost: 20-26 kg<\/p>\n<p>&nbsp;<\/p>\n<p>Pros\u00edm, po\u010d\u00edtejte s chybou 2-3 cm v d\u016fsledku ru\u010dn\u00edho m\u011b\u0159en\u00ed.<\/p>","protected":false},"excerpt":{"rendered":"<p>B\u00edl\u00e9 sukn\u011b jsou k dispozici v r\u016fzn\u00fdch velikostech.<\/p>","protected":false},"featured_media":16992,"comment_status":"open","ping_status":"closed","template":"","meta":[],"product_brand":[],"product_cat":[83],"product_tag":[],"class_list":{"0":"post-16987","1":"product","2":"type-product","3":"status-publish","4":"has-post-thumbnail","6":"product_cat-sex-doll-accessories","8":"first","9":"instock","10":"sale","11":"shipping-taxable","12":"purchasable","13":"product-type-variable","14":"has-default-attributes"},"_links":{"self":[{"href":"https:\/\/www.sexdollmini.com\/cs\/wp-json\/wp\/v2\/product\/16987","targetHints":{"allow":["GET"]}}],"collection":[{"href":"https:\/\/www.sexdollmini.com\/cs\/wp-json\/wp\/v2\/product"}],"about":[{"href":"https:\/\/www.sexdollmini.com\/cs\/wp-json\/wp\/v2\/types\/product"}],"replies":[{"embeddable":true,"href":"https:\/\/www.sexdollmini.com\/cs\/wp-json\/wp\/v2\/comments?post=16987"}],"wp:featuredmedia":[{"embeddable":true,"href":"https:\/\/www.sexdollmini.com\/cs\/wp-json\/wp\/v2\/media\/16992"}],"wp:attachment":[{"href":"https:\/\/www.sexdollmini.com\/cs\/wp-json\/wp\/v2\/media?parent=16987"}],"wp:term":[{"taxonomy":"product_brand","embeddable":true,"href":"https:\/\/www.sexdollmini.com\/cs\/wp-json\/wp\/v2\/product_brand?post=16987"},{"taxonomy":"product_cat","embeddable":true,"href":"https:\/\/www.sexdollmini.com\/cs\/wp-json\/wp\/v2\/product_cat?post=16987"},{"taxonomy":"product_tag","embeddable":true,"href":"https:\/\/www.sexdollmini.com\/cs\/wp-json\/wp\/v2\/product_tag?post=16987"}],"curies":[{"name":"wp","href":"https:\/\/api.w.org\/{rel}","templated":true}]}}