{"id":16999,"date":"2025-07-15T04:33:37","date_gmt":"2025-07-15T11:33:37","guid":{"rendered":"https:\/\/www.sexdollmini.com\/?post_type=product&#038;p=16999"},"modified":"2025-12-18T03:30:29","modified_gmt":"2025-12-18T11:30:29","slug":"vaginal-anal-lubricant-sex-doll","status":"publish","type":"product","link":"https:\/\/www.sexdollmini.com\/cs\/produkt\/vaginal-anal-lubricant-sex-doll\/","title":{"rendered":"Vagin\u00e1ln\u00ed a an\u00e1ln\u00ed lubrikant pro sexu\u00e1ln\u00ed panenky"},"content":{"rendered":"<p>Ovocn\u00e9 lubrikanty jsou vhodn\u00e9 k mas\u00e1\u017ei t\u011bla nebo k zvlh\u010den\u00ed pochvy a kone\u010dn\u00edku. Jejich aplikace p\u0159ed pohlavn\u00edm stykem m\u016f\u017ee sn\u00ed\u017eit t\u0159en\u00ed a bolest zp\u016fsobenou pohlavn\u00edm stykem.<\/p>\n<p>Lubrikant m\u00e1 objem 60 ml. Je mal\u00fd a snadno se p\u0159en\u00e1\u0161\u00ed, tak\u017ee ho m\u016f\u017eete pou\u017e\u00edt p\u0159i mnoha p\u0159\u00edle\u017eitostech. I na slu\u017eebn\u00ed cest\u011b si ho m\u016f\u017eete pohodln\u011b ulo\u017eit do batohu.<\/p>\n<p><img decoding=\"async\" class=\"aligncenter wp-image-17009 size-full\" src=\"https:\/\/www.sexdollmini.com\/wp-content\/themes\/woodmart\/images\/lazy.svg\" data-src=\"https:\/\/www.sexdollmini.com\/wp-content\/uploads\/2025\/07\/Human-Lubricant6.jpg\" alt=\"\" width=\"750\" height=\"833\" title=\"-\" srcset=\"\" data-srcset=\"https:\/\/www.sexdollmini.com\/wp-content\/uploads\/2025\/07\/Human-Lubricant6.jpg 750w, https:\/\/www.sexdollmini.com\/wp-content\/uploads\/2025\/07\/Human-Lubricant6-150x167.jpg 150w, https:\/\/www.sexdollmini.com\/wp-content\/uploads\/2025\/07\/Human-Lubricant6-700x777.jpg 700w, https:\/\/www.sexdollmini.com\/wp-content\/uploads\/2025\/07\/Human-Lubricant6-270x300.jpg 270w, https:\/\/www.sexdollmini.com\/wp-content\/uploads\/2025\/07\/Human-Lubricant6-720x800.jpg 720w\" sizes=\"(max-width: 750px) 100vw, 750px\" \/> <img decoding=\"async\" class=\"aligncenter wp-image-17008 size-full\" src=\"https:\/\/www.sexdollmini.com\/wp-content\/themes\/woodmart\/images\/lazy.svg\" data-src=\"https:\/\/www.sexdollmini.com\/wp-content\/uploads\/2025\/07\/Human-Lubricant5.jpg\" alt=\"\" width=\"750\" height=\"781\" title=\"-\" srcset=\"\" data-srcset=\"https:\/\/www.sexdollmini.com\/wp-content\/uploads\/2025\/07\/Human-Lubricant5.jpg 750w, https:\/\/www.sexdollmini.com\/wp-content\/uploads\/2025\/07\/Human-Lubricant5-150x156.jpg 150w, https:\/\/www.sexdollmini.com\/wp-content\/uploads\/2025\/07\/Human-Lubricant5-700x729.jpg 700w, https:\/\/www.sexdollmini.com\/wp-content\/uploads\/2025\/07\/Human-Lubricant5-288x300.jpg 288w\" sizes=\"(max-width: 750px) 100vw, 750px\" \/><\/p>","protected":false},"excerpt":{"rendered":"<p>Olejov\u00e9 lubrikanty na vodn\u00ed b\u00e1zi mohou tak\u00e9 rychle stimulovat sexu\u00e1ln\u00ed touhu a zlep\u0161it sexu\u00e1ln\u00ed z\u00e1\u017eitek.<\/p>","protected":false},"featured_media":17010,"comment_status":"open","ping_status":"closed","template":"","meta":[],"product_brand":[],"product_cat":[83],"product_tag":[],"class_list":{"0":"post-16999","1":"product","2":"type-product","3":"status-publish","4":"has-post-thumbnail","6":"product_cat-sex-doll-accessories","8":"first","9":"instock","10":"sale","11":"shipping-taxable","12":"purchasable","13":"product-type-variable","14":"has-default-attributes"},"_links":{"self":[{"href":"https:\/\/www.sexdollmini.com\/cs\/wp-json\/wp\/v2\/product\/16999","targetHints":{"allow":["GET"]}}],"collection":[{"href":"https:\/\/www.sexdollmini.com\/cs\/wp-json\/wp\/v2\/product"}],"about":[{"href":"https:\/\/www.sexdollmini.com\/cs\/wp-json\/wp\/v2\/types\/product"}],"replies":[{"embeddable":true,"href":"https:\/\/www.sexdollmini.com\/cs\/wp-json\/wp\/v2\/comments?post=16999"}],"wp:featuredmedia":[{"embeddable":true,"href":"https:\/\/www.sexdollmini.com\/cs\/wp-json\/wp\/v2\/media\/17010"}],"wp:attachment":[{"href":"https:\/\/www.sexdollmini.com\/cs\/wp-json\/wp\/v2\/media?parent=16999"}],"wp:term":[{"taxonomy":"product_brand","embeddable":true,"href":"https:\/\/www.sexdollmini.com\/cs\/wp-json\/wp\/v2\/product_brand?post=16999"},{"taxonomy":"product_cat","embeddable":true,"href":"https:\/\/www.sexdollmini.com\/cs\/wp-json\/wp\/v2\/product_cat?post=16999"},{"taxonomy":"product_tag","embeddable":true,"href":"https:\/\/www.sexdollmini.com\/cs\/wp-json\/wp\/v2\/product_tag?post=16999"}],"curies":[{"name":"wp","href":"https:\/\/api.w.org\/{rel}","templated":true}]}}