{"id":17061,"date":"2025-07-16T01:05:59","date_gmt":"2025-07-16T08:05:59","guid":{"rendered":"https:\/\/www.sexdollmini.com\/?post_type=product&#038;p=17061"},"modified":"2025-08-05T20:24:07","modified_gmt":"2025-08-06T03:24:07","slug":"anime-cosplay-wig-sex-doll","status":"publish","type":"product","link":"https:\/\/www.sexdollmini.com\/cs\/produkt\/anime-cosplay-wig-sex-doll\/","title":{"rendered":"Anime cosplay paruka pro sexu\u00e1ln\u00ed panenky"},"content":{"rendered":"<p>Fialov\u00e1 paruka je nastaviteln\u00e1 a lze ji p\u0159izp\u016fsobit tvaru hlavy r\u016fzn\u00fdm velikostem. Je ide\u00e1ln\u00ed pro sexu\u00e1ln\u00ed panenky r\u016fzn\u00fdch v\u00fd\u0161ek.<br \/>\nParuka m\u00e1 siln\u00e1 vl\u00e1kna, je m\u011bkk\u00e1 a p\u0159irozen\u00e1 a paruku si po obdr\u017een\u00ed m\u016f\u017eete sami upravit, zast\u0159ihnout, narovnat nebo nato\u010dit.<\/p>\n<p>&nbsp;<\/p>\n<p><img decoding=\"async\" class=\"aligncenter wp-image-17068 size-full\" src=\"https:\/\/www.sexdollmini.com\/wp-content\/themes\/woodmart\/images\/lazy.svg\" data-src=\"https:\/\/www.sexdollmini.com\/wp-content\/uploads\/2025\/07\/6-1.avif\" alt=\"\" width=\"800\" height=\"800\" title=\"-\"><\/p>\n<p><img decoding=\"async\" class=\"aligncenter wp-image-17704 size-full\" src=\"https:\/\/www.sexdollmini.com\/wp-content\/themes\/woodmart\/images\/lazy.svg\" data-src=\"https:\/\/www.sexdollmini.com\/wp-content\/uploads\/2025\/07\/Anime-Cosplay-Wig-for-Sex-Dolls-Accessories.jpg\" alt=\"\" width=\"800\" height=\"1352\" title=\"-\" srcset=\"\" data-srcset=\"https:\/\/www.sexdollmini.com\/wp-content\/uploads\/2025\/07\/Anime-Cosplay-Wig-for-Sex-Dolls-Accessories.jpg 800w, https:\/\/www.sexdollmini.com\/wp-content\/uploads\/2025\/07\/Anime-Cosplay-Wig-for-Sex-Dolls-Accessories-178x300.jpg 178w, https:\/\/www.sexdollmini.com\/wp-content\/uploads\/2025\/07\/Anime-Cosplay-Wig-for-Sex-Dolls-Accessories-473x800.jpg 473w, https:\/\/www.sexdollmini.com\/wp-content\/uploads\/2025\/07\/Anime-Cosplay-Wig-for-Sex-Dolls-Accessories-768x1298.jpg 768w, https:\/\/www.sexdollmini.com\/wp-content\/uploads\/2025\/07\/Anime-Cosplay-Wig-for-Sex-Dolls-Accessories-7x12.jpg 7w, https:\/\/www.sexdollmini.com\/wp-content\/uploads\/2025\/07\/Anime-Cosplay-Wig-for-Sex-Dolls-Accessories-700x1183.jpg 700w, https:\/\/www.sexdollmini.com\/wp-content\/uploads\/2025\/07\/Anime-Cosplay-Wig-for-Sex-Dolls-Accessories-150x254.jpg 150w\" sizes=\"(max-width: 800px) 100vw, 800px\" \/><\/p>\n<p>Po\u010d\u00edtejte s chybou 2-3 cm v d\u016fsledku ru\u010dn\u00edho m\u011b\u0159en\u00ed. Vzhledem k v\u00fdrobn\u00edmu procesu, sv\u011bteln\u00fdm efekt\u016fm a obrazovk\u00e1m po\u010d\u00edta\u010d\u016f se mohou vyskytnout ur\u010dit\u00e9 rozd\u00edly v barv\u011b a \u00fa\u010desu.<\/p>","protected":false},"excerpt":{"rendered":"<p>Fialov\u00e9 paruky jsou ide\u00e1ln\u00ed pro r\u016fzn\u00e9 p\u0159\u00edle\u017eitosti, jako je Halloween, tematick\u00e9 ve\u010d\u00edrky, cosplay a rand\u011bn\u00ed.<\/p>","protected":false},"featured_media":17064,"comment_status":"open","ping_status":"closed","template":"","meta":[],"product_brand":[],"product_cat":[83],"product_tag":[],"class_list":{"0":"post-17061","1":"product","2":"type-product","3":"status-publish","4":"has-post-thumbnail","6":"product_cat-sex-doll-accessories","8":"first","9":"instock","10":"sale","11":"shipping-taxable","12":"purchasable","13":"product-type-simple"},"_links":{"self":[{"href":"https:\/\/www.sexdollmini.com\/cs\/wp-json\/wp\/v2\/product\/17061","targetHints":{"allow":["GET"]}}],"collection":[{"href":"https:\/\/www.sexdollmini.com\/cs\/wp-json\/wp\/v2\/product"}],"about":[{"href":"https:\/\/www.sexdollmini.com\/cs\/wp-json\/wp\/v2\/types\/product"}],"replies":[{"embeddable":true,"href":"https:\/\/www.sexdollmini.com\/cs\/wp-json\/wp\/v2\/comments?post=17061"}],"wp:featuredmedia":[{"embeddable":true,"href":"https:\/\/www.sexdollmini.com\/cs\/wp-json\/wp\/v2\/media\/17064"}],"wp:attachment":[{"href":"https:\/\/www.sexdollmini.com\/cs\/wp-json\/wp\/v2\/media?parent=17061"}],"wp:term":[{"taxonomy":"product_brand","embeddable":true,"href":"https:\/\/www.sexdollmini.com\/cs\/wp-json\/wp\/v2\/product_brand?post=17061"},{"taxonomy":"product_cat","embeddable":true,"href":"https:\/\/www.sexdollmini.com\/cs\/wp-json\/wp\/v2\/product_cat?post=17061"},{"taxonomy":"product_tag","embeddable":true,"href":"https:\/\/www.sexdollmini.com\/cs\/wp-json\/wp\/v2\/product_tag?post=17061"}],"curies":[{"name":"wp","href":"https:\/\/api.w.org\/{rel}","templated":true}]}}