{"id":17070,"date":"2025-07-16T03:13:54","date_gmt":"2025-07-16T10:13:54","guid":{"rendered":"https:\/\/www.sexdollmini.com\/?post_type=product&#038;p=17070"},"modified":"2025-07-29T20:19:16","modified_gmt":"2025-07-30T03:19:16","slug":"female-short-wig-sex-doll","status":"publish","type":"product","link":"https:\/\/www.sexdollmini.com\/cs\/produkt\/female-short-wig-sex-doll\/","title":{"rendered":"D\u00e1msk\u00e1 kr\u00e1tk\u00e1 paruka pro sexu\u00e1ln\u00ed panenky"},"content":{"rendered":"<p>Po obdr\u017een\u00ed paruky si ji m\u016f\u017eete nasadit na sex panenku nebo si pro ni m\u016f\u017eete ud\u011blat p\u011bkn\u00fd \u00fa\u010des, kter\u00fd bude ladit s va\u0161\u00ed sexy panenkou.<\/p>\n<p><img decoding=\"async\" class=\"aligncenter wp-image-17077 size-full\" src=\"https:\/\/www.sexdollmini.com\/wp-content\/themes\/woodmart\/images\/lazy.svg\" data-src=\"https:\/\/www.sexdollmini.com\/wp-content\/uploads\/2025\/07\/8.webp\" alt=\"\" width=\"800\" height=\"780\" title=\"-\" srcset=\"\" data-srcset=\"https:\/\/www.sexdollmini.com\/wp-content\/uploads\/2025\/07\/8.webp 800w, https:\/\/www.sexdollmini.com\/wp-content\/uploads\/2025\/07\/8-150x146.webp 150w, https:\/\/www.sexdollmini.com\/wp-content\/uploads\/2025\/07\/8-700x683.webp 700w, https:\/\/www.sexdollmini.com\/wp-content\/uploads\/2025\/07\/8-308x300.webp 308w, https:\/\/www.sexdollmini.com\/wp-content\/uploads\/2025\/07\/8-768x749.webp 768w\" sizes=\"(max-width: 800px) 100vw, 800px\" \/><\/p>\n<p>&nbsp;<\/p>\n<p>Po\u010d\u00edtejte s chybou 2-3 cm v d\u016fsledku ru\u010dn\u00edho m\u011b\u0159en\u00ed. Vzhledem k v\u00fdrobn\u00edmu procesu, sv\u011bteln\u00fdm efekt\u016fm a obrazovk\u00e1m po\u010d\u00edta\u010d\u016f se mohou vyskytnout ur\u010dit\u00e9 rozd\u00edly v barv\u011b a \u00fa\u010desu.<\/p>","protected":false},"excerpt":{"rendered":"<p>Vyberte si barvu paruky, kter\u00e1 se v\u00e1m l\u00edb\u00ed, a po obdr\u017een\u00ed paruky si ji m\u016f\u017eete nasadit p\u0159\u00edmo na svou sexu\u00e1ln\u00ed panenku.<\/p>","protected":false},"featured_media":17074,"comment_status":"open","ping_status":"closed","template":"","meta":[],"product_brand":[],"product_cat":[83],"product_tag":[],"class_list":{"0":"post-17070","1":"product","2":"type-product","3":"status-publish","4":"has-post-thumbnail","6":"product_cat-sex-doll-accessories","8":"first","9":"instock","10":"sale","11":"shipping-taxable","12":"purchasable","13":"product-type-variable","14":"has-default-attributes"},"_links":{"self":[{"href":"https:\/\/www.sexdollmini.com\/cs\/wp-json\/wp\/v2\/product\/17070","targetHints":{"allow":["GET"]}}],"collection":[{"href":"https:\/\/www.sexdollmini.com\/cs\/wp-json\/wp\/v2\/product"}],"about":[{"href":"https:\/\/www.sexdollmini.com\/cs\/wp-json\/wp\/v2\/types\/product"}],"replies":[{"embeddable":true,"href":"https:\/\/www.sexdollmini.com\/cs\/wp-json\/wp\/v2\/comments?post=17070"}],"wp:featuredmedia":[{"embeddable":true,"href":"https:\/\/www.sexdollmini.com\/cs\/wp-json\/wp\/v2\/media\/17074"}],"wp:attachment":[{"href":"https:\/\/www.sexdollmini.com\/cs\/wp-json\/wp\/v2\/media?parent=17070"}],"wp:term":[{"taxonomy":"product_brand","embeddable":true,"href":"https:\/\/www.sexdollmini.com\/cs\/wp-json\/wp\/v2\/product_brand?post=17070"},{"taxonomy":"product_cat","embeddable":true,"href":"https:\/\/www.sexdollmini.com\/cs\/wp-json\/wp\/v2\/product_cat?post=17070"},{"taxonomy":"product_tag","embeddable":true,"href":"https:\/\/www.sexdollmini.com\/cs\/wp-json\/wp\/v2\/product_tag?post=17070"}],"curies":[{"name":"wp","href":"https:\/\/api.w.org\/{rel}","templated":true}]}}