{"id":17176,"date":"2025-07-20T03:21:53","date_gmt":"2025-07-20T10:21:53","guid":{"rendered":"https:\/\/www.sexdollmini.com\/?post_type=product&#038;p=17176"},"modified":"2025-09-08T06:18:48","modified_gmt":"2025-09-08T13:18:48","slug":"euphemia-custom-made-flat-sex-doll","status":"publish","type":"product","link":"https:\/\/www.sexdollmini.com\/cs\/produkt\/euphemia-custom-made-flat-sex-doll\/","title":{"rendered":"Euphemia Ploch\u00e1 sexu\u00e1ln\u00ed panna na zak\u00e1zku"},"content":{"rendered":"<p>Sexu\u00e1ln\u00ed panenky maj\u00ed velk\u00e9 o\u010di a mal\u00e1 \u00fasta, s rysy inspirovan\u00fdmi postavami ze sv\u011bta anime. Vyberte si svou obl\u00edbenou anime sexu\u00e1ln\u00ed panenku, se kterou budete tr\u00e1vit ka\u017ed\u00fd romantick\u00fd ve\u010der a rozlu\u010dte se se smutn\u00fdmi a osam\u011bl\u00fdmi dny. V\u00fd\u0161ku sexu\u00e1ln\u00edch panenek lze p\u0159izp\u016fsobit, p\u0159izp\u016fsoben\u00ed je k dispozici ve velikostech 100 cm nebo 125 cm, vyberte si anime sexu\u00e1ln\u00ed panenku, kter\u00e1 je vhodn\u00e1 pro va\u0161e pou\u017eit\u00ed a skladov\u00e1n\u00ed.<\/p>\n<p>&nbsp;<\/p>\n<p>V\u00fd\u0161ka: 100 cm<br \/>\nPrsa: 49 cm<br \/>\nPas: 38 cm<br \/>\nObvod bok\u016f: 59 cm<br \/>\nHloubka \u0159itn\u00edho otvoru: 11 cm<br \/>\nHloubka vag\u00edny: 14 cm<br \/>\nHloubka \u00fast\u00ed: 10 cm<br \/>\n\u010cist\u00e1 hmotnost: 13 kg<br \/>\nCelkov\u00e1 hmotnost: 15 kg<\/p>\n<p>&nbsp;<\/p>\n<p>V\u00fd\u0161ka: 125 cm<br \/>\nPrsa: 55 cm<br \/>\nPas: 42 cm<br \/>\nObvod bok\u016f: 62 cm<br \/>\nHloubka \u0159itn\u00edho otvoru: 16 cm<br \/>\nHloubka vag\u00edny: 17 cm<br \/>\nHloubka \u00fast\u00ed: 12 cm<br \/>\n\u010cist\u00e1 hmotnost: 17 kg<br \/>\nCelkov\u00e1 hmotnost: 20 kg<\/p>\n<p>&nbsp;<\/p>\n<p>&nbsp;<\/p>\n<p>Pros\u00edm, po\u010d\u00edtejte s rozd\u00edlem 2-4 cm p\u0159i ru\u010dn\u00edm m\u011b\u0159en\u00ed.<\/p>","protected":false},"excerpt":{"rendered":"<p>Drobn\u00e9 anime sex panenky maj\u00ed ploch\u00fd hrudn\u00edk a mimo\u0159\u00e1dn\u011b jemn\u00e9 rysy. K dispozici jsou vagin\u00e1ln\u00ed i an\u00e1ln\u00ed kan\u00e1ly.<\/p>","protected":false},"featured_media":17208,"comment_status":"open","ping_status":"closed","template":"","meta":[],"product_brand":[],"product_cat":[53,56,57,74,18,81,27,23,70,28,30,38,73,41,82,79,39,66,80,43,40,31,69,32,77,25,33,29,20,21,34,72,19,42,44,71,76,36,35,84,75,37,78],"product_tag":[],"class_list":{"0":"post-17176","1":"product","2":"type-product","3":"status-publish","4":"has-post-thumbnail","6":"product_cat-100cm-sex-dolls","7":"product_cat-120cm-sex-dolls","8":"product_cat-125cm-sex-dolls","9":"product_cat-6ye-doll","10":"product_cat-adult-doll","11":"product_cat-aibei-doll","12":"product_cat-anime-sex-dolls","13":"product_cat-asian-sex-doll","14":"product_cat-axb-doll","15":"product_cat-blonde-sex-doll","16":"product_cat-cheap-sex-doll","17":"product_cat-chubby-sex-dolls","18":"product_cat-climax-doll","19":"product_cat-curvy-sex-dolls","20":"product_cat-dolls-castle","21":"product_cat-elsa-babe","22":"product_cat-fantasy-sex-doll","23":"product_cat-female-sex-dolls","24":"product_cat-fire-doll","25":"product_cat-flat-chested-sex-doll","26":"product_cat-full-body-sex-dolls","27":"product_cat-full-size-sex-dolls","28":"product_cat-girl-sex-dolls","29":"product_cat-hentai-sex-dolls","30":"product_cat-irontech-sex-dolls","31":"product_cat-japanese-sex-dolls","32":"product_cat-life-like-sex-dolls","33":"product_cat-life-size-sex-dolls","34":"product_cat-love-doll","35":"product_cat-miniature-sex-doll","36":"product_cat-petite-sex-dolls","37":"product_cat-qita-doll","38":"product_cat-real-doll","39":"product_cat-skinny-sex-dolls","40":"product_cat-small-breast-sex-doll","41":"product_cat-sy-doll","42":"product_cat-tantaly-sex-doll","43":"product_cat-teen-sex-dolls","44":"product_cat-tiny-sex-dolls","45":"product_cat-tpe-sex-dolls","46":"product_cat-wm-doll","47":"product_cat-young-sex-dolls","48":"product_cat-zelex-doll","50":"first","51":"instock","52":"sale","53":"shipping-taxable","54":"purchasable","55":"product-type-variable","56":"has-default-attributes"},"_links":{"self":[{"href":"https:\/\/www.sexdollmini.com\/cs\/wp-json\/wp\/v2\/product\/17176","targetHints":{"allow":["GET"]}}],"collection":[{"href":"https:\/\/www.sexdollmini.com\/cs\/wp-json\/wp\/v2\/product"}],"about":[{"href":"https:\/\/www.sexdollmini.com\/cs\/wp-json\/wp\/v2\/types\/product"}],"replies":[{"embeddable":true,"href":"https:\/\/www.sexdollmini.com\/cs\/wp-json\/wp\/v2\/comments?post=17176"}],"wp:featuredmedia":[{"embeddable":true,"href":"https:\/\/www.sexdollmini.com\/cs\/wp-json\/wp\/v2\/media\/17208"}],"wp:attachment":[{"href":"https:\/\/www.sexdollmini.com\/cs\/wp-json\/wp\/v2\/media?parent=17176"}],"wp:term":[{"taxonomy":"product_brand","embeddable":true,"href":"https:\/\/www.sexdollmini.com\/cs\/wp-json\/wp\/v2\/product_brand?post=17176"},{"taxonomy":"product_cat","embeddable":true,"href":"https:\/\/www.sexdollmini.com\/cs\/wp-json\/wp\/v2\/product_cat?post=17176"},{"taxonomy":"product_tag","embeddable":true,"href":"https:\/\/www.sexdollmini.com\/cs\/wp-json\/wp\/v2\/product_tag?post=17176"}],"curies":[{"name":"wp","href":"https:\/\/api.w.org\/{rel}","templated":true}]}}