{"id":19488,"date":"2025-11-08T06:59:52","date_gmt":"2025-11-08T14:59:52","guid":{"rendered":"https:\/\/www.sexdollmini.com\/?post_type=product&#038;p=19488"},"modified":"2026-05-09T13:59:49","modified_gmt":"2026-05-09T20:59:49","slug":"cassiopeia-68cm-micro-auburn-sex-doll","status":"publish","type":"product","link":"https:\/\/www.sexdollmini.com\/cs\/produkt\/cassiopeia-68cm-micro-auburn-sex-doll\/","title":{"rendered":"Sexu\u00e1ln\u00ed panenka Cassiopeia 68cm mikro Auburn"},"content":{"rendered":"<h2>Detaily sexu\u00e1ln\u00edch panenek<\/h2>\n<p>Tato hn\u011bd\u00e1 sex panenka je drobn\u00e1, m\u011b\u0159\u00ed 68 cm. M\u00e1 pouze jednu vag\u00ednu, kter\u00e1 podporuje zav\u00e1d\u011bn\u00ed. Tuto mikro sex panenku lze snadno nosit v batohu nebo kufru, co\u017e usnad\u0148uje jej\u00ed \u010di\u0161t\u011bn\u00ed a v\u00fdrazn\u011b \u0161et\u0159\u00ed \u010das pot\u0159ebn\u00fd k \u010di\u0161t\u011bn\u00ed panenky.<\/p>\n<p>V\u00fd\u0161ka: 68 cm<br \/>\nHmotnost: 6 kg<br \/>\nPrsa: 37 cm<br \/>\nPas: 29 cm<br \/>\nObvod bok\u016f: 44 cm<br \/>\nHloubka pochvy: 11 cm<\/p>\n<p>&nbsp;<\/p>\n<p>Pros\u00edm, po\u010d\u00edtejte s rozd\u00edlem 2-4 cm p\u0159i ru\u010dn\u00edm m\u011b\u0159en\u00ed.<\/p>","protected":false},"excerpt":{"rendered":"<p>Op\u00e1len\u00e1 ple\u0165 t\u00e9to sex-panenky j\u00ed dod\u00e1v\u00e1 zdrav\u011bj\u0161\u00ed vzhled a jej\u00ed t\u011blesn\u00e9 proporce jsou tak\u00e9 velmi dobr\u00e9, co\u017e vysv\u011btluje, pro\u010d se j\u00ed \u0159\u00edk\u00e1 kr\u00e1ska.<\/p>","protected":false},"featured_media":19489,"comment_status":"open","ping_status":"closed","template":"","meta":[],"product_brand":[],"product_cat":[48,74,49,18,81,24,27,23,70,28,30,38,73,41,82,79,39,66,80,40,31,69,32,77,25,33,29,20,148,21,34,72,19,42,71,76,36,35,84,61,75,37,78],"product_tag":[],"class_list":{"0":"post-19488","1":"product","2":"type-product","3":"status-publish","4":"has-post-thumbnail","6":"product_cat-65cm-sex-dolls","7":"product_cat-6ye-doll","8":"product_cat-70cm-sex-dolls","9":"product_cat-adult-doll","10":"product_cat-aibei-doll","11":"product_cat-american-sex-doll","12":"product_cat-anime-sex-dolls","13":"product_cat-asian-sex-doll","14":"product_cat-axb-doll","15":"product_cat-blonde-sex-doll","16":"product_cat-cheap-sex-doll","17":"product_cat-chubby-sex-dolls","18":"product_cat-climax-doll","19":"product_cat-curvy-sex-dolls","20":"product_cat-dolls-castle","21":"product_cat-elsa-babe","22":"product_cat-fantasy-sex-doll","23":"product_cat-female-sex-dolls","24":"product_cat-fire-doll","25":"product_cat-full-body-sex-dolls","26":"product_cat-full-size-sex-dolls","27":"product_cat-girl-sex-dolls","28":"product_cat-hentai-sex-dolls","29":"product_cat-irontech-sex-dolls","30":"product_cat-japanese-sex-dolls","31":"product_cat-life-like-sex-dolls","32":"product_cat-life-size-sex-dolls","33":"product_cat-love-doll","34":"product_cat-midget-sex-doll","35":"product_cat-miniature-sex-doll","36":"product_cat-petite-sex-dolls","37":"product_cat-qita-doll","38":"product_cat-real-doll","39":"product_cat-skinny-sex-dolls","40":"product_cat-sy-doll","41":"product_cat-tantaly-sex-doll","42":"product_cat-teen-sex-dolls","43":"product_cat-tiny-sex-dolls","44":"product_cat-tpe-sex-dolls","45":"product_cat-us-stock-sex-dolls","46":"product_cat-wm-doll","47":"product_cat-young-sex-dolls","48":"product_cat-zelex-doll","50":"first","51":"instock","52":"sale","53":"shipping-taxable","54":"purchasable","55":"product-type-simple"},"_links":{"self":[{"href":"https:\/\/www.sexdollmini.com\/cs\/wp-json\/wp\/v2\/product\/19488","targetHints":{"allow":["GET"]}}],"collection":[{"href":"https:\/\/www.sexdollmini.com\/cs\/wp-json\/wp\/v2\/product"}],"about":[{"href":"https:\/\/www.sexdollmini.com\/cs\/wp-json\/wp\/v2\/types\/product"}],"replies":[{"embeddable":true,"href":"https:\/\/www.sexdollmini.com\/cs\/wp-json\/wp\/v2\/comments?post=19488"}],"wp:featuredmedia":[{"embeddable":true,"href":"https:\/\/www.sexdollmini.com\/cs\/wp-json\/wp\/v2\/media\/19489"}],"wp:attachment":[{"href":"https:\/\/www.sexdollmini.com\/cs\/wp-json\/wp\/v2\/media?parent=19488"}],"wp:term":[{"taxonomy":"product_brand","embeddable":true,"href":"https:\/\/www.sexdollmini.com\/cs\/wp-json\/wp\/v2\/product_brand?post=19488"},{"taxonomy":"product_cat","embeddable":true,"href":"https:\/\/www.sexdollmini.com\/cs\/wp-json\/wp\/v2\/product_cat?post=19488"},{"taxonomy":"product_tag","embeddable":true,"href":"https:\/\/www.sexdollmini.com\/cs\/wp-json\/wp\/v2\/product_tag?post=19488"}],"curies":[{"name":"wp","href":"https:\/\/api.w.org\/{rel}","templated":true}]}}