{"id":15928,"date":"2025-05-23T06:12:32","date_gmt":"2025-05-23T13:12:32","guid":{"rendered":"https:\/\/www.sexdollmini.com\/?post_type=product&#038;p=15928"},"modified":"2026-04-04T22:04:38","modified_gmt":"2026-04-05T05:04:38","slug":"robin-flat-chest-tpe-sex-doll","status":"publish","type":"product","link":"https:\/\/www.sexdollmini.com\/da\/vare\/robin-flat-chest-tpe-sex-doll\/","title":{"rendered":"Robin fladbrystet TPE sexdukke"},"content":{"rendered":"<h2>Detaljer om sexdukker<\/h2>\n<p>Fladbrystede sexdukker er 21 \u00e5r gamle. De naturtro sexdukker til voksne har hvid hud og f\u00e5r sexdukkerne til at se mere nuttede ud, n\u00e5r de har farvestr\u00e5lende kostumer p\u00e5. Du kan pynte sexdukken op ved at k\u00f8be nogle af dine yndlingsdekorationer separat. Disse dekorationer vil f\u00e5 sexdukken til at se mere livlig ud. Det er sv\u00e6rt ikke at forelske sig i s\u00e5danne s\u00f8de sexdukker.<br \/>\nK\u00f8b sexdukken nu, og du f\u00e5r en tilf\u00e6ldig stil af sexet lingeri og paryk.<\/p>\n<p>&nbsp;<\/p>\n<p>H\u00f8jde: 100 cm<br \/>\nBryst: 46 cm<br \/>\nTalje: 38 cm<br \/>\nHofte: 59 cm<br \/>\nAnusdybde: 8 cm<br \/>\nVaginadybde: 14 cm<br \/>\nMunddybde: 12 cm<br \/>\nNettov\u00e6gt: 13 kg<br \/>\nBruttov\u00e6gt: 15 kg<\/p>\n<p>&nbsp;<\/p>\n<p>H\u00f8jde: 125 cm<br \/>\nBryst: 55 cm<br \/>\nTalje: 42 cm<br \/>\nHofte: 62 cm<br \/>\nAnusdybde: 16 cm<br \/>\nVaginadybde: 17 cm<br \/>\nMunddybde: 12 cm<br \/>\nNettov\u00e6gt: 17 kg<br \/>\nBruttov\u00e6gt: 20 kg<\/p>\n<p>&nbsp;<\/p>\n<p>&nbsp;<\/p>\n<p>Tillad venligst en forskel p\u00e5 2-4 cm i manuel m\u00e5ling p\u00e5 grund af manuel m\u00e5ling.<\/p>","protected":false},"excerpt":{"rendered":"<p>Den unge sexdukke er lavet af taktilt realistisk TPE-materiale, der g\u00f8r hendes hud bl\u00f8dere og fuld af elasticitet, og hendes krop leveres med et metalskelet for nem svingning.<\/p>","protected":false},"featured_media":15933,"comment_status":"open","ping_status":"closed","template":"","meta":[],"product_brand":[],"product_cat":[53,56,57,74,18,81,24,27,23,64,70,28,65,30,38,73,41,82,79,62,26,39,66,80,43,40,31,69,32,77,25,33,29,20,21,34,72,19,42,44,71,76,36,35,84,63,61,75,37,78],"product_tag":[],"class_list":{"0":"post-15928","1":"product","2":"type-product","3":"status-publish","4":"has-post-thumbnail","6":"product_cat-100cm-sex-dolls","7":"product_cat-120cm-sex-dolls","8":"product_cat-125cm-sex-dolls","9":"product_cat-6ye-doll","10":"product_cat-adult-doll","11":"product_cat-aibei-doll","12":"product_cat-american-sex-doll","13":"product_cat-anime-sex-dolls","14":"product_cat-asian-sex-doll","15":"product_cat-australia-stock-sex-doll","16":"product_cat-axb-doll","17":"product_cat-blonde-sex-doll","18":"product_cat-canada-stock-sex-doll","19":"product_cat-cheap-sex-doll","20":"product_cat-chubby-sex-dolls","21":"product_cat-climax-doll","22":"product_cat-curvy-sex-dolls","23":"product_cat-dolls-castle","24":"product_cat-elsa-babe","25":"product_cat-eu-stock-sex-doll","26":"product_cat-european-sex-dolls","27":"product_cat-fantasy-sex-doll","28":"product_cat-female-sex-dolls","29":"product_cat-fire-doll","30":"product_cat-flat-chested-sex-doll","31":"product_cat-full-body-sex-dolls","32":"product_cat-full-size-sex-dolls","33":"product_cat-girl-sex-dolls","34":"product_cat-hentai-sex-dolls","35":"product_cat-irontech-sex-dolls","36":"product_cat-japanese-sex-dolls","37":"product_cat-life-like-sex-dolls","38":"product_cat-life-size-sex-dolls","39":"product_cat-love-doll","40":"product_cat-miniature-sex-doll","41":"product_cat-petite-sex-dolls","42":"product_cat-qita-doll","43":"product_cat-real-doll","44":"product_cat-skinny-sex-dolls","45":"product_cat-small-breast-sex-doll","46":"product_cat-sy-doll","47":"product_cat-tantaly-sex-doll","48":"product_cat-teen-sex-dolls","49":"product_cat-tiny-sex-dolls","50":"product_cat-tpe-sex-dolls","51":"product_cat-uk-stock-sex-doll","52":"product_cat-us-stock-sex-dolls","53":"product_cat-wm-doll","54":"product_cat-young-sex-dolls","55":"product_cat-zelex-doll","57":"first","58":"instock","59":"sale","60":"shipping-taxable","61":"purchasable","62":"product-type-variable","63":"has-default-attributes"},"_links":{"self":[{"href":"https:\/\/www.sexdollmini.com\/da\/wp-json\/wp\/v2\/product\/15928","targetHints":{"allow":["GET"]}}],"collection":[{"href":"https:\/\/www.sexdollmini.com\/da\/wp-json\/wp\/v2\/product"}],"about":[{"href":"https:\/\/www.sexdollmini.com\/da\/wp-json\/wp\/v2\/types\/product"}],"replies":[{"embeddable":true,"href":"https:\/\/www.sexdollmini.com\/da\/wp-json\/wp\/v2\/comments?post=15928"}],"wp:featuredmedia":[{"embeddable":true,"href":"https:\/\/www.sexdollmini.com\/da\/wp-json\/wp\/v2\/media\/15933"}],"wp:attachment":[{"href":"https:\/\/www.sexdollmini.com\/da\/wp-json\/wp\/v2\/media?parent=15928"}],"wp:term":[{"taxonomy":"product_brand","embeddable":true,"href":"https:\/\/www.sexdollmini.com\/da\/wp-json\/wp\/v2\/product_brand?post=15928"},{"taxonomy":"product_cat","embeddable":true,"href":"https:\/\/www.sexdollmini.com\/da\/wp-json\/wp\/v2\/product_cat?post=15928"},{"taxonomy":"product_tag","embeddable":true,"href":"https:\/\/www.sexdollmini.com\/da\/wp-json\/wp\/v2\/product_tag?post=15928"}],"curies":[{"name":"wp","href":"https:\/\/api.w.org\/{rel}","templated":true}]}}