{"id":15946,"date":"2025-05-23T06:35:30","date_gmt":"2025-05-23T13:35:30","guid":{"rendered":"https:\/\/www.sexdollmini.com\/?post_type=product&#038;p=15946"},"modified":"2026-05-01T19:07:51","modified_gmt":"2026-05-02T02:07:51","slug":"queenie-flat-chest-flexible-sex-doll","status":"publish","type":"product","link":"https:\/\/www.sexdollmini.com\/da\/vare\/queenie-flat-chest-flexible-sex-doll\/","title":{"rendered":"Queenie fladbrystet fleksibel sexdukke"},"content":{"rendered":"<h2>Detaljer om sexdukker<\/h2>\n<p>Sexdukken er 20 \u00e5r gammel, og den er meget loyal over for sin ejer. Hun elsker at v\u00e6re sammen med sin ejer og g\u00f8re alt, hun nyder de gode ting i livet, og endnu mere nyder hun alt, hvad du bringer til hende. Sexdukker kan v\u00e6re stille og lytte til alt, hvad du siger, og de har ikke d\u00e5rlige f\u00f8lelser. Sexdukker beh\u00f8ver ikke at blive socialiseret, hvilket g\u00f8r dit liv meget lettere.<\/p>\n<p>&nbsp;<\/p>\n<p>H\u00f8jde: 100 cm<br \/>\nBryst: 46 cm<br \/>\nTalje: 38 cm<br \/>\nHofte: 59 cm<br \/>\nAnusdybde: 8 cm<br \/>\nVaginadybde: 14 cm<br \/>\nMunddybde: 12 cm<br \/>\nNettov\u00e6gt: 13 kg<br \/>\nBruttov\u00e6gt: 15 kg<\/p>\n<p>&nbsp;<\/p>\n<p>H\u00f8jde: 125 cm<br \/>\nBryst: 55 cm<br \/>\nTalje: 42 cm<br \/>\nHofte: 62 cm<br \/>\nAnusdybde: 16 cm<br \/>\nVaginadybde: 17 cm<br \/>\nMunddybde: 12 cm<br \/>\nNettov\u00e6gt: 17 kg<br \/>\nBruttov\u00e6gt: 20 kg<\/p>\n<p>&nbsp;<\/p>\n<p>&nbsp;<\/p>\n<p>Tillad venligst en forskel p\u00e5 2-4 cm i manuel m\u00e5ling p\u00e5 grund af manuel m\u00e5ling.<\/p>","protected":false},"excerpt":{"rendered":"<p>TPE-sexdukkehuden er bl\u00f8d og elastisk. N\u00e5r du plejer sexdukker, kan du bruge babytalkum for at holde huden t\u00f8r og forl\u00e6nge sexdukkernes levetid.<\/p>","protected":false},"featured_media":15964,"comment_status":"open","ping_status":"closed","template":"","meta":[],"product_brand":[],"product_cat":[53,56,57,74,18,81,24,27,23,64,70,28,65,30,38,73,41,82,79,62,26,39,66,80,43,40,31,69,32,77,25,33,29,20,21,34,72,19,42,44,71,76,36,35,84,63,61,75,37,78],"product_tag":[],"class_list":{"0":"post-15946","1":"product","2":"type-product","3":"status-publish","4":"has-post-thumbnail","6":"product_cat-100cm-sex-dolls","7":"product_cat-120cm-sex-dolls","8":"product_cat-125cm-sex-dolls","9":"product_cat-6ye-doll","10":"product_cat-adult-doll","11":"product_cat-aibei-doll","12":"product_cat-american-sex-doll","13":"product_cat-anime-sex-dolls","14":"product_cat-asian-sex-doll","15":"product_cat-australia-stock-sex-doll","16":"product_cat-axb-doll","17":"product_cat-blonde-sex-doll","18":"product_cat-canada-stock-sex-doll","19":"product_cat-cheap-sex-doll","20":"product_cat-chubby-sex-dolls","21":"product_cat-climax-doll","22":"product_cat-curvy-sex-dolls","23":"product_cat-dolls-castle","24":"product_cat-elsa-babe","25":"product_cat-eu-stock-sex-doll","26":"product_cat-european-sex-dolls","27":"product_cat-fantasy-sex-doll","28":"product_cat-female-sex-dolls","29":"product_cat-fire-doll","30":"product_cat-flat-chested-sex-doll","31":"product_cat-full-body-sex-dolls","32":"product_cat-full-size-sex-dolls","33":"product_cat-girl-sex-dolls","34":"product_cat-hentai-sex-dolls","35":"product_cat-irontech-sex-dolls","36":"product_cat-japanese-sex-dolls","37":"product_cat-life-like-sex-dolls","38":"product_cat-life-size-sex-dolls","39":"product_cat-love-doll","40":"product_cat-miniature-sex-doll","41":"product_cat-petite-sex-dolls","42":"product_cat-qita-doll","43":"product_cat-real-doll","44":"product_cat-skinny-sex-dolls","45":"product_cat-small-breast-sex-doll","46":"product_cat-sy-doll","47":"product_cat-tantaly-sex-doll","48":"product_cat-teen-sex-dolls","49":"product_cat-tiny-sex-dolls","50":"product_cat-tpe-sex-dolls","51":"product_cat-uk-stock-sex-doll","52":"product_cat-us-stock-sex-dolls","53":"product_cat-wm-doll","54":"product_cat-young-sex-dolls","55":"product_cat-zelex-doll","57":"first","58":"instock","59":"sale","60":"shipping-taxable","61":"purchasable","62":"product-type-variable","63":"has-default-attributes"},"_links":{"self":[{"href":"https:\/\/www.sexdollmini.com\/da\/wp-json\/wp\/v2\/product\/15946","targetHints":{"allow":["GET"]}}],"collection":[{"href":"https:\/\/www.sexdollmini.com\/da\/wp-json\/wp\/v2\/product"}],"about":[{"href":"https:\/\/www.sexdollmini.com\/da\/wp-json\/wp\/v2\/types\/product"}],"replies":[{"embeddable":true,"href":"https:\/\/www.sexdollmini.com\/da\/wp-json\/wp\/v2\/comments?post=15946"}],"wp:featuredmedia":[{"embeddable":true,"href":"https:\/\/www.sexdollmini.com\/da\/wp-json\/wp\/v2\/media\/15964"}],"wp:attachment":[{"href":"https:\/\/www.sexdollmini.com\/da\/wp-json\/wp\/v2\/media?parent=15946"}],"wp:term":[{"taxonomy":"product_brand","embeddable":true,"href":"https:\/\/www.sexdollmini.com\/da\/wp-json\/wp\/v2\/product_brand?post=15946"},{"taxonomy":"product_cat","embeddable":true,"href":"https:\/\/www.sexdollmini.com\/da\/wp-json\/wp\/v2\/product_cat?post=15946"},{"taxonomy":"product_tag","embeddable":true,"href":"https:\/\/www.sexdollmini.com\/da\/wp-json\/wp\/v2\/product_tag?post=15946"}],"curies":[{"name":"wp","href":"https:\/\/api.w.org\/{rel}","templated":true}]}}