{"id":16242,"date":"2025-06-08T21:49:12","date_gmt":"2025-06-09T04:49:12","guid":{"rendered":"https:\/\/www.sexdollmini.com\/?post_type=product&#038;p=16242"},"modified":"2025-09-11T00:15:59","modified_gmt":"2025-09-11T07:15:59","slug":"island-big-boobs-asian-sex-doll","status":"publish","type":"product","link":"https:\/\/www.sexdollmini.com\/da\/vare\/island-big-boobs-asian-sex-doll\/","title":{"rendered":"\u00d8en store bryster Asiatiske sexdukke"},"content":{"rendered":"<h2>Detaljer om sexdukker<\/h2>\n<p>Er den partner, du \u00f8nsker i dit hjerte, den samme som Island-sexdukken, som har enorme bryster og en lille krop? En dag st\u00f8vregnet det udenfor, og den storbrystede sexdukke var pakket ind i et bl\u00f8dt t\u00e6ppe, mens du l\u00e6ste din yndlingsbog ved siden af den med en kop varm kaffe ved siden af. Lyden af regn blev den bedste hvide st\u00f8j, og tiden syntes at stoppe i dette \u00f8jeblik, hvilket var meget smukt. Hvis du virkelig \u00f8nsker en stille partner, kan du overveje Island-sexdukken.<\/p>\n<p>H\u00f8jde: 100 cm<br \/>\nBryst: 63 cm<br \/>\nTalje: 43 cm<br \/>\nHofte: 64 cm<br \/>\nAnusdybde: 13 cm<br \/>\nVaginadybde: 13 cm<br \/>\nMunddybde: 10 cm<br \/>\nNettov\u00e6gt: 14 kg<br \/>\nBruttov\u00e6gt: 17 kg<\/p>\n<p>&nbsp;<\/p>\n<p>Tillad venligst en forskel p\u00e5 2-4 cm i manuel m\u00e5ling p\u00e5 grund af manuel m\u00e5ling.<\/p>","protected":false},"excerpt":{"rendered":"<p>N\u00e5r du er sammen med en 100 cm sexdukke, n\u00e5r du oplever triste ting, eller n\u00e5r du er tr\u00e6t eller glad, kan et t\u00e6t kram med sexdukken \u00f8jeblikkeligt smelte alle dine f\u00f8lelser. I dette \u00f8jeblik er alt i livet smukt.<\/p>","protected":false},"featured_media":16350,"comment_status":"open","ping_status":"closed","template":"","meta":[],"product_brand":[],"product_cat":[53,74,18,81,24,27,23,64,70,28,65,30,38,73,41,82,79,62,26,39,66,80,40,31,69,32,77,25,33,29,20,21,34,72,19,42,71,76,36,35,84,63,61,75,37,78],"product_tag":[],"class_list":{"0":"post-16242","1":"product","2":"type-product","3":"status-publish","4":"has-post-thumbnail","6":"product_cat-100cm-sex-dolls","7":"product_cat-6ye-doll","8":"product_cat-adult-doll","9":"product_cat-aibei-doll","10":"product_cat-american-sex-doll","11":"product_cat-anime-sex-dolls","12":"product_cat-asian-sex-doll","13":"product_cat-australia-stock-sex-doll","14":"product_cat-axb-doll","15":"product_cat-blonde-sex-doll","16":"product_cat-canada-stock-sex-doll","17":"product_cat-cheap-sex-doll","18":"product_cat-chubby-sex-dolls","19":"product_cat-climax-doll","20":"product_cat-curvy-sex-dolls","21":"product_cat-dolls-castle","22":"product_cat-elsa-babe","23":"product_cat-eu-stock-sex-doll","24":"product_cat-european-sex-dolls","25":"product_cat-fantasy-sex-doll","26":"product_cat-female-sex-dolls","27":"product_cat-fire-doll","28":"product_cat-full-body-sex-dolls","29":"product_cat-full-size-sex-dolls","30":"product_cat-girl-sex-dolls","31":"product_cat-hentai-sex-dolls","32":"product_cat-irontech-sex-dolls","33":"product_cat-japanese-sex-dolls","34":"product_cat-life-like-sex-dolls","35":"product_cat-life-size-sex-dolls","36":"product_cat-love-doll","37":"product_cat-miniature-sex-doll","38":"product_cat-petite-sex-dolls","39":"product_cat-qita-doll","40":"product_cat-real-doll","41":"product_cat-skinny-sex-dolls","42":"product_cat-sy-doll","43":"product_cat-tantaly-sex-doll","44":"product_cat-teen-sex-dolls","45":"product_cat-tiny-sex-dolls","46":"product_cat-tpe-sex-dolls","47":"product_cat-uk-stock-sex-doll","48":"product_cat-us-stock-sex-dolls","49":"product_cat-wm-doll","50":"product_cat-young-sex-dolls","51":"product_cat-zelex-doll","53":"first","54":"instock","55":"sale","56":"shipping-taxable","57":"purchasable","58":"product-type-simple"},"_links":{"self":[{"href":"https:\/\/www.sexdollmini.com\/da\/wp-json\/wp\/v2\/product\/16242","targetHints":{"allow":["GET"]}}],"collection":[{"href":"https:\/\/www.sexdollmini.com\/da\/wp-json\/wp\/v2\/product"}],"about":[{"href":"https:\/\/www.sexdollmini.com\/da\/wp-json\/wp\/v2\/types\/product"}],"replies":[{"embeddable":true,"href":"https:\/\/www.sexdollmini.com\/da\/wp-json\/wp\/v2\/comments?post=16242"}],"wp:featuredmedia":[{"embeddable":true,"href":"https:\/\/www.sexdollmini.com\/da\/wp-json\/wp\/v2\/media\/16350"}],"wp:attachment":[{"href":"https:\/\/www.sexdollmini.com\/da\/wp-json\/wp\/v2\/media?parent=16242"}],"wp:term":[{"taxonomy":"product_brand","embeddable":true,"href":"https:\/\/www.sexdollmini.com\/da\/wp-json\/wp\/v2\/product_brand?post=16242"},{"taxonomy":"product_cat","embeddable":true,"href":"https:\/\/www.sexdollmini.com\/da\/wp-json\/wp\/v2\/product_cat?post=16242"},{"taxonomy":"product_tag","embeddable":true,"href":"https:\/\/www.sexdollmini.com\/da\/wp-json\/wp\/v2\/product_tag?post=16242"}],"curies":[{"name":"wp","href":"https:\/\/api.w.org\/{rel}","templated":true}]}}