{"id":16268,"date":"2025-06-09T00:33:45","date_gmt":"2025-06-09T07:33:45","guid":{"rendered":"https:\/\/www.sexdollmini.com\/?post_type=product&#038;p=16268"},"modified":"2025-08-03T19:23:46","modified_gmt":"2025-08-04T02:23:46","slug":"orva-flat-half-body-sex-doll-torso","status":"publish","type":"product","link":"https:\/\/www.sexdollmini.com\/da\/vare\/orva-flat-half-body-sex-doll-torso\/","title":{"rendered":"Orva Flad Halvkrops Sexdukke Torso"},"content":{"rendered":"<h2>Detaljer om sexdukker<\/h2>\n<p>Den fladbrystede sexdukke-torso er meget popul\u00e6r blandt spillere, og den flade brystkasse er denne sexdukkes karakteristiske kendetegn. Den kan ikke kun opfylde dine seksuelle behov, men ogs\u00e5 samles som en skat. Den fladbrystede halvkrops-sexdukke-torso er nem at opbevare og flytte. Hvis du ofte har brug for at flytte eller rejse, vil du ikke have mange problemer med at samle denne sexdukke, og halvkrops-sexdukke-torsoen kan spare en masse plads.<\/p>\n<p>H\u00f8jde: 47 cm<br \/>\nBryst: 47 cm<br \/>\nTalje: 42 cm<br \/>\nHofte: 70 cm<br \/>\nSkulderbredde: 25 cm<br \/>\nVaginadybde: 16 cm<br \/>\nAnusdybde: 16 cm<br \/>\nNettov\u00e6gt: 9 kg<br \/>\nKassespecifikation: 65*34*29<br \/>\nBruttov\u00e6gt: 12 kg<\/p>\n<p>&nbsp;<\/p>\n<p>Tillad venligst en forskel p\u00e5 2-4 cm i manuel m\u00e5ling p\u00e5 grund af manuel m\u00e5ling.<\/p>","protected":false},"excerpt":{"rendered":"<p>Tips til pleje af sexdukker: Undg\u00e5 at v\u00e6lge m\u00f8rkt t\u00f8j til sexdukker, og undg\u00e5 at m\u00f8rkt t\u00f8j kommer i kontakt med TPE-materialer i lang tid for at undg\u00e5 pletter.<br \/>\nHvis du vil have, at sexdukken holder l\u00e6ngere, anbefales det at v\u00e6lge en bl\u00f8d pude til sexdukken og holde dukken i en naturlig kropsholdning.<\/p>","protected":false},"featured_media":16270,"comment_status":"open","ping_status":"closed","template":"","meta":[],"product_brand":[],"product_cat":[18,73,82,79,66,80,43,146,20,21,34,60,42,71,84,75,78],"product_tag":[],"class_list":{"0":"post-16268","1":"product","2":"type-product","3":"status-publish","4":"has-post-thumbnail","6":"product_cat-adult-doll","7":"product_cat-climax-doll","8":"product_cat-dolls-castle","9":"product_cat-elsa-babe","10":"product_cat-female-sex-dolls","11":"product_cat-fire-doll","12":"product_cat-flat-chested-sex-doll","13":"product_cat-half-body-sex-doll-torso","14":"product_cat-love-doll","15":"product_cat-miniature-sex-doll","16":"product_cat-petite-sex-dolls","17":"product_cat-sex-doll-torso","18":"product_cat-skinny-sex-dolls","19":"product_cat-sy-doll","20":"product_cat-tpe-sex-dolls","21":"product_cat-wm-doll","22":"product_cat-zelex-doll","24":"first","25":"instock","26":"sale","27":"shipping-taxable","28":"purchasable","29":"product-type-simple"},"_links":{"self":[{"href":"https:\/\/www.sexdollmini.com\/da\/wp-json\/wp\/v2\/product\/16268","targetHints":{"allow":["GET"]}}],"collection":[{"href":"https:\/\/www.sexdollmini.com\/da\/wp-json\/wp\/v2\/product"}],"about":[{"href":"https:\/\/www.sexdollmini.com\/da\/wp-json\/wp\/v2\/types\/product"}],"replies":[{"embeddable":true,"href":"https:\/\/www.sexdollmini.com\/da\/wp-json\/wp\/v2\/comments?post=16268"}],"wp:featuredmedia":[{"embeddable":true,"href":"https:\/\/www.sexdollmini.com\/da\/wp-json\/wp\/v2\/media\/16270"}],"wp:attachment":[{"href":"https:\/\/www.sexdollmini.com\/da\/wp-json\/wp\/v2\/media?parent=16268"}],"wp:term":[{"taxonomy":"product_brand","embeddable":true,"href":"https:\/\/www.sexdollmini.com\/da\/wp-json\/wp\/v2\/product_brand?post=16268"},{"taxonomy":"product_cat","embeddable":true,"href":"https:\/\/www.sexdollmini.com\/da\/wp-json\/wp\/v2\/product_cat?post=16268"},{"taxonomy":"product_tag","embeddable":true,"href":"https:\/\/www.sexdollmini.com\/da\/wp-json\/wp\/v2\/product_tag?post=16268"}],"curies":[{"name":"wp","href":"https:\/\/api.w.org\/{rel}","templated":true}]}}