{"id":16425,"date":"2025-06-12T03:17:24","date_gmt":"2025-06-12T10:17:24","guid":{"rendered":"https:\/\/www.sexdollmini.com\/?post_type=product&#038;p=16425"},"modified":"2025-07-15T00:21:28","modified_gmt":"2025-07-15T07:21:28","slug":"verda-108cm-big-tits-sex-doll","status":"publish","type":"product","link":"https:\/\/www.sexdollmini.com\/da\/vare\/verda-108cm-big-tits-sex-doll\/","title":{"rendered":"Verda 108cm Sexdukke med Store Bryster"},"content":{"rendered":"<h2>Detaljer om sexdukker<\/h2>\n<p>Sexdukken med store bryster har en lav h\u00f8jde, store bryster og en stor r\u00f8v t\u00e6t pakket ind i et korset, hvilket g\u00f8r sexdukken meget sexet. Med sine lukkede \u00f8jne og spidse ansigt ser hun ud som om, hun m\u00e6rker de gode ting, verden har at byde p\u00e5. Denne kvindelige sexdukke udstr\u00e5ler en sexet stemning, der vil f\u00e5 dig til at forelske dig uden engang at opdage det. En af fordelene ved, at sexdukker er lave i h\u00f8jden, er, at de er nemme at bev\u00e6ge sig rundt p\u00e5, og du kan have et dejligt m\u00f8de med en sexdukke, n\u00e5r du er f\u00e6rdig med din travle kalender.<\/p>\n<p>H\u00f8jde: 108 cm<br \/>\nBryst: 81 cm<br \/>\nTalje: 46 cm<br \/>\nHofter: 80 cm<br \/>\nNettov\u00e6gt: 22 kg<br \/>\nBruttov\u00e6gt: 26 kg<br \/>\nPakning 100*36*26CM<br \/>\nVaginal\u00e6ngde: 15 cm<br \/>\nAnus: 13 cm<br \/>\nBlowjob: 10 cm<\/p>\n<p>&nbsp;<\/p>\n<p>Tillad venligst en forskel p\u00e5 2-4 cm i manuel m\u00e5ling p\u00e5 grund af manuel m\u00e5ling.<\/p>","protected":false},"excerpt":{"rendered":"<p>Sexdukken er ikke s\u00e6rlig h\u00f8j, men hendes vellystige figur tilf\u00f8jer hende en unik charme. Hendes store bryster og r\u00f8v f\u00e5r sexdukkens krop til at se meget sexet ud, og hendes look er uforglemmeligt.<\/p>","protected":false},"featured_media":16431,"comment_status":"open","ping_status":"closed","template":"","meta":[],"product_brand":[],"product_cat":[54,74,18,81,24,27,23,70,22,28,30,38,73,41,82,79,62,26,39,66,80,40,31,69,32,77,25,33,29,20,148,72,19,71,76,36,35,84,61,75,37,78],"product_tag":[],"class_list":{"0":"post-16425","1":"product","2":"type-product","3":"status-publish","4":"has-post-thumbnail","6":"product_cat-108cm-sex-dolls","7":"product_cat-6ye-doll","8":"product_cat-adult-doll","9":"product_cat-aibei-doll","10":"product_cat-american-sex-doll","11":"product_cat-anime-sex-dolls","12":"product_cat-asian-sex-doll","13":"product_cat-axb-doll","14":"product_cat-bbw-sex-doll","15":"product_cat-blonde-sex-doll","16":"product_cat-cheap-sex-doll","17":"product_cat-chubby-sex-dolls","18":"product_cat-climax-doll","19":"product_cat-curvy-sex-dolls","20":"product_cat-dolls-castle","21":"product_cat-elsa-babe","22":"product_cat-eu-stock-sex-doll","23":"product_cat-european-sex-dolls","24":"product_cat-fantasy-sex-doll","25":"product_cat-female-sex-dolls","26":"product_cat-fire-doll","27":"product_cat-full-body-sex-dolls","28":"product_cat-full-size-sex-dolls","29":"product_cat-girl-sex-dolls","30":"product_cat-hentai-sex-dolls","31":"product_cat-irontech-sex-dolls","32":"product_cat-japanese-sex-dolls","33":"product_cat-life-like-sex-dolls","34":"product_cat-life-size-sex-dolls","35":"product_cat-love-doll","36":"product_cat-midget-sex-doll","37":"product_cat-qita-doll","38":"product_cat-real-doll","39":"product_cat-sy-doll","40":"product_cat-tantaly-sex-doll","41":"product_cat-teen-sex-dolls","42":"product_cat-tiny-sex-dolls","43":"product_cat-tpe-sex-dolls","44":"product_cat-us-stock-sex-dolls","45":"product_cat-wm-doll","46":"product_cat-young-sex-dolls","47":"product_cat-zelex-doll","49":"first","50":"instock","51":"sale","52":"shipping-taxable","53":"purchasable","54":"product-type-simple"},"_links":{"self":[{"href":"https:\/\/www.sexdollmini.com\/da\/wp-json\/wp\/v2\/product\/16425","targetHints":{"allow":["GET"]}}],"collection":[{"href":"https:\/\/www.sexdollmini.com\/da\/wp-json\/wp\/v2\/product"}],"about":[{"href":"https:\/\/www.sexdollmini.com\/da\/wp-json\/wp\/v2\/types\/product"}],"replies":[{"embeddable":true,"href":"https:\/\/www.sexdollmini.com\/da\/wp-json\/wp\/v2\/comments?post=16425"}],"wp:featuredmedia":[{"embeddable":true,"href":"https:\/\/www.sexdollmini.com\/da\/wp-json\/wp\/v2\/media\/16431"}],"wp:attachment":[{"href":"https:\/\/www.sexdollmini.com\/da\/wp-json\/wp\/v2\/media?parent=16425"}],"wp:term":[{"taxonomy":"product_brand","embeddable":true,"href":"https:\/\/www.sexdollmini.com\/da\/wp-json\/wp\/v2\/product_brand?post=16425"},{"taxonomy":"product_cat","embeddable":true,"href":"https:\/\/www.sexdollmini.com\/da\/wp-json\/wp\/v2\/product_cat?post=16425"},{"taxonomy":"product_tag","embeddable":true,"href":"https:\/\/www.sexdollmini.com\/da\/wp-json\/wp\/v2\/product_tag?post=16425"}],"curies":[{"name":"wp","href":"https:\/\/api.w.org\/{rel}","templated":true}]}}