{"id":16974,"date":"2025-07-15T00:30:29","date_gmt":"2025-07-15T07:30:29","guid":{"rendered":"https:\/\/www.sexdollmini.com\/?post_type=product&#038;p=16974"},"modified":"2025-07-29T20:25:31","modified_gmt":"2025-07-30T03:25:31","slug":"sexy-sleepwear-set-sex-doll","status":"publish","type":"product","link":"https:\/\/www.sexdollmini.com\/da\/vare\/sexy-sleepwear-set-sex-doll\/","title":{"rendered":"Sexet natt\u00f8jss\u00e6t til sexdukker"},"content":{"rendered":"<p>Den todelte sexede blondepyjamas kan spille en flirtende rolle i sexlivet. Den kan bruges som sexdukke i kort tid. N\u00e5r sexlivet er slut, anbefales det at tage pyjamasen af og p\u00e5 sexdukken i tide, s\u00e5 sexdukken kan holde l\u00e6ngere.<\/p>\n<p>Kun st\u00f8rrelse S<br \/>\nBryst: 81 cm<br \/>\nTalje: 59 cm<br \/>\nHofte: 90 cm<\/p>\n<p>&nbsp;<\/p>\n<p>Tillad venligst en fejl p\u00e5 2-3 cm p\u00e5 grund af manuel m\u00e5ling.<\/p>","protected":false},"excerpt":{"rendered":"<p>Rygl\u00f8se pyjamas er ofte lavet af blondemateriale, hvilket kan f\u00e5 sexdukker til at se mere sexede ud.<\/p>","protected":false},"featured_media":16975,"comment_status":"open","ping_status":"closed","template":"","meta":[],"product_brand":[],"product_cat":[83],"product_tag":[],"class_list":{"0":"post-16974","1":"product","2":"type-product","3":"status-publish","4":"has-post-thumbnail","6":"product_cat-sex-doll-accessories","8":"first","9":"instock","10":"sale","11":"shipping-taxable","12":"purchasable","13":"product-type-variable","14":"has-default-attributes"},"_links":{"self":[{"href":"https:\/\/www.sexdollmini.com\/da\/wp-json\/wp\/v2\/product\/16974","targetHints":{"allow":["GET"]}}],"collection":[{"href":"https:\/\/www.sexdollmini.com\/da\/wp-json\/wp\/v2\/product"}],"about":[{"href":"https:\/\/www.sexdollmini.com\/da\/wp-json\/wp\/v2\/types\/product"}],"replies":[{"embeddable":true,"href":"https:\/\/www.sexdollmini.com\/da\/wp-json\/wp\/v2\/comments?post=16974"}],"wp:featuredmedia":[{"embeddable":true,"href":"https:\/\/www.sexdollmini.com\/da\/wp-json\/wp\/v2\/media\/16975"}],"wp:attachment":[{"href":"https:\/\/www.sexdollmini.com\/da\/wp-json\/wp\/v2\/media?parent=16974"}],"wp:term":[{"taxonomy":"product_brand","embeddable":true,"href":"https:\/\/www.sexdollmini.com\/da\/wp-json\/wp\/v2\/product_brand?post=16974"},{"taxonomy":"product_cat","embeddable":true,"href":"https:\/\/www.sexdollmini.com\/da\/wp-json\/wp\/v2\/product_cat?post=16974"},{"taxonomy":"product_tag","embeddable":true,"href":"https:\/\/www.sexdollmini.com\/da\/wp-json\/wp\/v2\/product_tag?post=16974"}],"curies":[{"name":"wp","href":"https:\/\/api.w.org\/{rel}","templated":true}]}}