{"id":16987,"date":"2025-07-15T01:19:18","date_gmt":"2025-07-15T08:19:18","guid":{"rendered":"https:\/\/www.sexdollmini.com\/?post_type=product&#038;p=16987"},"modified":"2025-07-29T20:23:56","modified_gmt":"2025-07-30T03:23:56","slug":"small-dress-mini-sex-doll","status":"publish","type":"product","link":"https:\/\/www.sexdollmini.com\/da\/vare\/small-dress-mini-sex-doll\/","title":{"rendered":"Elegant lille kjole til mini-sexdukker"},"content":{"rendered":"<p>&nbsp;<\/p>\n<p>St\u00f8rrelse S\/5: anbefalet h\u00f8jde: 106-112 cm; anbefalet v\u00e6gt: 16-20 kg<\/p>\n<p>St\u00f8rrelse M\/6: anbefalet h\u00f8jde: 112-118 cm; anbefalet v\u00e6gt: 18-23 kg<\/p>\n<p>St\u00f8rrelse L\/7: anbefalet h\u00f8jde: 118-124 cm; anbefalet v\u00e6gt: 20-26 kg<\/p>\n<p>&nbsp;<\/p>\n<p>Tillad venligst en fejl p\u00e5 2-3 cm p\u00e5 grund af manuel m\u00e5ling.<\/p>","protected":false},"excerpt":{"rendered":"<p>Hvide nederdele f\u00e5s i forskellige st\u00f8rrelser.<\/p>","protected":false},"featured_media":16992,"comment_status":"open","ping_status":"closed","template":"","meta":[],"product_brand":[],"product_cat":[83],"product_tag":[],"class_list":{"0":"post-16987","1":"product","2":"type-product","3":"status-publish","4":"has-post-thumbnail","6":"product_cat-sex-doll-accessories","8":"first","9":"instock","10":"sale","11":"shipping-taxable","12":"purchasable","13":"product-type-variable","14":"has-default-attributes"},"_links":{"self":[{"href":"https:\/\/www.sexdollmini.com\/da\/wp-json\/wp\/v2\/product\/16987","targetHints":{"allow":["GET"]}}],"collection":[{"href":"https:\/\/www.sexdollmini.com\/da\/wp-json\/wp\/v2\/product"}],"about":[{"href":"https:\/\/www.sexdollmini.com\/da\/wp-json\/wp\/v2\/types\/product"}],"replies":[{"embeddable":true,"href":"https:\/\/www.sexdollmini.com\/da\/wp-json\/wp\/v2\/comments?post=16987"}],"wp:featuredmedia":[{"embeddable":true,"href":"https:\/\/www.sexdollmini.com\/da\/wp-json\/wp\/v2\/media\/16992"}],"wp:attachment":[{"href":"https:\/\/www.sexdollmini.com\/da\/wp-json\/wp\/v2\/media?parent=16987"}],"wp:term":[{"taxonomy":"product_brand","embeddable":true,"href":"https:\/\/www.sexdollmini.com\/da\/wp-json\/wp\/v2\/product_brand?post=16987"},{"taxonomy":"product_cat","embeddable":true,"href":"https:\/\/www.sexdollmini.com\/da\/wp-json\/wp\/v2\/product_cat?post=16987"},{"taxonomy":"product_tag","embeddable":true,"href":"https:\/\/www.sexdollmini.com\/da\/wp-json\/wp\/v2\/product_tag?post=16987"}],"curies":[{"name":"wp","href":"https:\/\/api.w.org\/{rel}","templated":true}]}}