{"id":17017,"date":"2025-07-15T05:56:05","date_gmt":"2025-07-15T12:56:05","guid":{"rendered":"https:\/\/www.sexdollmini.com\/?post_type=product&#038;p=17017"},"modified":"2026-04-16T03:35:41","modified_gmt":"2026-04-16T10:35:41","slug":"body-gel-lubricant-sex-doll","status":"publish","type":"product","link":"https:\/\/www.sexdollmini.com\/da\/vare\/body-gel-lubricant-sex-doll\/","title":{"rendered":"Kropsgel sm\u00f8remiddel til sexdukker"},"content":{"rendered":"<p>80 ml flasken med glidecreme kan bruges p\u00e5 en r\u00e6kke forskellige omr\u00e5der, herunder vaginal, anal, bryst- og oralsex.<\/p>\n<p>&nbsp;<\/p>\n<p><img decoding=\"async\" src=\"https:\/\/www.sexdollmini.com\/wp-content\/themes\/woodmart\/images\/lazy.svg\" data-src=\"https:\/\/www.sexdollmini.com\/wp-content\/uploads\/2025\/07\/01.webp\" height=\"1000\" width=\"1000\" class=\"aligncenter wp-image-17024 size-full\" alt=\"Vandopl\u00f8selige glidecremer med kirseb\u00e6r- og jordb\u00e6rsmag, der er ideelle til seksuel velv\u00e6re, nemme at reng\u00f8re og perfekte til at forbedre intimitet med en glat og glat fornemmelse.\" title=\"-\" srcset=\"\" data-srcset=\"https:\/\/www.sexdollmini.com\/wp-content\/uploads\/2025\/07\/01.webp 1000w, https:\/\/www.sexdollmini.com\/wp-content\/uploads\/2025\/07\/01-150x150.webp 150w, https:\/\/www.sexdollmini.com\/wp-content\/uploads\/2025\/07\/01-700x700.webp 700w, https:\/\/www.sexdollmini.com\/wp-content\/uploads\/2025\/07\/01-300x300.webp 300w, https:\/\/www.sexdollmini.com\/wp-content\/uploads\/2025\/07\/01-800x800.webp 800w, https:\/\/www.sexdollmini.com\/wp-content\/uploads\/2025\/07\/01-768x768.webp 768w\" sizes=\"(max-width: 1000px) 100vw, 1000px\" \/>  <img decoding=\"async\" class=\"aligncenter wp-image-17025 size-full\" src=\"https:\/\/www.sexdollmini.com\/wp-content\/themes\/woodmart\/images\/lazy.svg\" data-src=\"https:\/\/www.sexdollmini.com\/wp-content\/uploads\/2025\/07\/2.webp\" alt=\"\" width=\"1000\" height=\"1000\" title=\"-\" srcset=\"\" data-srcset=\"https:\/\/www.sexdollmini.com\/wp-content\/uploads\/2025\/07\/2.webp 1000w, https:\/\/www.sexdollmini.com\/wp-content\/uploads\/2025\/07\/2-150x150.webp 150w, https:\/\/www.sexdollmini.com\/wp-content\/uploads\/2025\/07\/2-700x700.webp 700w, https:\/\/www.sexdollmini.com\/wp-content\/uploads\/2025\/07\/2-300x300.webp 300w, https:\/\/www.sexdollmini.com\/wp-content\/uploads\/2025\/07\/2-800x800.webp 800w, https:\/\/www.sexdollmini.com\/wp-content\/uploads\/2025\/07\/2-768x768.webp 768w\" sizes=\"(max-width: 1000px) 100vw, 1000px\" \/><\/p>","protected":false},"excerpt":{"rendered":"<p>N\u00e5r du har sex med en sexdukke, kan du bruge en passende m\u00e6ngde glidecreme for at \u00f8ge stimuleringen af k\u00f8nsorganerne.<\/p>","protected":false},"featured_media":17021,"comment_status":"open","ping_status":"closed","template":"","meta":[],"product_brand":[],"product_cat":[83],"product_tag":[],"class_list":{"0":"post-17017","1":"product","2":"type-product","3":"status-publish","4":"has-post-thumbnail","6":"product_cat-sex-doll-accessories","8":"first","9":"instock","10":"sale","11":"shipping-taxable","12":"purchasable","13":"product-type-variable","14":"has-default-attributes"},"_links":{"self":[{"href":"https:\/\/www.sexdollmini.com\/da\/wp-json\/wp\/v2\/product\/17017","targetHints":{"allow":["GET"]}}],"collection":[{"href":"https:\/\/www.sexdollmini.com\/da\/wp-json\/wp\/v2\/product"}],"about":[{"href":"https:\/\/www.sexdollmini.com\/da\/wp-json\/wp\/v2\/types\/product"}],"replies":[{"embeddable":true,"href":"https:\/\/www.sexdollmini.com\/da\/wp-json\/wp\/v2\/comments?post=17017"}],"wp:featuredmedia":[{"embeddable":true,"href":"https:\/\/www.sexdollmini.com\/da\/wp-json\/wp\/v2\/media\/17021"}],"wp:attachment":[{"href":"https:\/\/www.sexdollmini.com\/da\/wp-json\/wp\/v2\/media?parent=17017"}],"wp:term":[{"taxonomy":"product_brand","embeddable":true,"href":"https:\/\/www.sexdollmini.com\/da\/wp-json\/wp\/v2\/product_brand?post=17017"},{"taxonomy":"product_cat","embeddable":true,"href":"https:\/\/www.sexdollmini.com\/da\/wp-json\/wp\/v2\/product_cat?post=17017"},{"taxonomy":"product_tag","embeddable":true,"href":"https:\/\/www.sexdollmini.com\/da\/wp-json\/wp\/v2\/product_tag?post=17017"}],"curies":[{"name":"wp","href":"https:\/\/api.w.org\/{rel}","templated":true}]}}