{"id":17070,"date":"2025-07-16T03:13:54","date_gmt":"2025-07-16T10:13:54","guid":{"rendered":"https:\/\/www.sexdollmini.com\/?post_type=product&#038;p=17070"},"modified":"2025-07-29T20:19:16","modified_gmt":"2025-07-30T03:19:16","slug":"female-short-wig-sex-doll","status":"publish","type":"product","link":"https:\/\/www.sexdollmini.com\/da\/vare\/female-short-wig-sex-doll\/","title":{"rendered":"Kort paryk til sexdukker"},"content":{"rendered":"<p>Efter du har modtaget parykken, kan du bruge den som sexdukke eller trimme en flot frisure til parykken, s\u00e5 den matcher den sexede sexdukke.<\/p>\n<p><img decoding=\"async\" class=\"aligncenter wp-image-17077 size-full\" src=\"https:\/\/www.sexdollmini.com\/wp-content\/themes\/woodmart\/images\/lazy.svg\" data-src=\"https:\/\/www.sexdollmini.com\/wp-content\/uploads\/2025\/07\/8.webp\" alt=\"\" width=\"800\" height=\"780\" title=\"-\" srcset=\"\" data-srcset=\"https:\/\/www.sexdollmini.com\/wp-content\/uploads\/2025\/07\/8.webp 800w, https:\/\/www.sexdollmini.com\/wp-content\/uploads\/2025\/07\/8-150x146.webp 150w, https:\/\/www.sexdollmini.com\/wp-content\/uploads\/2025\/07\/8-700x683.webp 700w, https:\/\/www.sexdollmini.com\/wp-content\/uploads\/2025\/07\/8-308x300.webp 308w, https:\/\/www.sexdollmini.com\/wp-content\/uploads\/2025\/07\/8-768x749.webp 768w\" sizes=\"(max-width: 800px) 100vw, 800px\" \/><\/p>\n<p>&nbsp;<\/p>\n<p>Tillad venligst en fejl p\u00e5 2-3 cm p\u00e5 grund af manuel m\u00e5ling. P\u00e5 grund af fremstillingsprocessen, lyseffekter og computersk\u00e6rme kan der v\u00e6re farve- og frisureforskelle.<\/p>","protected":false},"excerpt":{"rendered":"<p>V\u00e6lg den parykfarve, du kan lide, og du kan b\u00e6re den direkte p\u00e5 din sexdukke, efter du har modtaget parykken.<\/p>","protected":false},"featured_media":17074,"comment_status":"open","ping_status":"closed","template":"","meta":[],"product_brand":[],"product_cat":[83],"product_tag":[],"class_list":{"0":"post-17070","1":"product","2":"type-product","3":"status-publish","4":"has-post-thumbnail","6":"product_cat-sex-doll-accessories","8":"first","9":"instock","10":"sale","11":"shipping-taxable","12":"purchasable","13":"product-type-variable","14":"has-default-attributes"},"_links":{"self":[{"href":"https:\/\/www.sexdollmini.com\/da\/wp-json\/wp\/v2\/product\/17070","targetHints":{"allow":["GET"]}}],"collection":[{"href":"https:\/\/www.sexdollmini.com\/da\/wp-json\/wp\/v2\/product"}],"about":[{"href":"https:\/\/www.sexdollmini.com\/da\/wp-json\/wp\/v2\/types\/product"}],"replies":[{"embeddable":true,"href":"https:\/\/www.sexdollmini.com\/da\/wp-json\/wp\/v2\/comments?post=17070"}],"wp:featuredmedia":[{"embeddable":true,"href":"https:\/\/www.sexdollmini.com\/da\/wp-json\/wp\/v2\/media\/17074"}],"wp:attachment":[{"href":"https:\/\/www.sexdollmini.com\/da\/wp-json\/wp\/v2\/media?parent=17070"}],"wp:term":[{"taxonomy":"product_brand","embeddable":true,"href":"https:\/\/www.sexdollmini.com\/da\/wp-json\/wp\/v2\/product_brand?post=17070"},{"taxonomy":"product_cat","embeddable":true,"href":"https:\/\/www.sexdollmini.com\/da\/wp-json\/wp\/v2\/product_cat?post=17070"},{"taxonomy":"product_tag","embeddable":true,"href":"https:\/\/www.sexdollmini.com\/da\/wp-json\/wp\/v2\/product_tag?post=17070"}],"curies":[{"name":"wp","href":"https:\/\/api.w.org\/{rel}","templated":true}]}}