{"id":17099,"date":"2025-07-16T04:30:05","date_gmt":"2025-07-16T11:30:05","guid":{"rendered":"https:\/\/www.sexdollmini.com\/?post_type=product&#038;p=17099"},"modified":"2025-12-18T03:30:51","modified_gmt":"2025-12-18T11:30:51","slug":"water-based-lubricant-sex-doll","status":"publish","type":"product","link":"https:\/\/www.sexdollmini.com\/da\/vare\/water-based-lubricant-sex-doll\/","title":{"rendered":"Vandbaseret glidemiddel til sexdukker"},"content":{"rendered":"<p>N\u00e5r du har sex med en sexdukke, skal du v\u00e6lge et vandbaseret glidemiddel for at stimulere organerne, hurtigt v\u00e6kke seksuel lyst og reducere smerter for\u00e5rsaget af t\u00f8rhed og friktion.<\/p>\n<div class=\"mceTemp\"><\/div>\n<p><img decoding=\"async\" class=\"aligncenter wp-image-20043 size-full\" src=\"https:\/\/www.sexdollmini.com\/wp-content\/themes\/woodmart\/images\/lazy.svg\" data-src=\"https:\/\/www.sexdollmini.com\/wp-content\/uploads\/2025\/07\/Sex-Oil5-1.jpg\" alt=\"Silke sexolie universal glidecreme til forbedret intimitet, en glat sexoplevelse og orgasmeboost, kompatibel med sexdukker og voksenleget\u00f8j for ultimativ tilfredsstillelse og nydelse.\" width=\"800\" height=\"800\" title=\"-\" srcset=\"\" data-srcset=\"https:\/\/www.sexdollmini.com\/wp-content\/uploads\/2025\/07\/Sex-Oil5-1.jpg 800w, https:\/\/www.sexdollmini.com\/wp-content\/uploads\/2025\/07\/Sex-Oil5-1-300x300.jpg 300w, https:\/\/www.sexdollmini.com\/wp-content\/uploads\/2025\/07\/Sex-Oil5-1-150x150.jpg 150w, https:\/\/www.sexdollmini.com\/wp-content\/uploads\/2025\/07\/Sex-Oil5-1-768x768.jpg 768w, https:\/\/www.sexdollmini.com\/wp-content\/uploads\/2025\/07\/Sex-Oil5-1-12x12.jpg 12w, https:\/\/www.sexdollmini.com\/wp-content\/uploads\/2025\/07\/Sex-Oil5-1-700x700.jpg 700w\" sizes=\"(max-width: 800px) 100vw, 800px\" \/><\/p>","protected":false},"excerpt":{"rendered":"<p>Vandbaserede glidecremer kan bruges p\u00e5 brysterne, vagina, anus og mund.<\/p>","protected":false},"featured_media":20044,"comment_status":"open","ping_status":"closed","template":"","meta":[],"product_brand":[],"product_cat":[83],"product_tag":[],"class_list":{"0":"post-17099","1":"product","2":"type-product","3":"status-publish","4":"has-post-thumbnail","6":"product_cat-sex-doll-accessories","8":"first","9":"instock","10":"sale","11":"shipping-taxable","12":"purchasable","13":"product-type-simple"},"_links":{"self":[{"href":"https:\/\/www.sexdollmini.com\/da\/wp-json\/wp\/v2\/product\/17099","targetHints":{"allow":["GET"]}}],"collection":[{"href":"https:\/\/www.sexdollmini.com\/da\/wp-json\/wp\/v2\/product"}],"about":[{"href":"https:\/\/www.sexdollmini.com\/da\/wp-json\/wp\/v2\/types\/product"}],"replies":[{"embeddable":true,"href":"https:\/\/www.sexdollmini.com\/da\/wp-json\/wp\/v2\/comments?post=17099"}],"wp:featuredmedia":[{"embeddable":true,"href":"https:\/\/www.sexdollmini.com\/da\/wp-json\/wp\/v2\/media\/20044"}],"wp:attachment":[{"href":"https:\/\/www.sexdollmini.com\/da\/wp-json\/wp\/v2\/media?parent=17099"}],"wp:term":[{"taxonomy":"product_brand","embeddable":true,"href":"https:\/\/www.sexdollmini.com\/da\/wp-json\/wp\/v2\/product_brand?post=17099"},{"taxonomy":"product_cat","embeddable":true,"href":"https:\/\/www.sexdollmini.com\/da\/wp-json\/wp\/v2\/product_cat?post=17099"},{"taxonomy":"product_tag","embeddable":true,"href":"https:\/\/www.sexdollmini.com\/da\/wp-json\/wp\/v2\/product_tag?post=17099"}],"curies":[{"name":"wp","href":"https:\/\/api.w.org\/{rel}","templated":true}]}}