{"id":17123,"date":"2025-07-16T21:39:19","date_gmt":"2025-07-17T04:39:19","guid":{"rendered":"https:\/\/www.sexdollmini.com\/?post_type=product&#038;p=17123"},"modified":"2025-09-22T01:54:15","modified_gmt":"2025-09-22T08:54:15","slug":"damaris-mini-handheld-60cm-sex-doll","status":"publish","type":"product","link":"https:\/\/www.sexdollmini.com\/da\/vare\/damaris-mini-handheld-60cm-sex-doll\/","title":{"rendered":"Damaris Mini H\u00e5ndholdt 60cm Sexdukke"},"content":{"rendered":"<p>Med de samme realistiske teksturer og anatomiske detaljer som dukkerne i fuld st\u00f8rrelse er de 60 cm store Mini TPE-sexdukker blevet nedskaleret for at g\u00f8re dem nemmere at bruge og b\u00e6rbare. Dens lille krop har store, svulmende bryster, der giver sexdukken et fyldigere udseende, og den har realistisk hudfarve og fleksible led for naturlig posering.<\/p>\n<p>H\u00f8jde: 60 cm<br \/>\nBryst: 43 cm<br \/>\nTalje: 30 cm<br \/>\nHofte: 45 cm<br \/>\nSkulderbredde: 12 cm<br \/>\nVaginadybde: 9 cm<br \/>\nAnusdybde: 10 cm<br \/>\nV\u00e6gt: 3 kg<\/p>\n<div style=\"width: 1080px;\" class=\"wp-video\"><video class=\"wp-video-shortcode\" id=\"video-17123-1\" width=\"1080\" height=\"1920\" preload=\"metadata\" controls=\"controls\"><source type=\"video\/mp4\" src=\"https:\/\/www.sexdollmini.com\/wp-content\/uploads\/2025\/07\/Damaris-sex-doll.mp4?_=1\" \/><a href=\"https:\/\/www.sexdollmini.com\/wp-content\/uploads\/2025\/07\/Damaris-sex-doll.mp4\">https:\/\/www.sexdollmini.com\/wp-content\/uploads\/2025\/07\/Damaris-sex-doll.mp4<\/a><\/video><\/div>\n<p>Tillad venligst en forskel p\u00e5 2-4 cm i manuel m\u00e5ling p\u00e5 grund af manuel m\u00e5ling.<\/p>","protected":false},"excerpt":{"rendered":"<p>De 60 cm store sexdukker har et uovertruffent niveau af realisme, de er ikke kun praktiske og omkostningseffektive, de er ogs\u00e5 kunstv\u00e6rker. Du kan vise de sm\u00e5 sexdukker frem som edgy dekorationer eller \u00e6ndre t\u00f8jet for at inspirere til nye seksuelle fantasier!<\/p>","protected":false},"featured_media":17125,"comment_status":"open","ping_status":"closed","template":"","meta":[],"product_brand":[],"product_cat":[47,74,18,81,24,27,23,70,28,30,38,73,41,82,79,39,66,80,40,31,69,32,77,25,33,29,20,148,21,34,72,19,42,71,76,36,35,84,75,37,78],"product_tag":[],"class_list":{"0":"post-17123","1":"product","2":"type-product","3":"status-publish","4":"has-post-thumbnail","6":"product_cat-60cm-sex-dolls","7":"product_cat-6ye-doll","8":"product_cat-adult-doll","9":"product_cat-aibei-doll","10":"product_cat-american-sex-doll","11":"product_cat-anime-sex-dolls","12":"product_cat-asian-sex-doll","13":"product_cat-axb-doll","14":"product_cat-blonde-sex-doll","15":"product_cat-cheap-sex-doll","16":"product_cat-chubby-sex-dolls","17":"product_cat-climax-doll","18":"product_cat-curvy-sex-dolls","19":"product_cat-dolls-castle","20":"product_cat-elsa-babe","21":"product_cat-fantasy-sex-doll","22":"product_cat-female-sex-dolls","23":"product_cat-fire-doll","24":"product_cat-full-body-sex-dolls","25":"product_cat-full-size-sex-dolls","26":"product_cat-girl-sex-dolls","27":"product_cat-hentai-sex-dolls","28":"product_cat-irontech-sex-dolls","29":"product_cat-japanese-sex-dolls","30":"product_cat-life-like-sex-dolls","31":"product_cat-life-size-sex-dolls","32":"product_cat-love-doll","33":"product_cat-midget-sex-doll","34":"product_cat-miniature-sex-doll","35":"product_cat-petite-sex-dolls","36":"product_cat-qita-doll","37":"product_cat-real-doll","38":"product_cat-skinny-sex-dolls","39":"product_cat-sy-doll","40":"product_cat-tantaly-sex-doll","41":"product_cat-teen-sex-dolls","42":"product_cat-tiny-sex-dolls","43":"product_cat-tpe-sex-dolls","44":"product_cat-wm-doll","45":"product_cat-young-sex-dolls","46":"product_cat-zelex-doll","48":"first","49":"instock","50":"sale","51":"shipping-taxable","52":"purchasable","53":"product-type-simple"},"_links":{"self":[{"href":"https:\/\/www.sexdollmini.com\/da\/wp-json\/wp\/v2\/product\/17123","targetHints":{"allow":["GET"]}}],"collection":[{"href":"https:\/\/www.sexdollmini.com\/da\/wp-json\/wp\/v2\/product"}],"about":[{"href":"https:\/\/www.sexdollmini.com\/da\/wp-json\/wp\/v2\/types\/product"}],"replies":[{"embeddable":true,"href":"https:\/\/www.sexdollmini.com\/da\/wp-json\/wp\/v2\/comments?post=17123"}],"wp:featuredmedia":[{"embeddable":true,"href":"https:\/\/www.sexdollmini.com\/da\/wp-json\/wp\/v2\/media\/17125"}],"wp:attachment":[{"href":"https:\/\/www.sexdollmini.com\/da\/wp-json\/wp\/v2\/media?parent=17123"}],"wp:term":[{"taxonomy":"product_brand","embeddable":true,"href":"https:\/\/www.sexdollmini.com\/da\/wp-json\/wp\/v2\/product_brand?post=17123"},{"taxonomy":"product_cat","embeddable":true,"href":"https:\/\/www.sexdollmini.com\/da\/wp-json\/wp\/v2\/product_cat?post=17123"},{"taxonomy":"product_tag","embeddable":true,"href":"https:\/\/www.sexdollmini.com\/da\/wp-json\/wp\/v2\/product_tag?post=17123"}],"curies":[{"name":"wp","href":"https:\/\/api.w.org\/{rel}","templated":true}]}}