{"id":17133,"date":"2025-07-17T03:11:50","date_gmt":"2025-07-17T10:11:50","guid":{"rendered":"https:\/\/www.sexdollmini.com\/?post_type=product&#038;p=17133"},"modified":"2025-09-08T06:00:06","modified_gmt":"2025-09-08T13:00:06","slug":"delphine-asian-88cm-sale-sex-doll","status":"publish","type":"product","link":"https:\/\/www.sexdollmini.com\/da\/vare\/delphine-asian-88cm-sale-sex-doll\/","title":{"rendered":"Delphine Asiatisk 88cm Salg Sexdukke"},"content":{"rendered":"<p>Den 88 cm h\u00f8je sexdukke har en hvedeagtig hudfarve, store \u00f8jne og spids hage, og ansigtstr\u00e6kkene ser uds\u00f8gte ud. 88 cm sexdukkerne kan designes til at spare plads uden behov for at v\u00e6lge store opbevaringsl\u00f8sninger som de h\u00f8je sexdukker.<br \/>\nN\u00e5r du tager p\u00e5 tur, kan du nemt og bekvemt tage sexdukken med dig overalt, og p\u00e5 grund af sexdukkens mindre st\u00f8rrelse er der ikke behov for overdreven opbevaringsplads, og af denne grund kan du holde den privat.<\/p>\n<p>H\u00f8jde: 88 cm<br \/>\nV\u00e6gt: 6,5 kg<br \/>\nBryst: 44 cm<br \/>\nTalje: 32 cm<br \/>\nHofte: 50 cm<br \/>\nVaginal dybde: 15 cm<\/p>\n<div style=\"width: 1080px;\" class=\"wp-video\"><video class=\"wp-video-shortcode\" id=\"video-17133-1\" width=\"1080\" height=\"1920\" preload=\"metadata\" controls=\"controls\"><source type=\"video\/mp4\" src=\"https:\/\/www.sexdollmini.com\/wp-content\/uploads\/2025\/07\/Delphine-sex-doll2.mp4?_=1\" \/><a href=\"https:\/\/www.sexdollmini.com\/wp-content\/uploads\/2025\/07\/Delphine-sex-doll2.mp4\">https:\/\/www.sexdollmini.com\/wp-content\/uploads\/2025\/07\/Delphine-sex-doll2.mp4<\/a><\/video><\/div>\n<p>&nbsp;<\/p>\n<p>Tillad venligst en forskel p\u00e5 2-4 cm i manuel m\u00e5ling p\u00e5 grund af manuel m\u00e5ling.<\/p>","protected":false},"excerpt":{"rendered":"<p>Miniature-sexdukkerne kan ogs\u00e5 v\u00e6re let tilg\u00e6ngelige for f\u00f8rstegangsbrugere, n\u00e5r det kommer til sexdukker for f\u00f8rste gang, og de sm\u00e5 sexdukker er ogs\u00e5 meget brugervenlige for dem, der ikke kan bev\u00e6ge de h\u00f8je sexdukker.<\/p>","protected":false},"featured_media":17134,"comment_status":"open","ping_status":"closed","template":"","meta":[],"product_brand":[],"product_cat":[74,51,52,18,81,24,27,23,70,28,30,38,73,41,82,79,39,66,80,40,31,69,32,77,25,33,29,20,148,21,34,72,19,42,71,76,36,35,84,75,37,78],"product_tag":[],"class_list":{"0":"post-17133","1":"product","2":"type-product","3":"status-publish","4":"has-post-thumbnail","6":"product_cat-6ye-doll","7":"product_cat-88cm-sex-dolls","8":"product_cat-90cm-sex-dolls","9":"product_cat-adult-doll","10":"product_cat-aibei-doll","11":"product_cat-american-sex-doll","12":"product_cat-anime-sex-dolls","13":"product_cat-asian-sex-doll","14":"product_cat-axb-doll","15":"product_cat-blonde-sex-doll","16":"product_cat-cheap-sex-doll","17":"product_cat-chubby-sex-dolls","18":"product_cat-climax-doll","19":"product_cat-curvy-sex-dolls","20":"product_cat-dolls-castle","21":"product_cat-elsa-babe","22":"product_cat-fantasy-sex-doll","23":"product_cat-female-sex-dolls","24":"product_cat-fire-doll","25":"product_cat-full-body-sex-dolls","26":"product_cat-full-size-sex-dolls","27":"product_cat-girl-sex-dolls","28":"product_cat-hentai-sex-dolls","29":"product_cat-irontech-sex-dolls","30":"product_cat-japanese-sex-dolls","31":"product_cat-life-like-sex-dolls","32":"product_cat-life-size-sex-dolls","33":"product_cat-love-doll","34":"product_cat-midget-sex-doll","35":"product_cat-miniature-sex-doll","36":"product_cat-petite-sex-dolls","37":"product_cat-qita-doll","38":"product_cat-real-doll","39":"product_cat-skinny-sex-dolls","40":"product_cat-sy-doll","41":"product_cat-tantaly-sex-doll","42":"product_cat-teen-sex-dolls","43":"product_cat-tiny-sex-dolls","44":"product_cat-tpe-sex-dolls","45":"product_cat-wm-doll","46":"product_cat-young-sex-dolls","47":"product_cat-zelex-doll","49":"first","50":"instock","51":"sale","52":"shipping-taxable","53":"purchasable","54":"product-type-simple"},"_links":{"self":[{"href":"https:\/\/www.sexdollmini.com\/da\/wp-json\/wp\/v2\/product\/17133","targetHints":{"allow":["GET"]}}],"collection":[{"href":"https:\/\/www.sexdollmini.com\/da\/wp-json\/wp\/v2\/product"}],"about":[{"href":"https:\/\/www.sexdollmini.com\/da\/wp-json\/wp\/v2\/types\/product"}],"replies":[{"embeddable":true,"href":"https:\/\/www.sexdollmini.com\/da\/wp-json\/wp\/v2\/comments?post=17133"}],"wp:featuredmedia":[{"embeddable":true,"href":"https:\/\/www.sexdollmini.com\/da\/wp-json\/wp\/v2\/media\/17134"}],"wp:attachment":[{"href":"https:\/\/www.sexdollmini.com\/da\/wp-json\/wp\/v2\/media?parent=17133"}],"wp:term":[{"taxonomy":"product_brand","embeddable":true,"href":"https:\/\/www.sexdollmini.com\/da\/wp-json\/wp\/v2\/product_brand?post=17133"},{"taxonomy":"product_cat","embeddable":true,"href":"https:\/\/www.sexdollmini.com\/da\/wp-json\/wp\/v2\/product_cat?post=17133"},{"taxonomy":"product_tag","embeddable":true,"href":"https:\/\/www.sexdollmini.com\/da\/wp-json\/wp\/v2\/product_tag?post=17133"}],"curies":[{"name":"wp","href":"https:\/\/api.w.org\/{rel}","templated":true}]}}