{"id":17451,"date":"2025-07-29T21:18:59","date_gmt":"2025-07-30T04:18:59","guid":{"rendered":"https:\/\/www.sexdollmini.com\/?post_type=product&#038;p=17451"},"modified":"2025-09-08T06:15:48","modified_gmt":"2025-09-08T13:15:48","slug":"inara-full-body-silicone-sex-doll","status":"publish","type":"product","link":"https:\/\/www.sexdollmini.com\/da\/vare\/inara-full-body-silicone-sex-doll\/","title":{"rendered":"Inara silikone sexdukke med fuld krop"},"content":{"rendered":"<p>Denne 60 cm store mini-sexdukke af silikone har en super sexet figur med fremtr\u00e6dende bryster og hofter samt en sexet talje. Silikone-sexdukken har ogs\u00e5 et metalskelet indeni, der g\u00f8r det muligt for den at udf\u00f8re en r\u00e6kke forskellige handlinger, som vist p\u00e5 billederne. Sexdukkens ansigtstr\u00e6k er naturtro og delikate, hvilket g\u00f8r den yndig.<\/p>\n<p>&nbsp;<\/p>\n<p>H\u00f8jde: 60 cm<br \/>\nBryst: 33 cm<br \/>\nTalje: 21 cm<br \/>\nHofte: 36 cm<br \/>\nVaginal dybde: 13 cm<br \/>\nAnal dybde: 7 cm<br \/>\nV\u00e6gt: 3 kg<\/p>\n<p>&nbsp;<\/p>\n<p>Silikone sexdukker kr\u00e6ver yderligere 2-4 dage at producere.<\/p>\n<p>Tillad venligst en forskel p\u00e5 2-4 cm i manuel m\u00e5ling p\u00e5 grund af manuel m\u00e5ling.<\/p>","protected":false},"excerpt":{"rendered":"<p>Sexdukken er 60 cm h\u00f8j, og mini-sexdukken er omtrent lige s\u00e5 h\u00f8j som en rygs\u00e6k. Den er meget b\u00e6rbar, uanset hvor du g\u00e5r hen.<\/p>","protected":false},"featured_media":17463,"comment_status":"open","ping_status":"closed","template":"","meta":[],"product_brand":[],"product_cat":[47,74,18,81,27,23,70,28,30,38,73,41,82,79,39,66,80,40,31,69,32,77,25,33,29,20,148,21,34,72,19,85,42,44,71,76,36,35,75,37,78],"product_tag":[],"class_list":{"0":"post-17451","1":"product","2":"type-product","3":"status-publish","4":"has-post-thumbnail","6":"product_cat-60cm-sex-dolls","7":"product_cat-6ye-doll","8":"product_cat-adult-doll","9":"product_cat-aibei-doll","10":"product_cat-anime-sex-dolls","11":"product_cat-asian-sex-doll","12":"product_cat-axb-doll","13":"product_cat-blonde-sex-doll","14":"product_cat-cheap-sex-doll","15":"product_cat-chubby-sex-dolls","16":"product_cat-climax-doll","17":"product_cat-curvy-sex-dolls","18":"product_cat-dolls-castle","19":"product_cat-elsa-babe","20":"product_cat-fantasy-sex-doll","21":"product_cat-female-sex-dolls","22":"product_cat-fire-doll","23":"product_cat-full-body-sex-dolls","24":"product_cat-full-size-sex-dolls","25":"product_cat-girl-sex-dolls","26":"product_cat-hentai-sex-dolls","27":"product_cat-irontech-sex-dolls","28":"product_cat-japanese-sex-dolls","29":"product_cat-life-like-sex-dolls","30":"product_cat-life-size-sex-dolls","31":"product_cat-love-doll","32":"product_cat-midget-sex-doll","33":"product_cat-miniature-sex-doll","34":"product_cat-petite-sex-dolls","35":"product_cat-qita-doll","36":"product_cat-real-doll","37":"product_cat-silicone-sex-dolls","38":"product_cat-skinny-sex-dolls","39":"product_cat-small-breast-sex-doll","40":"product_cat-sy-doll","41":"product_cat-tantaly-sex-doll","42":"product_cat-teen-sex-dolls","43":"product_cat-tiny-sex-dolls","44":"product_cat-wm-doll","45":"product_cat-young-sex-dolls","46":"product_cat-zelex-doll","48":"first","49":"instock","50":"sale","51":"shipping-taxable","52":"purchasable","53":"product-type-simple"},"_links":{"self":[{"href":"https:\/\/www.sexdollmini.com\/da\/wp-json\/wp\/v2\/product\/17451","targetHints":{"allow":["GET"]}}],"collection":[{"href":"https:\/\/www.sexdollmini.com\/da\/wp-json\/wp\/v2\/product"}],"about":[{"href":"https:\/\/www.sexdollmini.com\/da\/wp-json\/wp\/v2\/types\/product"}],"replies":[{"embeddable":true,"href":"https:\/\/www.sexdollmini.com\/da\/wp-json\/wp\/v2\/comments?post=17451"}],"wp:featuredmedia":[{"embeddable":true,"href":"https:\/\/www.sexdollmini.com\/da\/wp-json\/wp\/v2\/media\/17463"}],"wp:attachment":[{"href":"https:\/\/www.sexdollmini.com\/da\/wp-json\/wp\/v2\/media?parent=17451"}],"wp:term":[{"taxonomy":"product_brand","embeddable":true,"href":"https:\/\/www.sexdollmini.com\/da\/wp-json\/wp\/v2\/product_brand?post=17451"},{"taxonomy":"product_cat","embeddable":true,"href":"https:\/\/www.sexdollmini.com\/da\/wp-json\/wp\/v2\/product_cat?post=17451"},{"taxonomy":"product_tag","embeddable":true,"href":"https:\/\/www.sexdollmini.com\/da\/wp-json\/wp\/v2\/product_tag?post=17451"}],"curies":[{"name":"wp","href":"https:\/\/api.w.org\/{rel}","templated":true}]}}