{"id":18811,"date":"2025-09-23T20:25:07","date_gmt":"2025-09-24T03:25:07","guid":{"rendered":"https:\/\/www.sexdollmini.com\/?post_type=product&#038;p=18811"},"modified":"2026-04-29T08:11:32","modified_gmt":"2026-04-29T15:11:32","slug":"fiona-60cm-skinny-tpe-sex-doll","status":"publish","type":"product","link":"https:\/\/www.sexdollmini.com\/da\/vare\/fiona-60cm-skinny-tpe-sex-doll\/","title":{"rendered":"Fiona 60cm Tynd TPE Sexdukke"},"content":{"rendered":"<p>60 cm sexdukker vinder popularitet som den nye favorit for mange p\u00e5 grund af deres unikke st\u00f8rrelsesfordel. Tynde sexdukker kombinerer perfekt kunstnerisk appel med praktisk funktionalitet. Som s\u00e5dan kan TPE-sexdukker vises frem i skabe som dekorative elementer eller placeres p\u00e5 dit v\u00e6relse til personlig brug. TPE-sexdukker har stadig en vagina til penetration.<\/p>\n<p>&nbsp;<\/p>\n<p>H\u00f8jde: 60 cm<br \/>\nBryst: 28 cm<br \/>\nTalje: 20 cm<br \/>\nHofte: 30 cm<br \/>\nVaginal dybde: 13 cm<br \/>\nV\u00e6gt: 2 kg<br \/>\nPakkem\u00e5l: 64*21*25 cm<\/p>\n<p>&nbsp;<\/p>\n<p>Tillad venligst en forskel p\u00e5 2-4 cm i manuel m\u00e5ling p\u00e5 grund af manuel m\u00e5ling.<\/p>","protected":false},"excerpt":{"rendered":"<p>Den 60 cm store sexdukke kan prale af en st\u00f8rre st\u00f8rrelse, hvilket muligg\u00f8r mere detaljeret h\u00e5ndv\u00e6rk. B\u00e5de ansigtsudtryk og kropskurver gengives med st\u00f8rre pr\u00e6cision.<\/p>","protected":false},"featured_media":18812,"comment_status":"open","ping_status":"closed","template":"","meta":[],"product_brand":[],"product_cat":[47,74,18,81,24,27,23,70,30,73,41,82,79,39,66,80,40,69,32,77,25,33,29,20,148,21,34,72,19,85,42,44,71,76,36,35,84,61,75,37,78],"product_tag":[],"class_list":{"0":"post-18811","1":"product","2":"type-product","3":"status-publish","4":"has-post-thumbnail","6":"product_cat-60cm-sex-dolls","7":"product_cat-6ye-doll","8":"product_cat-adult-doll","9":"product_cat-aibei-doll","10":"product_cat-american-sex-doll","11":"product_cat-anime-sex-dolls","12":"product_cat-asian-sex-doll","13":"product_cat-axb-doll","14":"product_cat-cheap-sex-doll","15":"product_cat-climax-doll","16":"product_cat-curvy-sex-dolls","17":"product_cat-dolls-castle","18":"product_cat-elsa-babe","19":"product_cat-fantasy-sex-doll","20":"product_cat-female-sex-dolls","21":"product_cat-fire-doll","22":"product_cat-full-body-sex-dolls","23":"product_cat-girl-sex-dolls","24":"product_cat-hentai-sex-dolls","25":"product_cat-irontech-sex-dolls","26":"product_cat-japanese-sex-dolls","27":"product_cat-life-like-sex-dolls","28":"product_cat-life-size-sex-dolls","29":"product_cat-love-doll","30":"product_cat-midget-sex-doll","31":"product_cat-miniature-sex-doll","32":"product_cat-petite-sex-dolls","33":"product_cat-qita-doll","34":"product_cat-real-doll","35":"product_cat-silicone-sex-dolls","36":"product_cat-skinny-sex-dolls","37":"product_cat-small-breast-sex-doll","38":"product_cat-sy-doll","39":"product_cat-tantaly-sex-doll","40":"product_cat-teen-sex-dolls","41":"product_cat-tiny-sex-dolls","42":"product_cat-tpe-sex-dolls","43":"product_cat-us-stock-sex-dolls","44":"product_cat-wm-doll","45":"product_cat-young-sex-dolls","46":"product_cat-zelex-doll","48":"first","49":"instock","50":"sale","51":"shipping-taxable","52":"purchasable","53":"product-type-simple"},"_links":{"self":[{"href":"https:\/\/www.sexdollmini.com\/da\/wp-json\/wp\/v2\/product\/18811","targetHints":{"allow":["GET"]}}],"collection":[{"href":"https:\/\/www.sexdollmini.com\/da\/wp-json\/wp\/v2\/product"}],"about":[{"href":"https:\/\/www.sexdollmini.com\/da\/wp-json\/wp\/v2\/types\/product"}],"replies":[{"embeddable":true,"href":"https:\/\/www.sexdollmini.com\/da\/wp-json\/wp\/v2\/comments?post=18811"}],"wp:featuredmedia":[{"embeddable":true,"href":"https:\/\/www.sexdollmini.com\/da\/wp-json\/wp\/v2\/media\/18812"}],"wp:attachment":[{"href":"https:\/\/www.sexdollmini.com\/da\/wp-json\/wp\/v2\/media?parent=18811"}],"wp:term":[{"taxonomy":"product_brand","embeddable":true,"href":"https:\/\/www.sexdollmini.com\/da\/wp-json\/wp\/v2\/product_brand?post=18811"},{"taxonomy":"product_cat","embeddable":true,"href":"https:\/\/www.sexdollmini.com\/da\/wp-json\/wp\/v2\/product_cat?post=18811"},{"taxonomy":"product_tag","embeddable":true,"href":"https:\/\/www.sexdollmini.com\/da\/wp-json\/wp\/v2\/product_tag?post=18811"}],"curies":[{"name":"wp","href":"https:\/\/api.w.org\/{rel}","templated":true}]}}