{"id":16141,"date":"2025-05-29T07:26:42","date_gmt":"2025-05-29T14:26:42","guid":{"rendered":"https:\/\/www.sexdollmini.com\/?post_type=product&#038;p=16141"},"modified":"2026-05-08T20:18:46","modified_gmt":"2026-05-09T03:18:46","slug":"wanderer-135cm-love-breast-sex-doll","status":"publish","type":"product","link":"https:\/\/www.sexdollmini.com\/de\/produkt\/wanderer-135cm-love-breast-sex-doll\/","title":{"rendered":"Wanderer 135cm Liebesbrust-Sexpuppe"},"content":{"rendered":"<h2>Details zu Sexpuppen<\/h2>\n<p>Die Sexpuppe besteht aus TPE-Material. Sie k\u00f6nnen die Per\u00fccke, Kleidung und das Make-up der Sexpuppe regelm\u00e4\u00dfig \u00e4ndern, um verschiedene Stile zu kreieren.<br \/>\nDie flachbr\u00fcstige Sexpuppe mit einer K\u00f6rpergr\u00f6\u00dfe von 135 cm spart Ihnen aufgrund ihrer moderaten K\u00f6rpergr\u00f6\u00dfe Zeit und M\u00fche bei der Reinigung und Pflege der Sexpuppe. Wenn Sie Single sind oder eine Fernbeziehung f\u00fchren, kann Ihnen eine Liebespuppe emotionale Gesellschaft bieten und Einsamkeit erheblich reduzieren.<\/p>\n<p>&nbsp;<\/p>\n<p>H\u00f6he: 135cm<br \/>\nBrustumfang: 57 cm<br \/>\nTaille: 50cm<br \/>\nH\u00fcfte: 69cm<br \/>\nAnustiefe: 17 cm<br \/>\nVaginatiefe: 17 cm<br \/>\nMundtiefe: 12cm<br \/>\nNettogewicht: 22 kg<br \/>\nBruttogewicht: 27kg<\/p>\n<p>&nbsp;<\/p>\n<p>Bitte erlauben Sie aufgrund manueller Messung einen manuellen Messunterschied von 2\u20134 cm.<\/p>","protected":false},"excerpt":{"rendered":"<p>Die asiatische Liebespuppe ist 135 cm gro\u00df und l\u00e4sst sich problemlos in Ihrem Auto verstauen, wenn Sie ausgehen. Die wei\u00dfe Haut l\u00e4sst sie lebendig und s\u00fc\u00df aussehen.<\/p>","protected":false},"featured_media":16145,"comment_status":"open","ping_status":"closed","template":"","meta":[],"product_brand":[],"product_cat":[58,145,59,74,18,81,24,27,23,70,28,30,38,73,41,82,79,62,26,39,66,80,43,40,31,69,32,77,25,33,29,20,21,34,72,19,42,44,71,76,36,35,84,61,75,37,78],"product_tag":[],"class_list":{"0":"post-16141","1":"product","2":"type-product","3":"status-publish","4":"has-post-thumbnail","6":"product_cat-130cm-sex-dolls","7":"product_cat-135cm-sex-doll","8":"product_cat-140cm-sex-dolls","9":"product_cat-6ye-doll","10":"product_cat-adult-doll","11":"product_cat-aibei-doll","12":"product_cat-american-sex-doll","13":"product_cat-anime-sex-dolls","14":"product_cat-asian-sex-doll","15":"product_cat-axb-doll","16":"product_cat-blonde-sex-doll","17":"product_cat-cheap-sex-doll","18":"product_cat-chubby-sex-dolls","19":"product_cat-climax-doll","20":"product_cat-curvy-sex-dolls","21":"product_cat-dolls-castle","22":"product_cat-elsa-babe","23":"product_cat-eu-stock-sex-doll","24":"product_cat-european-sex-dolls","25":"product_cat-fantasy-sex-doll","26":"product_cat-female-sex-dolls","27":"product_cat-fire-doll","28":"product_cat-flat-chested-sex-doll","29":"product_cat-full-body-sex-dolls","30":"product_cat-full-size-sex-dolls","31":"product_cat-girl-sex-dolls","32":"product_cat-hentai-sex-dolls","33":"product_cat-irontech-sex-dolls","34":"product_cat-japanese-sex-dolls","35":"product_cat-life-like-sex-dolls","36":"product_cat-life-size-sex-dolls","37":"product_cat-love-doll","38":"product_cat-miniature-sex-doll","39":"product_cat-petite-sex-dolls","40":"product_cat-qita-doll","41":"product_cat-real-doll","42":"product_cat-skinny-sex-dolls","43":"product_cat-small-breast-sex-doll","44":"product_cat-sy-doll","45":"product_cat-tantaly-sex-doll","46":"product_cat-teen-sex-dolls","47":"product_cat-tiny-sex-dolls","48":"product_cat-tpe-sex-dolls","49":"product_cat-us-stock-sex-dolls","50":"product_cat-wm-doll","51":"product_cat-young-sex-dolls","52":"product_cat-zelex-doll","54":"first","55":"instock","56":"sale","57":"shipping-taxable","58":"purchasable","59":"product-type-simple"},"_links":{"self":[{"href":"https:\/\/www.sexdollmini.com\/de\/wp-json\/wp\/v2\/product\/16141","targetHints":{"allow":["GET"]}}],"collection":[{"href":"https:\/\/www.sexdollmini.com\/de\/wp-json\/wp\/v2\/product"}],"about":[{"href":"https:\/\/www.sexdollmini.com\/de\/wp-json\/wp\/v2\/types\/product"}],"replies":[{"embeddable":true,"href":"https:\/\/www.sexdollmini.com\/de\/wp-json\/wp\/v2\/comments?post=16141"}],"wp:featuredmedia":[{"embeddable":true,"href":"https:\/\/www.sexdollmini.com\/de\/wp-json\/wp\/v2\/media\/16145"}],"wp:attachment":[{"href":"https:\/\/www.sexdollmini.com\/de\/wp-json\/wp\/v2\/media?parent=16141"}],"wp:term":[{"taxonomy":"product_brand","embeddable":true,"href":"https:\/\/www.sexdollmini.com\/de\/wp-json\/wp\/v2\/product_brand?post=16141"},{"taxonomy":"product_cat","embeddable":true,"href":"https:\/\/www.sexdollmini.com\/de\/wp-json\/wp\/v2\/product_cat?post=16141"},{"taxonomy":"product_tag","embeddable":true,"href":"https:\/\/www.sexdollmini.com\/de\/wp-json\/wp\/v2\/product_tag?post=16141"}],"curies":[{"name":"wp","href":"https:\/\/api.w.org\/{rel}","templated":true}]}}