{"id":16525,"date":"2025-06-12T23:54:55","date_gmt":"2025-06-13T06:54:55","guid":{"rendered":"https:\/\/www.sexdollmini.com\/?post_type=product&#038;p=16525"},"modified":"2025-11-13T00:24:14","modified_gmt":"2025-11-13T08:24:14","slug":"perfect-flexible-flat-sex-doll-torso","status":"publish","type":"product","link":"https:\/\/www.sexdollmini.com\/de\/produkt\/perfect-flexible-flat-sex-doll-torso\/","title":{"rendered":"Perfekter flexibler flacher Sexpuppen-Torso"},"content":{"rendered":"<h2>Details zu Sexpuppen<\/h2>\n<p>Der flachbr\u00fcstige Sexpuppentorso verf\u00fcgt \u00fcber ein Metallskelett und ist flexibel. Er ist etwas ganz Besonderes und besonders f\u00fcr Sammler geeignet. Wenn Sie h\u00e4ufig reisen, k\u00f6nnen Sie diesen Sexpuppentorso problemlos mitnehmen. Er ist mittelschwer und leicht zu verstauen.<\/p>\n<p>H\u00f6he: 61cm<br \/>\nBrustumfang: 57 cm<br \/>\nTaille: 51cm<br \/>\nH\u00fcften: 69 cm<br \/>\nVaginale Tiefe: 14 cm<br \/>\nAnaltiefe: 13 cm<br \/>\nGewicht: 12kg<br \/>\nVerpackung: 65*33*21cm<\/p>\n<p>&nbsp;<\/p>\n<p>Bitte erlauben Sie aufgrund manueller Messung einen manuellen Messunterschied von 2\u20134 cm.<\/p>","protected":false},"excerpt":{"rendered":"<p>Wenn Sie nicht viel Geld f\u00fcr den Kauf einer Sexpuppe haben, k\u00f6nnten Sie diesen flachbr\u00fcstigen Torso in Betracht ziehen. Er ist weder leicht noch schwer und kann Ihnen ein gutes sexuelles Erlebnis bieten.<\/p>","protected":false},"featured_media":16526,"comment_status":"open","ping_status":"closed","template":"","meta":[],"product_brand":[],"product_cat":[73,66,43,146,60,84],"product_tag":[],"class_list":{"0":"post-16525","1":"product","2":"type-product","3":"status-publish","4":"has-post-thumbnail","6":"product_cat-climax-doll","7":"product_cat-female-sex-dolls","8":"product_cat-flat-chested-sex-doll","9":"product_cat-half-body-sex-doll-torso","10":"product_cat-sex-doll-torso","11":"product_cat-tpe-sex-dolls","13":"first","14":"instock","15":"sale","16":"shipping-taxable","17":"purchasable","18":"product-type-simple"},"_links":{"self":[{"href":"https:\/\/www.sexdollmini.com\/de\/wp-json\/wp\/v2\/product\/16525","targetHints":{"allow":["GET"]}}],"collection":[{"href":"https:\/\/www.sexdollmini.com\/de\/wp-json\/wp\/v2\/product"}],"about":[{"href":"https:\/\/www.sexdollmini.com\/de\/wp-json\/wp\/v2\/types\/product"}],"replies":[{"embeddable":true,"href":"https:\/\/www.sexdollmini.com\/de\/wp-json\/wp\/v2\/comments?post=16525"}],"wp:featuredmedia":[{"embeddable":true,"href":"https:\/\/www.sexdollmini.com\/de\/wp-json\/wp\/v2\/media\/16526"}],"wp:attachment":[{"href":"https:\/\/www.sexdollmini.com\/de\/wp-json\/wp\/v2\/media?parent=16525"}],"wp:term":[{"taxonomy":"product_brand","embeddable":true,"href":"https:\/\/www.sexdollmini.com\/de\/wp-json\/wp\/v2\/product_brand?post=16525"},{"taxonomy":"product_cat","embeddable":true,"href":"https:\/\/www.sexdollmini.com\/de\/wp-json\/wp\/v2\/product_cat?post=16525"},{"taxonomy":"product_tag","embeddable":true,"href":"https:\/\/www.sexdollmini.com\/de\/wp-json\/wp\/v2\/product_tag?post=16525"}],"curies":[{"name":"wp","href":"https:\/\/api.w.org\/{rel}","templated":true}]}}