{"id":8,"date":"2025-03-23T08:36:16","date_gmt":"2025-03-23T15:36:16","guid":{"rendered":"https:\/\/www.sexdollmini.com\/cart\/"},"modified":"2025-03-23T08:47:29","modified_gmt":"2025-03-23T15:47:29","slug":"cart","status":"publish","type":"page","link":"https:\/\/www.sexdollmini.com\/es\/cart\/","title":{"rendered":"Carrito"},"content":{"rendered":"<div data-block-name=\"woocommerce\/cart\" class=\"wp-block-woocommerce-cart alignwide is-loading\">\n<div data-block-name=\"woocommerce\/filled-cart-block\" class=\"wp-block-woocommerce-filled-cart-block\">\n<div data-block-name=\"woocommerce\/cart-items-block\" class=\"wp-block-woocommerce-cart-items-block\">\n<div data-block-name=\"woocommerce\/cart-line-items-block\" class=\"wp-block-woocommerce-cart-line-items-block\"><\/div>\n\n\n\n<div data-block-name=\"woocommerce\/cart-cross-sells-block\" class=\"wp-block-woocommerce-cart-cross-sells-block\">\n<h2 class=\"wp-block-heading has-large-font-size\">Te puede interesar\u2026<\/h2>\n\n\n\n<div data-block-name=\"woocommerce\/cart-cross-sells-products-block\" class=\"wp-block-woocommerce-cart-cross-sells-products-block\"><\/div>\n<\/div>\n<\/div>\n\n\n\n<div data-block-name=\"woocommerce\/cart-totals-block\" class=\"wp-block-woocommerce-cart-totals-block\">\n<div data-block-name=\"woocommerce\/cart-order-summary-block\" class=\"wp-block-woocommerce-cart-order-summary-block\">\n<div data-block-name=\"woocommerce\/cart-order-summary-heading-block\" class=\"wp-block-woocommerce-cart-order-summary-heading-block\"><\/div><div data-block-name=\"woocommerce\/cart-order-summary-coupon-form-block\" class=\"wp-block-woocommerce-cart-order-summary-coupon-form-block\"><\/div><div data-block-name=\"woocommerce\/cart-order-summary-totals-block\" class=\"wp-block-woocommerce-cart-order-summary-totals-block\">\n<div data-block-name=\"woocommerce\/cart-order-summary-subtotal-block\" class=\"wp-block-woocommerce-cart-order-summary-subtotal-block\"><\/div>\n<div data-block-name=\"woocommerce\/cart-order-summary-discount-block\" class=\"wp-block-woocommerce-cart-order-summary-discount-block\"><\/div>\n<div data-block-name=\"woocommerce\/cart-order-summary-fee-block\" class=\"wp-block-woocommerce-cart-order-summary-fee-block\"><\/div>\n<div data-block-name=\"woocommerce\/cart-order-summary-shipping-block\" class=\"wp-block-woocommerce-cart-order-summary-shipping-block\"><\/div>\n<div data-block-name=\"woocommerce\/cart-order-summary-taxes-block\" class=\"wp-block-woocommerce-cart-order-summary-taxes-block\"><\/div><\/div>\n<\/div>\n\n\n\n<div data-block-name=\"woocommerce\/cart-express-payment-block\" class=\"wp-block-woocommerce-cart-express-payment-block\"><\/div>\n\n\n\n<div data-block-name=\"woocommerce\/proceed-to-checkout-block\" class=\"wp-block-woocommerce-proceed-to-checkout-block\"><\/div>\n\n\n\n<div data-block-name=\"woocommerce\/cart-accepted-payment-methods-block\" class=\"wp-block-woocommerce-cart-accepted-payment-methods-block\"><\/div>\n<\/div>\n<\/div>\n\n\n\n<div data-block-name=\"woocommerce\/empty-cart-block\" class=\"wp-block-woocommerce-empty-cart-block\">\n<h2 class=\"wp-block-heading has-text-align-center with-empty-cart-icon wc-block-cart__empty-cart__title\">\u00a1Tu carrito est\u00e1 vac\u00edo!<\/h2>\n\n\n\n<hr class=\"wp-block-separator has-alpha-channel-opacity is-style-dots\"\/>\n\n\n\n<h2 class=\"wp-block-heading has-text-align-center\">Nuevo en la tienda<\/h2>\n\n\n<div data-block-name=\"woocommerce\/product-new\" data-columns=\"4\" data-rows=\"1\" class=\"wc-block-grid wp-block-product-new wp-block-woocommerce-product-new wc-block-product-new has-4-columns\"><ul class=\"wc-block-grid__products\"><li class=\"wc-block-grid__product\">\n\t\t\t\t<a href=\"https:\/\/www.sexdollmini.com\/es\/producto\/peregrine-65cm-white-petite-sex-doll\/\" class=\"wc-block-grid__product-link\">\n\t\t\t\t\t<div class=\"wc-block-grid__product-onsale\">\n\t\t\t<span aria-hidden=\"true\">Oferta<\/span>\n\t\t\t<span class=\"screen-reader-text\">Producto en oferta<\/span>\n\t\t<\/div>\n\t\t\t\t\t<div class=\"wc-block-grid__product-image\"><img decoding=\"async\" width=\"430\" height=\"538\" src=\"https:\/\/www.sexdollmini.com\/wp-content\/uploads\/2025\/10\/Peregrine-sex-doll6-430x538.jpg\" class=\"attachment-woocommerce_thumbnail size-woocommerce_thumbnail\" alt=\"Mu\u00f1eca sexual realista con rasgos detallados y piel de silicona suave, perfecta para compa\u00f1\u00eda e intimidad; opciones personalizables disponibles en Sexdollmini.com.\" title=\"-\"><\/div>\n\t\t\t\t\t<div class=\"wc-block-grid__product-title\">Mu\u00f1eca sexual peque\u00f1a blanca Peregrine de 65 cm<\/div>\n\t\t\t\t<\/a>\n\t\t\t\t<div class=\"wc-block-grid__product-price price\"><span class=\"wmc-cache-pid\" data-wmc_product_id=\"19509\"><del aria-hidden=\"true\"><span class=\"woocommerce-Price-amount amount\"><span class=\"woocommerce-Price-currencySymbol\">&#036;<\/span>619.65<\/span><\/del> <span class=\"screen-reader-text\">El precio original era: $619.65.<\/span><ins aria-hidden=\"true\"><span class=\"woocommerce-Price-amount amount\"><span class=\"woocommerce-Price-currencySymbol\">&#036;<\/span>320.75<\/span><\/ins><span class=\"screen-reader-text\">El precio actual es: $320.75.<\/span><\/span><\/div>\n\t\t\t\t\n\t\t\t\t<div class=\"wp-block-button wc-block-grid__product-add-to-cart\"><a href=\"\/es\/wp-json\/wp\/v2\/pages\/8?add-to-cart=19509\" aria-label=\"A\u00f1adir al carrito: \u201cPeregrine 65cm White Petite Sex Doll\u201d\" data-quantity=\"1\" data-product_id=\"19509\" data-product_sku=\"rra-70-2\" data-price=\"320.75\" rel=\"nofollow\" class=\"wp-block-button__link  add_to_cart_button ajax_add_to_cart\">A\u00f1adir al carrito<\/a><\/div>\n\t\t\t<\/li><li class=\"wc-block-grid__product\">\n\t\t\t\t<a href=\"https:\/\/www.sexdollmini.com\/es\/producto\/cassiopeia-68cm-micro-auburn-sex-doll\/\" class=\"wc-block-grid__product-link\">\n\t\t\t\t\t<div class=\"wc-block-grid__product-onsale\">\n\t\t\t<span aria-hidden=\"true\">Oferta<\/span>\n\t\t\t<span class=\"screen-reader-text\">Producto en oferta<\/span>\n\t\t<\/div>\n\t\t\t\t\t<div class=\"wc-block-grid__product-image\"><img decoding=\"async\" width=\"430\" height=\"538\" src=\"https:\/\/www.sexdollmini.com\/wp-content\/uploads\/2025\/10\/Cassiopeia-sex-doll1-430x538.jpg\" class=\"attachment-woocommerce_thumbnail size-woocommerce_thumbnail\" alt=\"Mu\u00f1eca sexual realista con caracter\u00edsticas detalladas, piel de silicona suave y opciones personalizables para compa\u00f1\u00eda adulta, perfecta para el disfrute \u00edntimo y la compa\u00f1\u00eda.\" title=\"-\"><\/div>\n\t\t\t\t\t<div class=\"wc-block-grid__product-title\">Mu\u00f1eca sexual Cassiopeia Micro Auburn de 68 cm<\/div>\n\t\t\t\t<\/a>\n\t\t\t\t<div class=\"wc-block-grid__product-price price\"><span class=\"wmc-cache-pid\" data-wmc_product_id=\"19488\"><del aria-hidden=\"true\"><span class=\"woocommerce-Price-amount amount\"><span class=\"woocommerce-Price-currencySymbol\">&#036;<\/span>687.49<\/span><\/del> <span class=\"screen-reader-text\">El precio original era: $687.49.<\/span><ins aria-hidden=\"true\"><span class=\"woocommerce-Price-amount amount\"><span class=\"woocommerce-Price-currencySymbol\">&#036;<\/span>326.75<\/span><\/ins><span class=\"screen-reader-text\">El precio actual es: $326.75.<\/span><\/span><\/div>\n\t\t\t\t\n\t\t\t\t<div class=\"wp-block-button wc-block-grid__product-add-to-cart\"><a href=\"\/es\/wp-json\/wp\/v2\/pages\/8?add-to-cart=19488\" aria-label=\"A\u00f1adir al carrito: \u201cCassiopeia 68cm Micro Auburn Sex Doll\u201d\" data-quantity=\"1\" data-product_id=\"19488\" data-product_sku=\"rra-70-1\" data-price=\"326.75\" rel=\"nofollow\" class=\"wp-block-button__link  add_to_cart_button ajax_add_to_cart\">A\u00f1adir al carrito<\/a><\/div>\n\t\t\t<\/li><li class=\"wc-block-grid__product\">\n\t\t\t\t<a href=\"https:\/\/www.sexdollmini.com\/es\/producto\/avalon-flat-chest-cosplay-sex-doll\/\" class=\"wc-block-grid__product-link\">\n\t\t\t\t\t<div class=\"wc-block-grid__product-onsale\">\n\t\t\t<span aria-hidden=\"true\">Oferta<\/span>\n\t\t\t<span class=\"screen-reader-text\">Producto en oferta<\/span>\n\t\t<\/div>\n\t\t\t\t\t<div class=\"wc-block-grid__product-image\"><img decoding=\"async\" width=\"430\" height=\"538\" src=\"https:\/\/www.sexdollmini.com\/wp-content\/uploads\/2025\/10\/Avalon-sex-doll5-430x538.jpg\" class=\"attachment-woocommerce_thumbnail size-woocommerce_thumbnail\" alt=\"Mu\u00f1eca sexual realista con apariencia juvenil que sostiene globos color verde azulado, rasgos faciales suaves, cabello casta\u00f1o largo y vestida con un vestido azul claro, dise\u00f1ada para el placer y la compa\u00f1\u00eda de los adultos.\" title=\"-\"><\/div>\n\t\t\t\t\t<div class=\"wc-block-grid__product-title\">Mu\u00f1eca sexual de cosplay Avalon de pecho plano<\/div>\n\t\t\t\t<\/a>\n\t\t\t\t<div class=\"wc-block-grid__product-price price\"><span class=\"wmc-cache-pid\" data-wmc_product_id=\"19475\"><span class=\"woocommerce-Price-amount amount\"><span class=\"woocommerce-Price-currencySymbol\">&#036;<\/span>426.82<\/span> <span aria-hidden=\"true\">\u2013<\/span> <span class=\"woocommerce-Price-amount amount\"><span class=\"woocommerce-Price-currencySymbol\">&#036;<\/span>609.01<\/span><span class=\"screen-reader-text\">Rango de precios: desde $426.82 hasta $609.01<\/span><\/span><\/div>\n\t\t\t\t\n\t\t\t\t<div class=\"wp-block-button wc-block-grid__product-add-to-cart\"><a href=\"https:\/\/www.sexdollmini.com\/es\/producto\/avalon-flat-chest-cosplay-sex-doll\/\" aria-label=\"Elige las opciones para \u201cAvalon Flat Chest Cosplay Sex Doll\u201d\" data-quantity=\"1\" data-product_id=\"19475\" data-product_sku=\"mimi-102\" data-price=\"426.82\" rel=\"nofollow\" class=\"wp-block-button__link  add_to_cart_button\">Seleccionar opciones<\/a><\/div>\n\t\t\t<\/li><li class=\"wc-block-grid__product\">\n\t\t\t\t<a href=\"https:\/\/www.sexdollmini.com\/es\/producto\/aurelie-68cm-miniature-girl-sex-doll\/\" class=\"wc-block-grid__product-link\">\n\t\t\t\t\t<div class=\"wc-block-grid__product-onsale\">\n\t\t\t<span aria-hidden=\"true\">Oferta<\/span>\n\t\t\t<span class=\"screen-reader-text\">Producto en oferta<\/span>\n\t\t<\/div>\n\t\t\t\t\t<div class=\"wc-block-grid__product-image\"><img decoding=\"async\" width=\"430\" height=\"538\" src=\"https:\/\/www.sexdollmini.com\/wp-content\/uploads\/2025\/10\/Aurelie-sex-doll6-430x538.jpg\" class=\"attachment-woocommerce_thumbnail size-woocommerce_thumbnail\" alt=\"Linda mu\u00f1eca sexual de silicona, mini mu\u00f1eca sexual realista para el placer adulto, mu\u00f1eca er\u00f3tica de tama\u00f1o peque\u00f1o con caracter\u00edsticas realistas para momentos \u00edntimos, perfecta para compa\u00f1\u00eda discreta y satisfacci\u00f3n sexual, dise\u00f1ada para experiencias realistas.\" title=\"-\"><\/div>\n\t\t\t\t\t<div class=\"wc-block-grid__product-title\">Mu\u00f1eca sexual miniatura Aurelie de 68 cm<\/div>\n\t\t\t\t<\/a>\n\t\t\t\t<div class=\"wc-block-grid__product-price price\"><span class=\"wmc-cache-pid\" data-wmc_product_id=\"19438\"><del aria-hidden=\"true\"><span class=\"woocommerce-Price-amount amount\"><span class=\"woocommerce-Price-currencySymbol\">&#036;<\/span>655.73<\/span><\/del> <span class=\"screen-reader-text\">El precio original era: $655.73.<\/span><ins aria-hidden=\"true\"><span class=\"woocommerce-Price-amount amount\"><span class=\"woocommerce-Price-currencySymbol\">&#036;<\/span>318.98<\/span><\/ins><span class=\"screen-reader-text\">El precio actual es: $318.98.<\/span><\/span><\/div>\n\t\t\t\t\n\t\t\t\t<div class=\"wp-block-button wc-block-grid__product-add-to-cart\"><a href=\"\/es\/wp-json\/wp\/v2\/pages\/8?add-to-cart=19438\" aria-label=\"A\u00f1adir al carrito: \u201cMu\u00f1eca sexual en miniatura Aurelie de 68 cm\u201d\" data-quantity=\"1\" data-product_id=\"19438\" data-product_sku=\"rra-70\" data-price=\"318.98\" rel=\"nofollow\" class=\"wp-block-button__link  add_to_cart_button ajax_add_to_cart\">A\u00f1adir al carrito<\/a><\/div>\n\t\t\t<\/li><\/ul><\/div><\/div>\n<\/div>","protected":false},"excerpt":{"rendered":"","protected":false},"author":1,"featured_media":0,"parent":0,"menu_order":0,"comment_status":"closed","ping_status":"closed","template":"","meta":{"footnotes":""},"class_list":["post-8","page","type-page","status-publish","hentry"],"_links":{"self":[{"href":"https:\/\/www.sexdollmini.com\/es\/wp-json\/wp\/v2\/pages\/8","targetHints":{"allow":["GET"]}}],"collection":[{"href":"https:\/\/www.sexdollmini.com\/es\/wp-json\/wp\/v2\/pages"}],"about":[{"href":"https:\/\/www.sexdollmini.com\/es\/wp-json\/wp\/v2\/types\/page"}],"author":[{"embeddable":true,"href":"https:\/\/www.sexdollmini.com\/es\/wp-json\/wp\/v2\/users\/1"}],"replies":[{"embeddable":true,"href":"https:\/\/www.sexdollmini.com\/es\/wp-json\/wp\/v2\/comments?post=8"}],"version-history":[{"count":0,"href":"https:\/\/www.sexdollmini.com\/es\/wp-json\/wp\/v2\/pages\/8\/revisions"}],"wp:attachment":[{"href":"https:\/\/www.sexdollmini.com\/es\/wp-json\/wp\/v2\/media?parent=8"}],"curies":[{"name":"gracias","href":"https:\/\/api.w.org\/{rel}","templated":true}]}}