{"id":17061,"date":"2025-07-16T01:05:59","date_gmt":"2025-07-16T08:05:59","guid":{"rendered":"https:\/\/www.sexdollmini.com\/?post_type=product&#038;p=17061"},"modified":"2025-08-05T20:24:07","modified_gmt":"2025-08-06T03:24:07","slug":"anime-cosplay-wig-sex-doll","status":"publish","type":"product","link":"https:\/\/www.sexdollmini.com\/es\/producto\/anime-cosplay-wig-sex-doll\/","title":{"rendered":"Peluca de cosplay de anime para mu\u00f1ecas sexuales"},"content":{"rendered":"<p>La peluca morada es ajustable y se adapta a la forma de la cabeza para adaptarse a diferentes tama\u00f1os. Perfecta para mu\u00f1ecas sexuales de diferentes alturas.<br \/>\nLa gorra de la peluca tiene fibras gruesas, es suave y natural, y usted mismo puede remodelar la peluca despu\u00e9s de recibirla, y puede recortarla, alisarla o rizarla.<\/p>\n<p>&nbsp;<\/p>\n<p><img decoding=\"async\" class=\"aligncenter wp-image-17068 size-full\" src=\"https:\/\/www.sexdollmini.com\/wp-content\/themes\/woodmart\/images\/lazy.svg\" data-src=\"https:\/\/www.sexdollmini.com\/wp-content\/uploads\/2025\/07\/6-1.avif\" alt=\"\" width=\"800\" height=\"800\" title=\"-\"><\/p>\n<p><img decoding=\"async\" class=\"aligncenter wp-image-17704 size-full\" src=\"https:\/\/www.sexdollmini.com\/wp-content\/themes\/woodmart\/images\/lazy.svg\" data-src=\"https:\/\/www.sexdollmini.com\/wp-content\/uploads\/2025\/07\/Anime-Cosplay-Wig-for-Sex-Dolls-Accessories.jpg\" alt=\"\" width=\"800\" height=\"1352\" title=\"-\" srcset=\"\" data-srcset=\"https:\/\/www.sexdollmini.com\/wp-content\/uploads\/2025\/07\/Anime-Cosplay-Wig-for-Sex-Dolls-Accessories.jpg 800w, https:\/\/www.sexdollmini.com\/wp-content\/uploads\/2025\/07\/Anime-Cosplay-Wig-for-Sex-Dolls-Accessories-178x300.jpg 178w, https:\/\/www.sexdollmini.com\/wp-content\/uploads\/2025\/07\/Anime-Cosplay-Wig-for-Sex-Dolls-Accessories-473x800.jpg 473w, https:\/\/www.sexdollmini.com\/wp-content\/uploads\/2025\/07\/Anime-Cosplay-Wig-for-Sex-Dolls-Accessories-768x1298.jpg 768w, https:\/\/www.sexdollmini.com\/wp-content\/uploads\/2025\/07\/Anime-Cosplay-Wig-for-Sex-Dolls-Accessories-7x12.jpg 7w, https:\/\/www.sexdollmini.com\/wp-content\/uploads\/2025\/07\/Anime-Cosplay-Wig-for-Sex-Dolls-Accessories-700x1183.jpg 700w, https:\/\/www.sexdollmini.com\/wp-content\/uploads\/2025\/07\/Anime-Cosplay-Wig-for-Sex-Dolls-Accessories-150x254.jpg 150w\" sizes=\"(max-width: 800px) 100vw, 800px\" \/><\/p>\n<p>Puede haber una diferencia de 2-3 cm debido a la medici\u00f3n manual. Debido al proceso de fabricaci\u00f3n, los efectos de iluminaci\u00f3n y las pantallas de ordenador, puede haber algunas diferencias de color y peinado.<\/p>","protected":false},"excerpt":{"rendered":"<p>Las pelucas moradas son perfectas para una variedad de ocasiones, como Halloween, fiestas tem\u00e1ticas, cosplay y citas.<\/p>","protected":false},"featured_media":17064,"comment_status":"open","ping_status":"closed","template":"","meta":[],"product_brand":[],"product_cat":[83],"product_tag":[],"class_list":{"0":"post-17061","1":"product","2":"type-product","3":"status-publish","4":"has-post-thumbnail","6":"product_cat-sex-doll-accessories","8":"first","9":"instock","10":"sale","11":"shipping-taxable","12":"purchasable","13":"product-type-simple"},"_links":{"self":[{"href":"https:\/\/www.sexdollmini.com\/es\/wp-json\/wp\/v2\/product\/17061","targetHints":{"allow":["GET"]}}],"collection":[{"href":"https:\/\/www.sexdollmini.com\/es\/wp-json\/wp\/v2\/product"}],"about":[{"href":"https:\/\/www.sexdollmini.com\/es\/wp-json\/wp\/v2\/types\/product"}],"replies":[{"embeddable":true,"href":"https:\/\/www.sexdollmini.com\/es\/wp-json\/wp\/v2\/comments?post=17061"}],"wp:featuredmedia":[{"embeddable":true,"href":"https:\/\/www.sexdollmini.com\/es\/wp-json\/wp\/v2\/media\/17064"}],"wp:attachment":[{"href":"https:\/\/www.sexdollmini.com\/es\/wp-json\/wp\/v2\/media?parent=17061"}],"wp:term":[{"taxonomy":"product_brand","embeddable":true,"href":"https:\/\/www.sexdollmini.com\/es\/wp-json\/wp\/v2\/product_brand?post=17061"},{"taxonomy":"product_cat","embeddable":true,"href":"https:\/\/www.sexdollmini.com\/es\/wp-json\/wp\/v2\/product_cat?post=17061"},{"taxonomy":"product_tag","embeddable":true,"href":"https:\/\/www.sexdollmini.com\/es\/wp-json\/wp\/v2\/product_tag?post=17061"}],"curies":[{"name":"gracias","href":"https:\/\/api.w.org\/{rel}","templated":true}]}}