{"id":17070,"date":"2025-07-16T03:13:54","date_gmt":"2025-07-16T10:13:54","guid":{"rendered":"https:\/\/www.sexdollmini.com\/?post_type=product&#038;p=17070"},"modified":"2025-07-29T20:19:16","modified_gmt":"2025-07-30T03:19:16","slug":"female-short-wig-sex-doll","status":"publish","type":"product","link":"https:\/\/www.sexdollmini.com\/es\/producto\/female-short-wig-sex-doll\/","title":{"rendered":"Peluca corta femenina para mu\u00f1ecas sexuales"},"content":{"rendered":"<p>Despu\u00e9s de recibir la peluca, puedes usarla para la mu\u00f1eca sexual o recortar un lindo peinado para esta peluca para que combine con la mu\u00f1eca sexual sexy.<\/p>\n<p><img decoding=\"async\" class=\"aligncenter wp-image-17077 size-full\" src=\"https:\/\/www.sexdollmini.com\/wp-content\/themes\/woodmart\/images\/lazy.svg\" data-src=\"https:\/\/www.sexdollmini.com\/wp-content\/uploads\/2025\/07\/8.webp\" alt=\"\" width=\"800\" height=\"780\" title=\"-\" srcset=\"\" data-srcset=\"https:\/\/www.sexdollmini.com\/wp-content\/uploads\/2025\/07\/8.webp 800w, https:\/\/www.sexdollmini.com\/wp-content\/uploads\/2025\/07\/8-150x146.webp 150w, https:\/\/www.sexdollmini.com\/wp-content\/uploads\/2025\/07\/8-700x683.webp 700w, https:\/\/www.sexdollmini.com\/wp-content\/uploads\/2025\/07\/8-308x300.webp 308w, https:\/\/www.sexdollmini.com\/wp-content\/uploads\/2025\/07\/8-768x749.webp 768w\" sizes=\"(max-width: 800px) 100vw, 800px\" \/><\/p>\n<p>&nbsp;<\/p>\n<p>Puede haber una diferencia de 2-3 cm debido a la medici\u00f3n manual. Debido al proceso de fabricaci\u00f3n, los efectos de iluminaci\u00f3n y las pantallas de ordenador, puede haber algunas diferencias de color y peinado.<\/p>","protected":false},"excerpt":{"rendered":"<p>Elige el color de peluca que te guste y podr\u00e1s usarla directamente en tu mu\u00f1eca sexual despu\u00e9s de recibir la peluca.<\/p>","protected":false},"featured_media":17074,"comment_status":"open","ping_status":"closed","template":"","meta":[],"product_brand":[],"product_cat":[83],"product_tag":[],"class_list":{"0":"post-17070","1":"product","2":"type-product","3":"status-publish","4":"has-post-thumbnail","6":"product_cat-sex-doll-accessories","8":"first","9":"instock","10":"sale","11":"shipping-taxable","12":"purchasable","13":"product-type-variable","14":"has-default-attributes"},"_links":{"self":[{"href":"https:\/\/www.sexdollmini.com\/es\/wp-json\/wp\/v2\/product\/17070","targetHints":{"allow":["GET"]}}],"collection":[{"href":"https:\/\/www.sexdollmini.com\/es\/wp-json\/wp\/v2\/product"}],"about":[{"href":"https:\/\/www.sexdollmini.com\/es\/wp-json\/wp\/v2\/types\/product"}],"replies":[{"embeddable":true,"href":"https:\/\/www.sexdollmini.com\/es\/wp-json\/wp\/v2\/comments?post=17070"}],"wp:featuredmedia":[{"embeddable":true,"href":"https:\/\/www.sexdollmini.com\/es\/wp-json\/wp\/v2\/media\/17074"}],"wp:attachment":[{"href":"https:\/\/www.sexdollmini.com\/es\/wp-json\/wp\/v2\/media?parent=17070"}],"wp:term":[{"taxonomy":"product_brand","embeddable":true,"href":"https:\/\/www.sexdollmini.com\/es\/wp-json\/wp\/v2\/product_brand?post=17070"},{"taxonomy":"product_cat","embeddable":true,"href":"https:\/\/www.sexdollmini.com\/es\/wp-json\/wp\/v2\/product_cat?post=17070"},{"taxonomy":"product_tag","embeddable":true,"href":"https:\/\/www.sexdollmini.com\/es\/wp-json\/wp\/v2\/product_tag?post=17070"}],"curies":[{"name":"gracias","href":"https:\/\/api.w.org\/{rel}","templated":true}]}}