{"id":17176,"date":"2025-07-20T03:21:53","date_gmt":"2025-07-20T10:21:53","guid":{"rendered":"https:\/\/www.sexdollmini.com\/?post_type=product&#038;p=17176"},"modified":"2025-09-08T06:18:48","modified_gmt":"2025-09-08T13:18:48","slug":"euphemia-custom-made-flat-sex-doll","status":"publish","type":"product","link":"https:\/\/www.sexdollmini.com\/es\/producto\/euphemia-custom-made-flat-sex-doll\/","title":{"rendered":"Euphemia Mu\u00f1eca Sexual Plana Hecha a Medida"},"content":{"rendered":"<p>Las mu\u00f1ecas sexuales tienen ojos grandes y bocas peque\u00f1as, con rasgos inspirados en personajes del mundo del anime. Elige tu mu\u00f1eca sexual de anime favorita para pasar noches rom\u00e1nticas juntos y olvidarte de la tristeza y la soledad. La altura de las mu\u00f1ecas sexuales se puede personalizar, disponible en 100 cm o 125 cm. Elige la mu\u00f1eca sexual de anime que mejor se adapte a tu uso y almacenamiento.<\/p>\n<p>&nbsp;<\/p>\n<p>Altura: 100cm<br \/>\nPecho: 49cm<br \/>\nCintura: 38cm<br \/>\nCadera: 59cm<br \/>\nProfundidad del ano: 11 cm<br \/>\nProfundidad de la vagina: 14 cm<br \/>\nProfundidad de la boca: 10 cm<br \/>\nPeso neto: 13 kg<br \/>\nPeso bruto: 15 kg<\/p>\n<p>&nbsp;<\/p>\n<p>Altura: 125cm<br \/>\nPecho: 55cm<br \/>\nCintura: 42cm<br \/>\nCadera: 62cm<br \/>\nProfundidad del ano: 16 cm<br \/>\nProfundidad de la vagina: 17 cm<br \/>\nProfundidad de la boca: 12 cm<br \/>\nPeso neto: 17 kg<br \/>\nPeso bruto: 20 kg<\/p>\n<p>&nbsp;<\/p>\n<p>&nbsp;<\/p>\n<p>Permita una diferencia de medici\u00f3n manual de 2 a 4 cm debido a la medici\u00f3n manual.<\/p>","protected":false},"excerpt":{"rendered":"<p>Las peque\u00f1as mu\u00f1ecas sexuales de anime tienen pechos planos y rasgos excepcionalmente delicados. Cuentan con canales vaginales y anales para usar.<\/p>","protected":false},"featured_media":17208,"comment_status":"open","ping_status":"closed","template":"","meta":[],"product_brand":[],"product_cat":[53,56,57,74,18,81,27,23,70,28,30,38,73,41,82,79,39,66,80,43,40,31,69,32,77,25,33,29,20,21,34,72,19,42,44,71,76,36,35,84,75,37,78],"product_tag":[],"class_list":{"0":"post-17176","1":"product","2":"type-product","3":"status-publish","4":"has-post-thumbnail","6":"product_cat-100cm-sex-dolls","7":"product_cat-120cm-sex-dolls","8":"product_cat-125cm-sex-dolls","9":"product_cat-6ye-doll","10":"product_cat-adult-doll","11":"product_cat-aibei-doll","12":"product_cat-anime-sex-dolls","13":"product_cat-asian-sex-doll","14":"product_cat-axb-doll","15":"product_cat-blonde-sex-doll","16":"product_cat-cheap-sex-doll","17":"product_cat-chubby-sex-dolls","18":"product_cat-climax-doll","19":"product_cat-curvy-sex-dolls","20":"product_cat-dolls-castle","21":"product_cat-elsa-babe","22":"product_cat-fantasy-sex-doll","23":"product_cat-female-sex-dolls","24":"product_cat-fire-doll","25":"product_cat-flat-chested-sex-doll","26":"product_cat-full-body-sex-dolls","27":"product_cat-full-size-sex-dolls","28":"product_cat-girl-sex-dolls","29":"product_cat-hentai-sex-dolls","30":"product_cat-irontech-sex-dolls","31":"product_cat-japanese-sex-dolls","32":"product_cat-life-like-sex-dolls","33":"product_cat-life-size-sex-dolls","34":"product_cat-love-doll","35":"product_cat-miniature-sex-doll","36":"product_cat-petite-sex-dolls","37":"product_cat-qita-doll","38":"product_cat-real-doll","39":"product_cat-skinny-sex-dolls","40":"product_cat-small-breast-sex-doll","41":"product_cat-sy-doll","42":"product_cat-tantaly-sex-doll","43":"product_cat-teen-sex-dolls","44":"product_cat-tiny-sex-dolls","45":"product_cat-tpe-sex-dolls","46":"product_cat-wm-doll","47":"product_cat-young-sex-dolls","48":"product_cat-zelex-doll","50":"first","51":"instock","52":"sale","53":"shipping-taxable","54":"purchasable","55":"product-type-variable","56":"has-default-attributes"},"_links":{"self":[{"href":"https:\/\/www.sexdollmini.com\/es\/wp-json\/wp\/v2\/product\/17176","targetHints":{"allow":["GET"]}}],"collection":[{"href":"https:\/\/www.sexdollmini.com\/es\/wp-json\/wp\/v2\/product"}],"about":[{"href":"https:\/\/www.sexdollmini.com\/es\/wp-json\/wp\/v2\/types\/product"}],"replies":[{"embeddable":true,"href":"https:\/\/www.sexdollmini.com\/es\/wp-json\/wp\/v2\/comments?post=17176"}],"wp:featuredmedia":[{"embeddable":true,"href":"https:\/\/www.sexdollmini.com\/es\/wp-json\/wp\/v2\/media\/17208"}],"wp:attachment":[{"href":"https:\/\/www.sexdollmini.com\/es\/wp-json\/wp\/v2\/media?parent=17176"}],"wp:term":[{"taxonomy":"product_brand","embeddable":true,"href":"https:\/\/www.sexdollmini.com\/es\/wp-json\/wp\/v2\/product_brand?post=17176"},{"taxonomy":"product_cat","embeddable":true,"href":"https:\/\/www.sexdollmini.com\/es\/wp-json\/wp\/v2\/product_cat?post=17176"},{"taxonomy":"product_tag","embeddable":true,"href":"https:\/\/www.sexdollmini.com\/es\/wp-json\/wp\/v2\/product_tag?post=17176"}],"curies":[{"name":"gracias","href":"https:\/\/api.w.org\/{rel}","templated":true}]}}