{"id":15928,"date":"2025-05-23T06:12:32","date_gmt":"2025-05-23T13:12:32","guid":{"rendered":"https:\/\/www.sexdollmini.com\/?post_type=product&#038;p=15928"},"modified":"2026-04-04T22:04:38","modified_gmt":"2026-04-05T05:04:38","slug":"robin-flat-chest-tpe-sex-doll","status":"publish","type":"product","link":"https:\/\/www.sexdollmini.com\/et\/toode\/robin-flat-chest-tpe-sex-doll\/","title":{"rendered":"Robin lameda rinnaga Tpe seksinukk"},"content":{"rendered":"<h2>Seksinukkude \u00fcksikasjad<\/h2>\n<p>Lameda rinnaga seksinukud on 21-aastased, elutruud t\u00e4iskasvanutele m\u00f5eldud seksinukud on valge nahaga ja muudavad seksinukud armsamaks, kui nad kannavad erksav\u00e4rvilisi kost\u00fc\u00fcme. Saate seksinukku riietada, hankides sellele eraldi m\u00f5ned oma lemmikkaunistused, need kaunistused muudavad seksinuku elavamaks. Sellistesse armsatesse seksinukkudesse on raske mitte armuda.<br \/>\nOsta seksinukk kohe ja saad juhuslikus stiilis seksika pesu ja paruka.<\/p>\n<p>&nbsp;<\/p>\n<p>K\u00f5rgus: 100 cm<br \/>\nRind: 46 cm<br \/>\nV\u00f6\u00f6koht: 38 cm<br \/>\nPuus: 59 cm<br \/>\nP\u00e4raku s\u00fcgavus: 8cm<br \/>\nVagina s\u00fcgavus: 14 cm<br \/>\nSuu s\u00fcgavus: 12 cm<br \/>\nNetokaal: 13 kg<br \/>\nBrutokaal: 15 kg<\/p>\n<p>&nbsp;<\/p>\n<p>K\u00f5rgus: 125 cm<br \/>\nRind: 55 cm<br \/>\nV\u00f6\u00f6koht: 42 cm<br \/>\nPuus: 62 cm<br \/>\nP\u00e4raku s\u00fcgavus: 16 cm<br \/>\nVagina s\u00fcgavus: 17 cm<br \/>\nSuu s\u00fcgavus: 12 cm<br \/>\nNetokaal: 17 kg<br \/>\nBrutokaal: 20 kg<\/p>\n<p>&nbsp;<\/p>\n<p>&nbsp;<\/p>\n<p>Palun lubage k\u00e4sitsi m\u00f5\u00f5tmise t\u00f5ttu 2\u20134 cm k\u00e4sitsi m\u00f5\u00f5tmise erinevust.<\/p>","protected":false},"excerpt":{"rendered":"<p>Noor seksinukk on valmistatud kombatavast realistlikust TPE-materjalist, mis muudab tema naha pehmemaks ja elastsemaks, ning tema kehal on metallskelett h\u00f5lpsaks kiikumiseks.<\/p>","protected":false},"featured_media":15933,"comment_status":"open","ping_status":"closed","template":"","meta":[],"product_brand":[],"product_cat":[53,56,57,74,18,81,24,27,23,64,70,28,65,30,38,73,41,82,79,62,26,39,66,80,43,40,31,69,32,77,25,33,29,20,21,34,72,19,42,44,71,76,36,35,84,63,61,75,37,78],"product_tag":[],"class_list":{"0":"post-15928","1":"product","2":"type-product","3":"status-publish","4":"has-post-thumbnail","6":"product_cat-100cm-sex-dolls","7":"product_cat-120cm-sex-dolls","8":"product_cat-125cm-sex-dolls","9":"product_cat-6ye-doll","10":"product_cat-adult-doll","11":"product_cat-aibei-doll","12":"product_cat-american-sex-doll","13":"product_cat-anime-sex-dolls","14":"product_cat-asian-sex-doll","15":"product_cat-australia-stock-sex-doll","16":"product_cat-axb-doll","17":"product_cat-blonde-sex-doll","18":"product_cat-canada-stock-sex-doll","19":"product_cat-cheap-sex-doll","20":"product_cat-chubby-sex-dolls","21":"product_cat-climax-doll","22":"product_cat-curvy-sex-dolls","23":"product_cat-dolls-castle","24":"product_cat-elsa-babe","25":"product_cat-eu-stock-sex-doll","26":"product_cat-european-sex-dolls","27":"product_cat-fantasy-sex-doll","28":"product_cat-female-sex-dolls","29":"product_cat-fire-doll","30":"product_cat-flat-chested-sex-doll","31":"product_cat-full-body-sex-dolls","32":"product_cat-full-size-sex-dolls","33":"product_cat-girl-sex-dolls","34":"product_cat-hentai-sex-dolls","35":"product_cat-irontech-sex-dolls","36":"product_cat-japanese-sex-dolls","37":"product_cat-life-like-sex-dolls","38":"product_cat-life-size-sex-dolls","39":"product_cat-love-doll","40":"product_cat-miniature-sex-doll","41":"product_cat-petite-sex-dolls","42":"product_cat-qita-doll","43":"product_cat-real-doll","44":"product_cat-skinny-sex-dolls","45":"product_cat-small-breast-sex-doll","46":"product_cat-sy-doll","47":"product_cat-tantaly-sex-doll","48":"product_cat-teen-sex-dolls","49":"product_cat-tiny-sex-dolls","50":"product_cat-tpe-sex-dolls","51":"product_cat-uk-stock-sex-doll","52":"product_cat-us-stock-sex-dolls","53":"product_cat-wm-doll","54":"product_cat-young-sex-dolls","55":"product_cat-zelex-doll","57":"first","58":"instock","59":"sale","60":"shipping-taxable","61":"purchasable","62":"product-type-variable","63":"has-default-attributes"},"_links":{"self":[{"href":"https:\/\/www.sexdollmini.com\/et\/wp-json\/wp\/v2\/product\/15928","targetHints":{"allow":["GET"]}}],"collection":[{"href":"https:\/\/www.sexdollmini.com\/et\/wp-json\/wp\/v2\/product"}],"about":[{"href":"https:\/\/www.sexdollmini.com\/et\/wp-json\/wp\/v2\/types\/product"}],"replies":[{"embeddable":true,"href":"https:\/\/www.sexdollmini.com\/et\/wp-json\/wp\/v2\/comments?post=15928"}],"wp:featuredmedia":[{"embeddable":true,"href":"https:\/\/www.sexdollmini.com\/et\/wp-json\/wp\/v2\/media\/15933"}],"wp:attachment":[{"href":"https:\/\/www.sexdollmini.com\/et\/wp-json\/wp\/v2\/media?parent=15928"}],"wp:term":[{"taxonomy":"product_brand","embeddable":true,"href":"https:\/\/www.sexdollmini.com\/et\/wp-json\/wp\/v2\/product_brand?post=15928"},{"taxonomy":"product_cat","embeddable":true,"href":"https:\/\/www.sexdollmini.com\/et\/wp-json\/wp\/v2\/product_cat?post=15928"},{"taxonomy":"product_tag","embeddable":true,"href":"https:\/\/www.sexdollmini.com\/et\/wp-json\/wp\/v2\/product_tag?post=15928"}],"curies":[{"name":"t\u00f6\u00f6leht","href":"https:\/\/api.w.org\/{rel}","templated":true}]}}