{"id":16268,"date":"2025-06-09T00:33:45","date_gmt":"2025-06-09T07:33:45","guid":{"rendered":"https:\/\/www.sexdollmini.com\/?post_type=product&#038;p=16268"},"modified":"2025-08-03T19:23:46","modified_gmt":"2025-08-04T02:23:46","slug":"orva-flat-half-body-sex-doll-torso","status":"publish","type":"product","link":"https:\/\/www.sexdollmini.com\/et\/toode\/orva-flat-half-body-sex-doll-torso\/","title":{"rendered":"Orva lameda poolkehaga seksinuku torso"},"content":{"rendered":"<h2>Seksinukkude \u00fcksikasjad<\/h2>\n<p>Lameda rinnaga seksinuku torso on m\u00e4ngijate seas v\u00e4ga populaarne ja lame rind on selle seksinuku iseloomulik tunnus. See mitte ainult ei rahulda teie seksuaalseid vajadusi, vaid on ka aare. Lameda rinnaga poolkehaga seksinuku torso on lihtne hoiustada ja transportida. Kui teil on vaja sageli kolida v\u00f5i reisida, ei ole teil selle seksinuku kogumisega palju probleeme ning poolkehaga seksinuku torso v\u00f5ib palju ruumi kokku hoida.<\/p>\n<p>K\u00f5rgus: 47 cm<br \/>\nRind: 47 cm<br \/>\nV\u00f6\u00f6koht: 42 cm<br \/>\nPuus: 70 cm<br \/>\n\u00d5la laius: 25 cm<br \/>\nVagina s\u00fcgavus: 16 cm<br \/>\nP\u00e4raku s\u00fcgavus: 16 cm<br \/>\nNetokaal: 9KG<br \/>\nKarbi spetsifikatsioon: 65 * 34 * 29<br \/>\nKogukaal: 12 kg<\/p>\n<p>&nbsp;<\/p>\n<p>Palun lubage k\u00e4sitsi m\u00f5\u00f5tmise t\u00f5ttu 2\u20134 cm k\u00e4sitsi m\u00f5\u00f5tmise erinevust.<\/p>","protected":false},"excerpt":{"rendered":"<p>N\u00e4pun\u00e4ited seksinukkude hooldamiseks: V\u00e4ldi seksinukkude jaoks tumedate riiete valimist ja v\u00e4ldi tumedate riiete pikaajalist kokkupuudet TPE-materjalidega, et v\u00e4ltida plekke.<br \/>\nKui soovite, et seksinukk kauem vastu peaks, on soovitatav valida seksinukule pehme padi ja hoida nukku loomulikus r\u00fchis.<\/p>","protected":false},"featured_media":16270,"comment_status":"open","ping_status":"closed","template":"","meta":[],"product_brand":[],"product_cat":[18,73,82,79,66,80,43,146,20,21,34,60,42,71,84,75,78],"product_tag":[],"class_list":{"0":"post-16268","1":"product","2":"type-product","3":"status-publish","4":"has-post-thumbnail","6":"product_cat-adult-doll","7":"product_cat-climax-doll","8":"product_cat-dolls-castle","9":"product_cat-elsa-babe","10":"product_cat-female-sex-dolls","11":"product_cat-fire-doll","12":"product_cat-flat-chested-sex-doll","13":"product_cat-half-body-sex-doll-torso","14":"product_cat-love-doll","15":"product_cat-miniature-sex-doll","16":"product_cat-petite-sex-dolls","17":"product_cat-sex-doll-torso","18":"product_cat-skinny-sex-dolls","19":"product_cat-sy-doll","20":"product_cat-tpe-sex-dolls","21":"product_cat-wm-doll","22":"product_cat-zelex-doll","24":"first","25":"instock","26":"sale","27":"shipping-taxable","28":"purchasable","29":"product-type-simple"},"_links":{"self":[{"href":"https:\/\/www.sexdollmini.com\/et\/wp-json\/wp\/v2\/product\/16268","targetHints":{"allow":["GET"]}}],"collection":[{"href":"https:\/\/www.sexdollmini.com\/et\/wp-json\/wp\/v2\/product"}],"about":[{"href":"https:\/\/www.sexdollmini.com\/et\/wp-json\/wp\/v2\/types\/product"}],"replies":[{"embeddable":true,"href":"https:\/\/www.sexdollmini.com\/et\/wp-json\/wp\/v2\/comments?post=16268"}],"wp:featuredmedia":[{"embeddable":true,"href":"https:\/\/www.sexdollmini.com\/et\/wp-json\/wp\/v2\/media\/16270"}],"wp:attachment":[{"href":"https:\/\/www.sexdollmini.com\/et\/wp-json\/wp\/v2\/media?parent=16268"}],"wp:term":[{"taxonomy":"product_brand","embeddable":true,"href":"https:\/\/www.sexdollmini.com\/et\/wp-json\/wp\/v2\/product_brand?post=16268"},{"taxonomy":"product_cat","embeddable":true,"href":"https:\/\/www.sexdollmini.com\/et\/wp-json\/wp\/v2\/product_cat?post=16268"},{"taxonomy":"product_tag","embeddable":true,"href":"https:\/\/www.sexdollmini.com\/et\/wp-json\/wp\/v2\/product_tag?post=16268"}],"curies":[{"name":"t\u00f6\u00f6leht","href":"https:\/\/api.w.org\/{rel}","templated":true}]}}