{"id":16753,"date":"2025-07-06T07:15:11","date_gmt":"2025-07-06T14:15:11","guid":{"rendered":"https:\/\/www.sexdollmini.com\/?post_type=product&#038;p=16753"},"modified":"2025-07-15T00:38:40","modified_gmt":"2025-07-15T07:38:40","slug":"ken-life-size-male-sex-doll","status":"publish","type":"product","link":"https:\/\/www.sexdollmini.com\/et\/toode\/ken-life-size-male-sex-doll\/","title":{"rendered":"Keni elusuuruses meeste seksinukk"},"content":{"rendered":"<h2>Seksinukkude \u00fcksikasjad<\/h2>\n<p>TPE-st meeste seksinukul on nisukarva nahav\u00e4rv, mis annab talle v\u00e4ga meheliku v\u00e4limuse. Lahe meeste seksinukk on valgekraeline t\u00f6\u00f6taja, kellel on k\u00f5va peenis ja seespool metallist skelett, mis v\u00f5imaldab tal teha palju poose. Kokkuv\u00f5ttes n\u00e4eb see meeste seksinukk v\u00e4lja nii \u00f5rn kui ka mehelik.<\/p>\n<p>K\u00f5rgus: 140 cm<br \/>\nNetokaal: 30 kg<br \/>\nMaterjal: TPE metallkarkassiga<br \/>\nRind: 55 cm<br \/>\nV\u00f6\u00f6koht: 48 cm<br \/>\nPuus: 70 cm<br \/>\nPeenise pikkus: 16cm * 4cm<br \/>\nSuu\u00f5\u00f5ne s\u00fcgavus: 12 cm<br \/>\nAnaalse s\u00fcgavus: 17 cm<br \/>\nPakendi spetsifikatsioon: 130 * 36 * 26<\/p>\n<p>&nbsp;<\/p>\n<p>Palun lubage k\u00e4sitsi m\u00f5\u00f5tmise t\u00f5ttu 2\u20134 cm k\u00e4sitsi m\u00f5\u00f5tmise erinevust.<\/p>","protected":false},"excerpt":{"rendered":"<p>Seksinukk saab seista v\u00f5i istuda. Elusuuruses meessoost seksinukud on keskmise k\u00f5rgusega ja neid saab hoida suhteliselt v\u00e4ikeses ruumis, n\u00e4iteks autos, kapis jne.<\/p>","protected":false},"featured_media":16757,"comment_status":"open","ping_status":"closed","template":"","meta":[],"product_brand":[],"product_cat":[59,74,18,81,24,27,23,70,28,68,30,73,41,82,79,39,80,40,31,32,77,25,33,29,20,67,148,21,34,72,19,42,71,76,36,35,84,75,37,78],"product_tag":[],"class_list":{"0":"post-16753","1":"product","2":"type-product","3":"status-publish","4":"has-post-thumbnail","6":"product_cat-140cm-sex-dolls","7":"product_cat-6ye-doll","8":"product_cat-adult-doll","9":"product_cat-aibei-doll","10":"product_cat-american-sex-doll","11":"product_cat-anime-sex-dolls","12":"product_cat-asian-sex-doll","13":"product_cat-axb-doll","14":"product_cat-blonde-sex-doll","15":"product_cat-boy-sex-dolls","16":"product_cat-cheap-sex-doll","17":"product_cat-climax-doll","18":"product_cat-curvy-sex-dolls","19":"product_cat-dolls-castle","20":"product_cat-elsa-babe","21":"product_cat-fantasy-sex-doll","22":"product_cat-fire-doll","23":"product_cat-full-body-sex-dolls","24":"product_cat-full-size-sex-dolls","25":"product_cat-hentai-sex-dolls","26":"product_cat-irontech-sex-dolls","27":"product_cat-japanese-sex-dolls","28":"product_cat-life-like-sex-dolls","29":"product_cat-life-size-sex-dolls","30":"product_cat-love-doll","31":"product_cat-male-sex-dolls","32":"product_cat-midget-sex-doll","33":"product_cat-miniature-sex-doll","34":"product_cat-petite-sex-dolls","35":"product_cat-qita-doll","36":"product_cat-real-doll","37":"product_cat-skinny-sex-dolls","38":"product_cat-sy-doll","39":"product_cat-tantaly-sex-doll","40":"product_cat-teen-sex-dolls","41":"product_cat-tiny-sex-dolls","42":"product_cat-tpe-sex-dolls","43":"product_cat-wm-doll","44":"product_cat-young-sex-dolls","45":"product_cat-zelex-doll","47":"first","48":"instock","49":"sale","50":"shipping-taxable","51":"purchasable","52":"product-type-simple"},"_links":{"self":[{"href":"https:\/\/www.sexdollmini.com\/et\/wp-json\/wp\/v2\/product\/16753","targetHints":{"allow":["GET"]}}],"collection":[{"href":"https:\/\/www.sexdollmini.com\/et\/wp-json\/wp\/v2\/product"}],"about":[{"href":"https:\/\/www.sexdollmini.com\/et\/wp-json\/wp\/v2\/types\/product"}],"replies":[{"embeddable":true,"href":"https:\/\/www.sexdollmini.com\/et\/wp-json\/wp\/v2\/comments?post=16753"}],"wp:featuredmedia":[{"embeddable":true,"href":"https:\/\/www.sexdollmini.com\/et\/wp-json\/wp\/v2\/media\/16757"}],"wp:attachment":[{"href":"https:\/\/www.sexdollmini.com\/et\/wp-json\/wp\/v2\/media?parent=16753"}],"wp:term":[{"taxonomy":"product_brand","embeddable":true,"href":"https:\/\/www.sexdollmini.com\/et\/wp-json\/wp\/v2\/product_brand?post=16753"},{"taxonomy":"product_cat","embeddable":true,"href":"https:\/\/www.sexdollmini.com\/et\/wp-json\/wp\/v2\/product_cat?post=16753"},{"taxonomy":"product_tag","embeddable":true,"href":"https:\/\/www.sexdollmini.com\/et\/wp-json\/wp\/v2\/product_tag?post=16753"}],"curies":[{"name":"t\u00f6\u00f6leht","href":"https:\/\/api.w.org\/{rel}","templated":true}]}}