{"id":17179,"date":"2025-07-20T03:22:00","date_gmt":"2025-07-20T10:22:00","guid":{"rendered":"https:\/\/www.sexdollmini.com\/?post_type=product&#038;p=17179"},"modified":"2025-09-08T06:18:12","modified_gmt":"2025-09-08T13:18:12","slug":"elowen-125cm-flat-anime-sex-doll","status":"publish","type":"product","link":"https:\/\/www.sexdollmini.com\/et\/toode\/elowen-125cm-flat-anime-sex-doll\/","title":{"rendered":"Elowen 125 cm lame anime seksnukk"},"content":{"rendered":"<p>Lameda rinnaga seksinuku n\u00e4ojooned n\u00e4evad v\u00e4lja v\u00e4ga sarnased m\u00e4ngutegelaste omadega. See seksinukk on inspireeritud animem\u00e4ngude tegelaskujudest. Animetegelaste n\u00e4ojooned n\u00e4evad selle lameda rinnaga kehaga v\u00e4ga erilised v\u00e4lja. See on v\u00e4ga ainulaadne anime seksinukk, mis sobib suurep\u00e4raselt kollektsion\u00e4\u00e4ridele v\u00f5i neile, kellele meeldivad rollim\u00e4ngud. Saadaval k\u00f5rgustes 100 cm ja 125 cm, meil on palju teisi mini-seksinukkude stiile, mida saate uurida.<\/p>\n<p>&nbsp;<\/p>\n<p>K\u00f5rgus: 100 cm<br \/>\nRind: 49 cm<br \/>\nV\u00f6\u00f6koht: 37 cm<br \/>\nPuus: 58 cm<br \/>\nP\u00e4raku s\u00fcgavus: 11 cm<br \/>\nVagina s\u00fcgavus: 14 cm<br \/>\nNetokaal: 12 kg<br \/>\nBrutokaal: 15 kg<\/p>\n<p>&nbsp;<\/p>\n<p>K\u00f5rgus: 125 cm<br \/>\nRind: 54 cm<br \/>\nV\u00f6\u00f6koht: 42 cm<br \/>\nPuus: 62 cm<br \/>\nP\u00e4raku s\u00fcgavus: 13 cm<br \/>\nVagina s\u00fcgavus: 15cm<br \/>\nNetokaal: 17 kg<br \/>\nBrutokaal: 20 kg<\/p>\n<p>&nbsp;<\/p>\n<p>&nbsp;<\/p>\n<p>Palun lubage k\u00e4sitsi m\u00f5\u00f5tmise t\u00f5ttu 2\u20134 cm k\u00e4sitsi m\u00f5\u00f5tmise erinevust.<\/p>","protected":false},"excerpt":{"rendered":"<p>Anime seksinukkude kehad on valmistatud pehme ja realistliku naha tagamiseks TPE-materjalist, seega on saadaval lameda rinnaga seksinukkude tupe ja p\u00e4rak.<\/p>","protected":false},"featured_media":17186,"comment_status":"open","ping_status":"closed","template":"","meta":[],"product_brand":[],"product_cat":[53,56,57,74,18,81,27,23,70,28,30,38,73,41,82,79,26,39,66,80,43,40,31,69,32,77,25,33,29,20,21,34,72,19,42,44,71,76,36,35,84,75,37,78],"product_tag":[],"class_list":{"0":"post-17179","1":"product","2":"type-product","3":"status-publish","4":"has-post-thumbnail","6":"product_cat-100cm-sex-dolls","7":"product_cat-120cm-sex-dolls","8":"product_cat-125cm-sex-dolls","9":"product_cat-6ye-doll","10":"product_cat-adult-doll","11":"product_cat-aibei-doll","12":"product_cat-anime-sex-dolls","13":"product_cat-asian-sex-doll","14":"product_cat-axb-doll","15":"product_cat-blonde-sex-doll","16":"product_cat-cheap-sex-doll","17":"product_cat-chubby-sex-dolls","18":"product_cat-climax-doll","19":"product_cat-curvy-sex-dolls","20":"product_cat-dolls-castle","21":"product_cat-elsa-babe","22":"product_cat-european-sex-dolls","23":"product_cat-fantasy-sex-doll","24":"product_cat-female-sex-dolls","25":"product_cat-fire-doll","26":"product_cat-flat-chested-sex-doll","27":"product_cat-full-body-sex-dolls","28":"product_cat-full-size-sex-dolls","29":"product_cat-girl-sex-dolls","30":"product_cat-hentai-sex-dolls","31":"product_cat-irontech-sex-dolls","32":"product_cat-japanese-sex-dolls","33":"product_cat-life-like-sex-dolls","34":"product_cat-life-size-sex-dolls","35":"product_cat-love-doll","36":"product_cat-miniature-sex-doll","37":"product_cat-petite-sex-dolls","38":"product_cat-qita-doll","39":"product_cat-real-doll","40":"product_cat-skinny-sex-dolls","41":"product_cat-small-breast-sex-doll","42":"product_cat-sy-doll","43":"product_cat-tantaly-sex-doll","44":"product_cat-teen-sex-dolls","45":"product_cat-tiny-sex-dolls","46":"product_cat-tpe-sex-dolls","47":"product_cat-wm-doll","48":"product_cat-young-sex-dolls","49":"product_cat-zelex-doll","51":"first","52":"instock","53":"sale","54":"shipping-taxable","55":"purchasable","56":"product-type-variable","57":"has-default-attributes"},"_links":{"self":[{"href":"https:\/\/www.sexdollmini.com\/et\/wp-json\/wp\/v2\/product\/17179","targetHints":{"allow":["GET"]}}],"collection":[{"href":"https:\/\/www.sexdollmini.com\/et\/wp-json\/wp\/v2\/product"}],"about":[{"href":"https:\/\/www.sexdollmini.com\/et\/wp-json\/wp\/v2\/types\/product"}],"replies":[{"embeddable":true,"href":"https:\/\/www.sexdollmini.com\/et\/wp-json\/wp\/v2\/comments?post=17179"}],"wp:featuredmedia":[{"embeddable":true,"href":"https:\/\/www.sexdollmini.com\/et\/wp-json\/wp\/v2\/media\/17186"}],"wp:attachment":[{"href":"https:\/\/www.sexdollmini.com\/et\/wp-json\/wp\/v2\/media?parent=17179"}],"wp:term":[{"taxonomy":"product_brand","embeddable":true,"href":"https:\/\/www.sexdollmini.com\/et\/wp-json\/wp\/v2\/product_brand?post=17179"},{"taxonomy":"product_cat","embeddable":true,"href":"https:\/\/www.sexdollmini.com\/et\/wp-json\/wp\/v2\/product_cat?post=17179"},{"taxonomy":"product_tag","embeddable":true,"href":"https:\/\/www.sexdollmini.com\/et\/wp-json\/wp\/v2\/product_tag?post=17179"}],"curies":[{"name":"t\u00f6\u00f6leht","href":"https:\/\/api.w.org\/{rel}","templated":true}]}}