{"id":16369,"date":"2025-06-12T00:16:03","date_gmt":"2025-06-12T07:16:03","guid":{"rendered":"https:\/\/www.sexdollmini.com\/?post_type=product&#038;p=16369"},"modified":"2026-05-04T21:01:27","modified_gmt":"2026-05-05T04:01:27","slug":"blackbird-closed-eyes-bbw-sex-doll","status":"publish","type":"product","link":"https:\/\/www.sexdollmini.com\/fi\/tuote\/blackbird-closed-eyes-bbw-sex-doll\/","title":{"rendered":"Blackbird Suljetut Silm\u00e4t Bbw Seksinukke"},"content":{"rendered":"<h2>Yksityiskohdat seksinukeista<\/h2>\n<p>108 cm pitk\u00e4 BBW-seksinukke n\u00e4ytt\u00e4\u00e4 \u00f6ljymaalaukselta punaisessa y\u00f6paidassa. H\u00e4nen py\u00f6re\u00e4t vartalonsa linjat k\u00e4tkev\u00e4t eleganssia ja voimaa, tehden h\u00e4nest\u00e4 niin kauniin, etteiv\u00e4t ihmiset voi irrottaa katsettaan h\u00e4nest\u00e4. Suljettujen silmien seksinukella on py\u00f6re\u00e4, helmi\u00e4ism\u00e4inen hahmo, lyhyt mutta py\u00f6re\u00e4 vartaloltaan. H\u00e4n n\u00e4ytt\u00e4\u00e4 lempe\u00e4lt\u00e4 ja yst\u00e4v\u00e4lliselt\u00e4, isolta naiselta. Seksinuken rinnat ovat riitt\u00e4v\u00e4n suuret. Jos pid\u00e4t tunteesta, kun rinnat puristavat penist\u00e4si, t\u00e4m\u00e4 seksinukke on hyv\u00e4 valinta.<\/p>\n<p>Korkeus: 108 cm<br \/>\nRinnanymp\u00e4rys: 81 cm<br \/>\nVy\u00f6t\u00e4r\u00f6: 46 cm<br \/>\nLonkat: 80 cm<br \/>\nNettopaino: 22 kg<br \/>\nKokonaispaino: 26 kg<br \/>\nPakkaus 100 * 36 * 26CM<br \/>\nEm\u00e4ttimen pituus: 15 cm<br \/>\nPer\u00e4aukko: 13 cm<br \/>\nSuihinotto: 10 cm<\/p>\n<p>&nbsp;<\/p>\n<p>Salli 2\u20134 cm manuaalisen mittauksen ero manuaalisen mittauksen vuoksi.<\/p>","protected":false},"excerpt":{"rendered":"<p>Jos pid\u00e4t suurista rinnoista ja pakaroista, mutta et pid\u00e4 liian pitkist\u00e4 tai painavista seksinukeista, t\u00e4m\u00e4n seksinuken mittasuhteet voivat olla haluamasi seksinukke. 108 cm pitk\u00e4\u00e4 seksinukkea on helppo liikutella ja s\u00e4ilytt\u00e4\u00e4, ja rinnat ja pakarat ovat suuret ja niit\u00e4 voi muvitella mielin m\u00e4\u00e4rin.<\/p>","protected":false},"featured_media":16389,"comment_status":"open","ping_status":"closed","template":"","meta":[],"product_brand":[],"product_cat":[54,74,18,81,24,27,23,70,22,28,30,38,73,41,82,79,62,26,39,66,80,40,31,69,32,77,25,33,29,20,72,19,71,76,36,35,84,61,75,37,78],"product_tag":[],"class_list":{"0":"post-16369","1":"product","2":"type-product","3":"status-publish","4":"has-post-thumbnail","6":"product_cat-108cm-sex-dolls","7":"product_cat-6ye-doll","8":"product_cat-adult-doll","9":"product_cat-aibei-doll","10":"product_cat-american-sex-doll","11":"product_cat-anime-sex-dolls","12":"product_cat-asian-sex-doll","13":"product_cat-axb-doll","14":"product_cat-bbw-sex-doll","15":"product_cat-blonde-sex-doll","16":"product_cat-cheap-sex-doll","17":"product_cat-chubby-sex-dolls","18":"product_cat-climax-doll","19":"product_cat-curvy-sex-dolls","20":"product_cat-dolls-castle","21":"product_cat-elsa-babe","22":"product_cat-eu-stock-sex-doll","23":"product_cat-european-sex-dolls","24":"product_cat-fantasy-sex-doll","25":"product_cat-female-sex-dolls","26":"product_cat-fire-doll","27":"product_cat-full-body-sex-dolls","28":"product_cat-full-size-sex-dolls","29":"product_cat-girl-sex-dolls","30":"product_cat-hentai-sex-dolls","31":"product_cat-irontech-sex-dolls","32":"product_cat-japanese-sex-dolls","33":"product_cat-life-like-sex-dolls","34":"product_cat-life-size-sex-dolls","35":"product_cat-love-doll","36":"product_cat-qita-doll","37":"product_cat-real-doll","38":"product_cat-sy-doll","39":"product_cat-tantaly-sex-doll","40":"product_cat-teen-sex-dolls","41":"product_cat-tiny-sex-dolls","42":"product_cat-tpe-sex-dolls","43":"product_cat-us-stock-sex-dolls","44":"product_cat-wm-doll","45":"product_cat-young-sex-dolls","46":"product_cat-zelex-doll","48":"first","49":"instock","50":"sale","51":"shipping-taxable","52":"purchasable","53":"product-type-simple"},"_links":{"self":[{"href":"https:\/\/www.sexdollmini.com\/fi\/wp-json\/wp\/v2\/product\/16369","targetHints":{"allow":["GET"]}}],"collection":[{"href":"https:\/\/www.sexdollmini.com\/fi\/wp-json\/wp\/v2\/product"}],"about":[{"href":"https:\/\/www.sexdollmini.com\/fi\/wp-json\/wp\/v2\/types\/product"}],"replies":[{"embeddable":true,"href":"https:\/\/www.sexdollmini.com\/fi\/wp-json\/wp\/v2\/comments?post=16369"}],"wp:featuredmedia":[{"embeddable":true,"href":"https:\/\/www.sexdollmini.com\/fi\/wp-json\/wp\/v2\/media\/16389"}],"wp:attachment":[{"href":"https:\/\/www.sexdollmini.com\/fi\/wp-json\/wp\/v2\/media?parent=16369"}],"wp:term":[{"taxonomy":"product_brand","embeddable":true,"href":"https:\/\/www.sexdollmini.com\/fi\/wp-json\/wp\/v2\/product_brand?post=16369"},{"taxonomy":"product_cat","embeddable":true,"href":"https:\/\/www.sexdollmini.com\/fi\/wp-json\/wp\/v2\/product_cat?post=16369"},{"taxonomy":"product_tag","embeddable":true,"href":"https:\/\/www.sexdollmini.com\/fi\/wp-json\/wp\/v2\/product_tag?post=16369"}],"curies":[{"name":"wp","href":"https:\/\/api.w.org\/{rel}","templated":true}]}}