{"id":16403,"date":"2025-06-12T02:23:18","date_gmt":"2025-06-12T09:23:18","guid":{"rendered":"https:\/\/www.sexdollmini.com\/?post_type=product&#038;p=16403"},"modified":"2025-10-22T22:01:13","modified_gmt":"2025-10-23T05:01:13","slug":"nell-108cm-bbw-europe-sex-doll","status":"publish","type":"product","link":"https:\/\/www.sexdollmini.com\/fi\/tuote\/nell-108cm-bbw-europe-sex-doll\/","title":{"rendered":"Nell 108cm Bbw Eurooppalainen seksinukke"},"content":{"rendered":"<h2>Yksityiskohdat seksinukeista<\/h2>\n<p>108 cm pitk\u00e4 Nell-seksinukke on kotirouva. Nell-seksinukkeilla ei ole ty\u00f6t\u00e4. Joka p\u00e4iv\u00e4 heid\u00e4n teht\u00e4v\u00e4ns\u00e4 on odottaa sinun tulevasi kotiin, kuunnella mit\u00e4 sanot, antaa kaikkensa yksin tarjotakseen seksuaalisia palveluita ja pyrki\u00e4kseen toimimaan p\u00e4tev\u00e4n\u00e4 kumppanina. Eurooppalainen seksinukke, jolla on vehn\u00e4nv\u00e4rinen iho, h\u00e4nen ihonv\u00e4rins\u00e4 on l\u00e4hell\u00e4 oikeaa henkil\u00f6\u00e4 ja h\u00e4nen ihonsa kosketus on hyvin realistinen.<\/p>\n<p>Korkeus: 108 cm<br \/>\nRinnanymp\u00e4rys: 81 cm<br \/>\nVy\u00f6t\u00e4r\u00f6: 46 cm<br \/>\nLonkat: 80 cm<br \/>\nNettopaino: 22 kg<br \/>\nKokonaispaino: 26 kg<br \/>\nPakkaus 100 * 36 * 26CM<br \/>\nEm\u00e4ttimen pituus: 15 cm<br \/>\nPer\u00e4aukko: 13 cm<br \/>\nSuihinotto: 10 cm<\/p>\n<p>&nbsp;<\/p>\n<p>Salli 2\u20134 cm manuaalisen mittauksen ero manuaalisen mittauksen vuoksi.<\/p>","protected":false},"excerpt":{"rendered":"<p>108 cm pitk\u00e4ss\u00e4 seksinukkessa on metalliset luurankojalat rungon sis\u00e4ll\u00e4, joten \u00e4l\u00e4 aliarvioi n\u00e4it\u00e4 pieni\u00e4 lis\u00e4varusteita. \u00c4l\u00e4 aliarvioi n\u00e4it\u00e4 pieni\u00e4 lis\u00e4varusteita, ne voivat tukea py\u00f6re\u00e4\u00e4 seksinukkea monissa liikkeiss\u00e4.<\/p>","protected":false},"featured_media":16410,"comment_status":"open","ping_status":"closed","template":"","meta":[],"product_brand":[],"product_cat":[54,74,18,81,24,27,23,70,22,28,30,38,73,41,82,79,62,26,39,66,80,40,31,69,32,77,25,33,29,20,148,72,19,71,76,36,35,84,61,75,37,78],"product_tag":[],"class_list":{"0":"post-16403","1":"product","2":"type-product","3":"status-publish","4":"has-post-thumbnail","6":"product_cat-108cm-sex-dolls","7":"product_cat-6ye-doll","8":"product_cat-adult-doll","9":"product_cat-aibei-doll","10":"product_cat-american-sex-doll","11":"product_cat-anime-sex-dolls","12":"product_cat-asian-sex-doll","13":"product_cat-axb-doll","14":"product_cat-bbw-sex-doll","15":"product_cat-blonde-sex-doll","16":"product_cat-cheap-sex-doll","17":"product_cat-chubby-sex-dolls","18":"product_cat-climax-doll","19":"product_cat-curvy-sex-dolls","20":"product_cat-dolls-castle","21":"product_cat-elsa-babe","22":"product_cat-eu-stock-sex-doll","23":"product_cat-european-sex-dolls","24":"product_cat-fantasy-sex-doll","25":"product_cat-female-sex-dolls","26":"product_cat-fire-doll","27":"product_cat-full-body-sex-dolls","28":"product_cat-full-size-sex-dolls","29":"product_cat-girl-sex-dolls","30":"product_cat-hentai-sex-dolls","31":"product_cat-irontech-sex-dolls","32":"product_cat-japanese-sex-dolls","33":"product_cat-life-like-sex-dolls","34":"product_cat-life-size-sex-dolls","35":"product_cat-love-doll","36":"product_cat-midget-sex-doll","37":"product_cat-qita-doll","38":"product_cat-real-doll","39":"product_cat-sy-doll","40":"product_cat-tantaly-sex-doll","41":"product_cat-teen-sex-dolls","42":"product_cat-tiny-sex-dolls","43":"product_cat-tpe-sex-dolls","44":"product_cat-us-stock-sex-dolls","45":"product_cat-wm-doll","46":"product_cat-young-sex-dolls","47":"product_cat-zelex-doll","49":"first","50":"instock","51":"sale","52":"shipping-taxable","53":"purchasable","54":"product-type-simple"},"_links":{"self":[{"href":"https:\/\/www.sexdollmini.com\/fi\/wp-json\/wp\/v2\/product\/16403","targetHints":{"allow":["GET"]}}],"collection":[{"href":"https:\/\/www.sexdollmini.com\/fi\/wp-json\/wp\/v2\/product"}],"about":[{"href":"https:\/\/www.sexdollmini.com\/fi\/wp-json\/wp\/v2\/types\/product"}],"replies":[{"embeddable":true,"href":"https:\/\/www.sexdollmini.com\/fi\/wp-json\/wp\/v2\/comments?post=16403"}],"wp:featuredmedia":[{"embeddable":true,"href":"https:\/\/www.sexdollmini.com\/fi\/wp-json\/wp\/v2\/media\/16410"}],"wp:attachment":[{"href":"https:\/\/www.sexdollmini.com\/fi\/wp-json\/wp\/v2\/media?parent=16403"}],"wp:term":[{"taxonomy":"product_brand","embeddable":true,"href":"https:\/\/www.sexdollmini.com\/fi\/wp-json\/wp\/v2\/product_brand?post=16403"},{"taxonomy":"product_cat","embeddable":true,"href":"https:\/\/www.sexdollmini.com\/fi\/wp-json\/wp\/v2\/product_cat?post=16403"},{"taxonomy":"product_tag","embeddable":true,"href":"https:\/\/www.sexdollmini.com\/fi\/wp-json\/wp\/v2\/product_tag?post=16403"}],"curies":[{"name":"wp","href":"https:\/\/api.w.org\/{rel}","templated":true}]}}