{"id":16525,"date":"2025-06-12T23:54:55","date_gmt":"2025-06-13T06:54:55","guid":{"rendered":"https:\/\/www.sexdollmini.com\/?post_type=product&#038;p=16525"},"modified":"2025-11-13T00:24:14","modified_gmt":"2025-11-13T08:24:14","slug":"perfect-flexible-flat-sex-doll-torso","status":"publish","type":"product","link":"https:\/\/www.sexdollmini.com\/fi\/tuote\/perfect-flexible-flat-sex-doll-torso\/","title":{"rendered":"T\u00e4ydellinen joustava litte\u00e4 seksinuken vartalo"},"content":{"rendered":"<h2>Yksityiskohdat seksinukeista<\/h2>\n<p>Litte\u00e4rintaisessa seksinuken torsossa on sis\u00e4ll\u00e4 metallinen luurankoj\u00e4rjestelm\u00e4, ja se on joustava litter\u00e4rintainen seksinuken torso. Litte\u00e4rintainen seksinuken torso on hyvin erityinen ja sopii eritt\u00e4in hyvin ker\u00e4ilij\u00f6ille. Jos matkustat usein, t\u00e4m\u00e4 seksinuken torso on eritt\u00e4in helppo ottaa mukaan. Se on kohtalaisen painava ja helppo s\u00e4ilytt\u00e4\u00e4.<\/p>\n<p>Korkeus: 61 cm<br \/>\nRinnanymp\u00e4rys: 57 cm<br \/>\nVy\u00f6t\u00e4r\u00f6: 51 cm<br \/>\nLantio: 69 cm<br \/>\nEm\u00e4ttimen syvyys: 14 cm<br \/>\nAnaalisyvyys: 13 cm<br \/>\nPaino: 12 kg<br \/>\nPakkaus: 65 * 33 * 21 cm<\/p>\n<p>&nbsp;<\/p>\n<p>Salli 2\u20134 cm manuaalisen mittauksen ero manuaalisen mittauksen vuoksi.<\/p>","protected":false},"excerpt":{"rendered":"<p>Jos budjettisi ei ole suuri seksinukkien ostamiseen, voit harkita t\u00e4t\u00e4 litte\u00e4rintaista seksinukkea. Se ei ole kevyt eik\u00e4 raskas, ja se voi antaa sinulle hyv\u00e4n seksuaalisen kokemuksen.<\/p>","protected":false},"featured_media":16526,"comment_status":"open","ping_status":"closed","template":"","meta":[],"product_brand":[],"product_cat":[73,66,43,146,60,84],"product_tag":[],"class_list":{"0":"post-16525","1":"product","2":"type-product","3":"status-publish","4":"has-post-thumbnail","6":"product_cat-climax-doll","7":"product_cat-female-sex-dolls","8":"product_cat-flat-chested-sex-doll","9":"product_cat-half-body-sex-doll-torso","10":"product_cat-sex-doll-torso","11":"product_cat-tpe-sex-dolls","13":"first","14":"instock","15":"sale","16":"shipping-taxable","17":"purchasable","18":"product-type-simple"},"_links":{"self":[{"href":"https:\/\/www.sexdollmini.com\/fi\/wp-json\/wp\/v2\/product\/16525","targetHints":{"allow":["GET"]}}],"collection":[{"href":"https:\/\/www.sexdollmini.com\/fi\/wp-json\/wp\/v2\/product"}],"about":[{"href":"https:\/\/www.sexdollmini.com\/fi\/wp-json\/wp\/v2\/types\/product"}],"replies":[{"embeddable":true,"href":"https:\/\/www.sexdollmini.com\/fi\/wp-json\/wp\/v2\/comments?post=16525"}],"wp:featuredmedia":[{"embeddable":true,"href":"https:\/\/www.sexdollmini.com\/fi\/wp-json\/wp\/v2\/media\/16526"}],"wp:attachment":[{"href":"https:\/\/www.sexdollmini.com\/fi\/wp-json\/wp\/v2\/media?parent=16525"}],"wp:term":[{"taxonomy":"product_brand","embeddable":true,"href":"https:\/\/www.sexdollmini.com\/fi\/wp-json\/wp\/v2\/product_brand?post=16525"},{"taxonomy":"product_cat","embeddable":true,"href":"https:\/\/www.sexdollmini.com\/fi\/wp-json\/wp\/v2\/product_cat?post=16525"},{"taxonomy":"product_tag","embeddable":true,"href":"https:\/\/www.sexdollmini.com\/fi\/wp-json\/wp\/v2\/product_tag?post=16525"}],"curies":[{"name":"wp","href":"https:\/\/api.w.org\/{rel}","templated":true}]}}