{"id":16595,"date":"2025-06-25T01:21:25","date_gmt":"2025-06-25T08:21:25","guid":{"rendered":"https:\/\/www.sexdollmini.com\/?post_type=product&#038;p=16595"},"modified":"2026-05-09T13:57:35","modified_gmt":"2026-05-09T20:57:35","slug":"aurelie-young-full-body-sex-doll","status":"publish","type":"product","link":"https:\/\/www.sexdollmini.com\/fi\/tuote\/aurelie-young-full-body-sex-doll\/","title":{"rendered":"Coraline Nuori kokovartaloinen seksinukke"},"content":{"rendered":"<h2>Yksityiskohdat seksinukeista<\/h2>\n<p>T\u00e4m\u00e4 nuori ja py\u00f6re\u00e4 seksinukke on 100 cm pitk\u00e4 ja h\u00e4nell\u00e4 on valkoinen iho. Seksinukke on 22-vuotias ja on vaihtanut ik\u00e4\u00e4 opiskelijasta harjoittelijaksi yrityksess\u00e4. Seksinukke on malliharjoittelija py\u00f6re\u00e4ll\u00e4 vartalollaan. Seksinukke voi poseerata monella tapaa, jotta voit ottaa erilaisia liikkeit\u00e4 ja valokuvia. Voit meikata h\u00e4nt\u00e4 kuvaamisen aikana, jotta h\u00e4n voi t\u00e4ydent\u00e4\u00e4 erilaisia mallinnustyylej\u00e4.<\/p>\n<p>Korkeus: 100 cm<br \/>\nRintakeh\u00e4: 65 cm<br \/>\nVy\u00f6t\u00e4r\u00f6: 50 cm<br \/>\nLantio: 67 cm<br \/>\nPer\u00e4aukon syvyys: 13 cm<br \/>\nEm\u00e4ttimen syvyys: 13 cm<br \/>\nSuuaukon syvyys: 10 cm<br \/>\nNettopaino: 14 kg<br \/>\nKokonaispaino: 17 kg<\/p>\n<p>&nbsp;<\/p>\n<p>Salli 2\u20134 cm manuaalisen mittauksen ero manuaalisen mittauksen vuoksi.<\/p>","protected":false},"excerpt":{"rendered":"<p>Kokovartaloiset seksinuket kest\u00e4v\u00e4t helposti erilaisia stailaus- ja meikkityylej\u00e4. Voit levitt\u00e4\u00e4 seksinukkeihin erilaisia meikkityylej\u00e4 antaaksesi niille suuren muodonmuutoksen.<\/p>","protected":false},"featured_media":16604,"comment_status":"open","ping_status":"closed","template":"","meta":[],"product_brand":[],"product_cat":[53,74,18,81,24,27,23,64,70,28,65,30,38,73,41,82,79,62,26,39,66,80,40,31,69,32,77,25,33,29,20,21,34,72,19,42,71,76,36,35,84,63,61,75,37,78],"product_tag":[],"class_list":{"0":"post-16595","1":"product","2":"type-product","3":"status-publish","4":"has-post-thumbnail","6":"product_cat-100cm-sex-dolls","7":"product_cat-6ye-doll","8":"product_cat-adult-doll","9":"product_cat-aibei-doll","10":"product_cat-american-sex-doll","11":"product_cat-anime-sex-dolls","12":"product_cat-asian-sex-doll","13":"product_cat-australia-stock-sex-doll","14":"product_cat-axb-doll","15":"product_cat-blonde-sex-doll","16":"product_cat-canada-stock-sex-doll","17":"product_cat-cheap-sex-doll","18":"product_cat-chubby-sex-dolls","19":"product_cat-climax-doll","20":"product_cat-curvy-sex-dolls","21":"product_cat-dolls-castle","22":"product_cat-elsa-babe","23":"product_cat-eu-stock-sex-doll","24":"product_cat-european-sex-dolls","25":"product_cat-fantasy-sex-doll","26":"product_cat-female-sex-dolls","27":"product_cat-fire-doll","28":"product_cat-full-body-sex-dolls","29":"product_cat-full-size-sex-dolls","30":"product_cat-girl-sex-dolls","31":"product_cat-hentai-sex-dolls","32":"product_cat-irontech-sex-dolls","33":"product_cat-japanese-sex-dolls","34":"product_cat-life-like-sex-dolls","35":"product_cat-life-size-sex-dolls","36":"product_cat-love-doll","37":"product_cat-miniature-sex-doll","38":"product_cat-petite-sex-dolls","39":"product_cat-qita-doll","40":"product_cat-real-doll","41":"product_cat-skinny-sex-dolls","42":"product_cat-sy-doll","43":"product_cat-tantaly-sex-doll","44":"product_cat-teen-sex-dolls","45":"product_cat-tiny-sex-dolls","46":"product_cat-tpe-sex-dolls","47":"product_cat-uk-stock-sex-doll","48":"product_cat-us-stock-sex-dolls","49":"product_cat-wm-doll","50":"product_cat-young-sex-dolls","51":"product_cat-zelex-doll","53":"first","54":"instock","55":"sale","56":"shipping-taxable","57":"purchasable","58":"product-type-simple"},"_links":{"self":[{"href":"https:\/\/www.sexdollmini.com\/fi\/wp-json\/wp\/v2\/product\/16595","targetHints":{"allow":["GET"]}}],"collection":[{"href":"https:\/\/www.sexdollmini.com\/fi\/wp-json\/wp\/v2\/product"}],"about":[{"href":"https:\/\/www.sexdollmini.com\/fi\/wp-json\/wp\/v2\/types\/product"}],"replies":[{"embeddable":true,"href":"https:\/\/www.sexdollmini.com\/fi\/wp-json\/wp\/v2\/comments?post=16595"}],"wp:featuredmedia":[{"embeddable":true,"href":"https:\/\/www.sexdollmini.com\/fi\/wp-json\/wp\/v2\/media\/16604"}],"wp:attachment":[{"href":"https:\/\/www.sexdollmini.com\/fi\/wp-json\/wp\/v2\/media?parent=16595"}],"wp:term":[{"taxonomy":"product_brand","embeddable":true,"href":"https:\/\/www.sexdollmini.com\/fi\/wp-json\/wp\/v2\/product_brand?post=16595"},{"taxonomy":"product_cat","embeddable":true,"href":"https:\/\/www.sexdollmini.com\/fi\/wp-json\/wp\/v2\/product_cat?post=16595"},{"taxonomy":"product_tag","embeddable":true,"href":"https:\/\/www.sexdollmini.com\/fi\/wp-json\/wp\/v2\/product_tag?post=16595"}],"curies":[{"name":"wp","href":"https:\/\/api.w.org\/{rel}","templated":true}]}}