{"id":16974,"date":"2025-07-15T00:30:29","date_gmt":"2025-07-15T07:30:29","guid":{"rendered":"https:\/\/www.sexdollmini.com\/?post_type=product&#038;p=16974"},"modified":"2025-07-29T20:25:31","modified_gmt":"2025-07-30T03:25:31","slug":"sexy-sleepwear-set-sex-doll","status":"publish","type":"product","link":"https:\/\/www.sexdollmini.com\/fi\/tuote\/sexy-sleepwear-set-sex-doll\/","title":{"rendered":"Seksik\u00e4s y\u00f6asusetti seksinukeille"},"content":{"rendered":"<p>Kaksiosainen seksik\u00e4s pitsipyjama voi toimia flirttailevana roolina seksiel\u00e4m\u00e4ss\u00e4. Sit\u00e4 voidaan k\u00e4ytt\u00e4\u00e4 seksinukelle lyhyen aikaa. Kun seksiel\u00e4m\u00e4 on ohi, on suositeltavaa riisua pyjama seksinukelle ajoissa, jotta seksinukella olisi pidempi k\u00e4ytt\u00f6ik\u00e4.<\/p>\n<p>Vain koko S<br \/>\nRinnanymp\u00e4rys: 81 cm<br \/>\nVy\u00f6t\u00e4r\u00f6: 59 cm<br \/>\nLantio: 90 cm<\/p>\n<p>&nbsp;<\/p>\n<p>Salli 2\u20133 cm:n virhe manuaalisen mittauksen vuoksi.<\/p>","protected":false},"excerpt":{"rendered":"<p>Selk\u00e4tt\u00f6m\u00e4t pyjamat on usein valmistettu pitsimateriaalista, mik\u00e4 voi tehd\u00e4 seksinukeista seksikk\u00e4\u00e4mpi\u00e4.<\/p>","protected":false},"featured_media":16975,"comment_status":"open","ping_status":"closed","template":"","meta":[],"product_brand":[],"product_cat":[83],"product_tag":[],"class_list":{"0":"post-16974","1":"product","2":"type-product","3":"status-publish","4":"has-post-thumbnail","6":"product_cat-sex-doll-accessories","8":"first","9":"instock","10":"sale","11":"shipping-taxable","12":"purchasable","13":"product-type-variable","14":"has-default-attributes"},"_links":{"self":[{"href":"https:\/\/www.sexdollmini.com\/fi\/wp-json\/wp\/v2\/product\/16974","targetHints":{"allow":["GET"]}}],"collection":[{"href":"https:\/\/www.sexdollmini.com\/fi\/wp-json\/wp\/v2\/product"}],"about":[{"href":"https:\/\/www.sexdollmini.com\/fi\/wp-json\/wp\/v2\/types\/product"}],"replies":[{"embeddable":true,"href":"https:\/\/www.sexdollmini.com\/fi\/wp-json\/wp\/v2\/comments?post=16974"}],"wp:featuredmedia":[{"embeddable":true,"href":"https:\/\/www.sexdollmini.com\/fi\/wp-json\/wp\/v2\/media\/16975"}],"wp:attachment":[{"href":"https:\/\/www.sexdollmini.com\/fi\/wp-json\/wp\/v2\/media?parent=16974"}],"wp:term":[{"taxonomy":"product_brand","embeddable":true,"href":"https:\/\/www.sexdollmini.com\/fi\/wp-json\/wp\/v2\/product_brand?post=16974"},{"taxonomy":"product_cat","embeddable":true,"href":"https:\/\/www.sexdollmini.com\/fi\/wp-json\/wp\/v2\/product_cat?post=16974"},{"taxonomy":"product_tag","embeddable":true,"href":"https:\/\/www.sexdollmini.com\/fi\/wp-json\/wp\/v2\/product_tag?post=16974"}],"curies":[{"name":"wp","href":"https:\/\/api.w.org\/{rel}","templated":true}]}}