{"id":17176,"date":"2025-07-20T03:21:53","date_gmt":"2025-07-20T10:21:53","guid":{"rendered":"https:\/\/www.sexdollmini.com\/?post_type=product&#038;p=17176"},"modified":"2025-09-08T06:18:48","modified_gmt":"2025-09-08T13:18:48","slug":"euphemia-custom-made-flat-sex-doll","status":"publish","type":"product","link":"https:\/\/www.sexdollmini.com\/fi\/tuote\/euphemia-custom-made-flat-sex-doll\/","title":{"rendered":"Euphemia R\u00e4\u00e4t\u00e4l\u00f6ity litte\u00e4 seksinukke"},"content":{"rendered":"<p>Seksinukeilla on suuret silm\u00e4t ja pienet suut, ja niiden ominaisuudet ovat saaneet inspiraationsa anime-maailman hahmoista. Valitse suosikki anime-seksinukkesi viett\u00e4\u00e4ksesi jokaisen romanttisen y\u00f6n yhdess\u00e4 ja sanoaksesi hyv\u00e4stit surullisille ja yksin\u00e4isille p\u00e4iville t\u00e4st\u00e4 l\u00e4htien. Seksinukkien korkeutta voidaan mukauttaa, 100 cm tai 125 cm, valitse anime-seksinukke, joka sopii k\u00e4ytt\u00f6\u00f6si ja s\u00e4ilytykseesi.<\/p>\n<p>&nbsp;<\/p>\n<p>Korkeus: 100 cm<br \/>\nRintakeh\u00e4: 49 cm<br \/>\nVy\u00f6t\u00e4r\u00f6: 38 cm<br \/>\nLantio: 59 cm<br \/>\nPer\u00e4aukon syvyys: 11 cm<br \/>\nEm\u00e4ttimen syvyys: 14 cm<br \/>\nSuuaukon syvyys: 10 cm<br \/>\nNettopaino: 13 kg<br \/>\nKokonaispaino: 15 kg<\/p>\n<p>&nbsp;<\/p>\n<p>Korkeus: 125 cm<br \/>\nRintakeh\u00e4: 55 cm<br \/>\nVy\u00f6t\u00e4r\u00f6: 42 cm<br \/>\nLantio: 62 cm<br \/>\nPer\u00e4aukon syvyys: 16 cm<br \/>\nEm\u00e4ttimen syvyys: 17 cm<br \/>\nSuuaukon syvyys: 12 cm<br \/>\nNettopaino: 17 kg<br \/>\nKokonaispaino: 20 kg<\/p>\n<p>&nbsp;<\/p>\n<p>&nbsp;<\/p>\n<p>Salli 2\u20134 cm manuaalisen mittauksen ero manuaalisen mittauksen vuoksi.<\/p>","protected":false},"excerpt":{"rendered":"<p>Pienill\u00e4 anime-seksi-nukeilla on litte\u00e4 rintakeh\u00e4 ja poikkeuksellisen herk\u00e4t kasvonpiirteet. K\u00e4ytett\u00e4viss\u00e4 on sek\u00e4 vagina- ett\u00e4 anaalikanavat.<\/p>","protected":false},"featured_media":17208,"comment_status":"open","ping_status":"closed","template":"","meta":[],"product_brand":[],"product_cat":[53,56,57,74,18,81,27,23,70,28,30,38,73,41,82,79,39,66,80,43,40,31,69,32,77,25,33,29,20,21,34,72,19,42,44,71,76,36,35,84,75,37,78],"product_tag":[],"class_list":{"0":"post-17176","1":"product","2":"type-product","3":"status-publish","4":"has-post-thumbnail","6":"product_cat-100cm-sex-dolls","7":"product_cat-120cm-sex-dolls","8":"product_cat-125cm-sex-dolls","9":"product_cat-6ye-doll","10":"product_cat-adult-doll","11":"product_cat-aibei-doll","12":"product_cat-anime-sex-dolls","13":"product_cat-asian-sex-doll","14":"product_cat-axb-doll","15":"product_cat-blonde-sex-doll","16":"product_cat-cheap-sex-doll","17":"product_cat-chubby-sex-dolls","18":"product_cat-climax-doll","19":"product_cat-curvy-sex-dolls","20":"product_cat-dolls-castle","21":"product_cat-elsa-babe","22":"product_cat-fantasy-sex-doll","23":"product_cat-female-sex-dolls","24":"product_cat-fire-doll","25":"product_cat-flat-chested-sex-doll","26":"product_cat-full-body-sex-dolls","27":"product_cat-full-size-sex-dolls","28":"product_cat-girl-sex-dolls","29":"product_cat-hentai-sex-dolls","30":"product_cat-irontech-sex-dolls","31":"product_cat-japanese-sex-dolls","32":"product_cat-life-like-sex-dolls","33":"product_cat-life-size-sex-dolls","34":"product_cat-love-doll","35":"product_cat-miniature-sex-doll","36":"product_cat-petite-sex-dolls","37":"product_cat-qita-doll","38":"product_cat-real-doll","39":"product_cat-skinny-sex-dolls","40":"product_cat-small-breast-sex-doll","41":"product_cat-sy-doll","42":"product_cat-tantaly-sex-doll","43":"product_cat-teen-sex-dolls","44":"product_cat-tiny-sex-dolls","45":"product_cat-tpe-sex-dolls","46":"product_cat-wm-doll","47":"product_cat-young-sex-dolls","48":"product_cat-zelex-doll","50":"first","51":"instock","52":"sale","53":"shipping-taxable","54":"purchasable","55":"product-type-variable","56":"has-default-attributes"},"_links":{"self":[{"href":"https:\/\/www.sexdollmini.com\/fi\/wp-json\/wp\/v2\/product\/17176","targetHints":{"allow":["GET"]}}],"collection":[{"href":"https:\/\/www.sexdollmini.com\/fi\/wp-json\/wp\/v2\/product"}],"about":[{"href":"https:\/\/www.sexdollmini.com\/fi\/wp-json\/wp\/v2\/types\/product"}],"replies":[{"embeddable":true,"href":"https:\/\/www.sexdollmini.com\/fi\/wp-json\/wp\/v2\/comments?post=17176"}],"wp:featuredmedia":[{"embeddable":true,"href":"https:\/\/www.sexdollmini.com\/fi\/wp-json\/wp\/v2\/media\/17208"}],"wp:attachment":[{"href":"https:\/\/www.sexdollmini.com\/fi\/wp-json\/wp\/v2\/media?parent=17176"}],"wp:term":[{"taxonomy":"product_brand","embeddable":true,"href":"https:\/\/www.sexdollmini.com\/fi\/wp-json\/wp\/v2\/product_brand?post=17176"},{"taxonomy":"product_cat","embeddable":true,"href":"https:\/\/www.sexdollmini.com\/fi\/wp-json\/wp\/v2\/product_cat?post=17176"},{"taxonomy":"product_tag","embeddable":true,"href":"https:\/\/www.sexdollmini.com\/fi\/wp-json\/wp\/v2\/product_tag?post=17176"}],"curies":[{"name":"wp","href":"https:\/\/api.w.org\/{rel}","templated":true}]}}