{"id":18844,"date":"2025-09-23T21:40:04","date_gmt":"2025-09-24T04:40:04","guid":{"rendered":"https:\/\/www.sexdollmini.com\/?post_type=product&#038;p=18844"},"modified":"2026-01-12T23:34:04","modified_gmt":"2026-01-13T07:34:04","slug":"iris-chubby-mistress-88cm-sex-doll","status":"publish","type":"product","link":"https:\/\/www.sexdollmini.com\/fi\/tuote\/iris-chubby-mistress-88cm-sex-doll\/","title":{"rendered":"Iris \u2013 py\u00f6re\u00e4rintainen em\u00e4nn\u00e4nukke 88 cm seksinukke"},"content":{"rendered":"<p>88 cm pitk\u00e4n seksinuken py\u00f6re\u00e4, valkoinen vartalo sopii useimpien makuun. My\u00f6s TPE-seksinuken iho on kest\u00e4v\u00e4. Kun olet p\u00e4\u00e4tt\u00e4nyt uuvuttavan ty\u00f6p\u00e4iv\u00e4n, kotiin paluu rakastajattaresi luo odottamassa sinua on onnen ruumiillistuma.<\/p>\n<p>Korkeus: 88 cm<br \/>\nPaino: 8 kg<br \/>\nRinnanymp\u00e4rys: 44 cm<br \/>\nVy\u00f6t\u00e4r\u00f6: 26 cm<br \/>\nLantio: 55 cm<br \/>\nEm\u00e4ttimen syvyys: 14 cm<br \/>\nPakkauksen mitat: 84 * 27 * 23 cm<\/p>\n<p>&nbsp;<\/p>\n<p>Salli 2\u20134 cm manuaalisen mittauksen ero manuaalisen mittauksen vuoksi.<\/p>","protected":false},"excerpt":{"rendered":"<p>88 cm pitk\u00e4ll\u00e4 seksinukella on py\u00f6re\u00e4 vartalo. T\u00e4ll\u00e4 aistikkaalla seksinukella on sek\u00e4 vagina ett\u00e4 per\u00e4aukko.<\/p>","protected":false},"featured_media":18845,"comment_status":"open","ping_status":"closed","template":"","meta":[],"product_brand":[],"product_cat":[74,51,52,18,81,24,27,23,70,22,28,30,38,73,41,82,79,39,66,80,40,31,69,32,77,25,33,29,20,148,21,34,72,19,71,76,36,35,84,61,75,37,78],"product_tag":[],"class_list":{"0":"post-18844","1":"product","2":"type-product","3":"status-publish","4":"has-post-thumbnail","6":"product_cat-6ye-doll","7":"product_cat-88cm-sex-dolls","8":"product_cat-90cm-sex-dolls","9":"product_cat-adult-doll","10":"product_cat-aibei-doll","11":"product_cat-american-sex-doll","12":"product_cat-anime-sex-dolls","13":"product_cat-asian-sex-doll","14":"product_cat-axb-doll","15":"product_cat-bbw-sex-doll","16":"product_cat-blonde-sex-doll","17":"product_cat-cheap-sex-doll","18":"product_cat-chubby-sex-dolls","19":"product_cat-climax-doll","20":"product_cat-curvy-sex-dolls","21":"product_cat-dolls-castle","22":"product_cat-elsa-babe","23":"product_cat-fantasy-sex-doll","24":"product_cat-female-sex-dolls","25":"product_cat-fire-doll","26":"product_cat-full-body-sex-dolls","27":"product_cat-full-size-sex-dolls","28":"product_cat-girl-sex-dolls","29":"product_cat-hentai-sex-dolls","30":"product_cat-irontech-sex-dolls","31":"product_cat-japanese-sex-dolls","32":"product_cat-life-like-sex-dolls","33":"product_cat-life-size-sex-dolls","34":"product_cat-love-doll","35":"product_cat-midget-sex-doll","36":"product_cat-miniature-sex-doll","37":"product_cat-petite-sex-dolls","38":"product_cat-qita-doll","39":"product_cat-real-doll","40":"product_cat-sy-doll","41":"product_cat-tantaly-sex-doll","42":"product_cat-teen-sex-dolls","43":"product_cat-tiny-sex-dolls","44":"product_cat-tpe-sex-dolls","45":"product_cat-us-stock-sex-dolls","46":"product_cat-wm-doll","47":"product_cat-young-sex-dolls","48":"product_cat-zelex-doll","50":"first","51":"instock","52":"sale","53":"shipping-taxable","54":"purchasable","55":"product-type-simple"},"_links":{"self":[{"href":"https:\/\/www.sexdollmini.com\/fi\/wp-json\/wp\/v2\/product\/18844","targetHints":{"allow":["GET"]}}],"collection":[{"href":"https:\/\/www.sexdollmini.com\/fi\/wp-json\/wp\/v2\/product"}],"about":[{"href":"https:\/\/www.sexdollmini.com\/fi\/wp-json\/wp\/v2\/types\/product"}],"replies":[{"embeddable":true,"href":"https:\/\/www.sexdollmini.com\/fi\/wp-json\/wp\/v2\/comments?post=18844"}],"wp:featuredmedia":[{"embeddable":true,"href":"https:\/\/www.sexdollmini.com\/fi\/wp-json\/wp\/v2\/media\/18845"}],"wp:attachment":[{"href":"https:\/\/www.sexdollmini.com\/fi\/wp-json\/wp\/v2\/media?parent=18844"}],"wp:term":[{"taxonomy":"product_brand","embeddable":true,"href":"https:\/\/www.sexdollmini.com\/fi\/wp-json\/wp\/v2\/product_brand?post=18844"},{"taxonomy":"product_cat","embeddable":true,"href":"https:\/\/www.sexdollmini.com\/fi\/wp-json\/wp\/v2\/product_cat?post=18844"},{"taxonomy":"product_tag","embeddable":true,"href":"https:\/\/www.sexdollmini.com\/fi\/wp-json\/wp\/v2\/product_tag?post=18844"}],"curies":[{"name":"wp","href":"https:\/\/api.w.org\/{rel}","templated":true}]}}