{"id":19438,"date":"2025-10-28T02:17:34","date_gmt":"2025-10-28T09:17:34","guid":{"rendered":"https:\/\/www.sexdollmini.com\/?post_type=product&#038;p=19438"},"modified":"2026-05-09T13:57:01","modified_gmt":"2026-05-09T20:57:01","slug":"aurelie-68cm-miniature-girl-sex-doll","status":"publish","type":"product","link":"https:\/\/www.sexdollmini.com\/fr\/produit\/aurelie-68cm-miniature-girl-sex-doll\/","title":{"rendered":"Poup\u00e9e sexuelle miniature Aurelie de 68 cm"},"content":{"rendered":"<h2>D\u00e9tails des poup\u00e9es sexuelles<\/h2>\n<p>Fabriqu\u00e9e en TPE souple et r\u00e9sistant, cette poup\u00e9e sexuelle reproduit fid\u00e8lement les sensations tactiles authentiques des tissus humains, pour une exp\u00e9rience sexuelle r\u00e9aliste. Mesurant 68 cm, cette poup\u00e9e miniature est dot\u00e9e d&#039;un orifice vaginal unique, con\u00e7u de mani\u00e8re r\u00e9aliste.<\/p>\n<p>Hauteur : 68 cm<br \/>\nPoids : 6 kg<br \/>\nTour de poitrine : 37 cm<br \/>\nTour de taille : 29 cm<br \/>\nHanches : 44 cm<br \/>\nProfondeur vaginale : 11 cm<\/p>\n<p>&nbsp;<\/p>\n<p>Veuillez pr\u00e9voir une diff\u00e9rence de mesure manuelle de 2 \u00e0 4 cm en raison de la mesure manuelle.<\/p>","protected":false},"excerpt":{"rendered":"<p>Le corps de cette poup\u00e9e sexuelle de 68 cm pr\u00e9sente une excellente flexibilit\u00e9, permettant d&#039;y ins\u00e9rer des poup\u00e9es sexuelles complexes et d\u00e9taill\u00e9es.<\/p>","protected":false},"featured_media":19444,"comment_status":"open","ping_status":"closed","template":"","meta":[],"product_brand":[],"product_cat":[48,74,49,18,81,24,27,23,70,28,30,38,73,41,82,79,39,66,80,40,31,69,32,77,25,33,29,20,148,21,34,72,19,42,71,76,36,35,84,61,75,37,78],"product_tag":[],"class_list":{"0":"post-19438","1":"product","2":"type-product","3":"status-publish","4":"has-post-thumbnail","6":"product_cat-65cm-sex-dolls","7":"product_cat-6ye-doll","8":"product_cat-70cm-sex-dolls","9":"product_cat-adult-doll","10":"product_cat-aibei-doll","11":"product_cat-american-sex-doll","12":"product_cat-anime-sex-dolls","13":"product_cat-asian-sex-doll","14":"product_cat-axb-doll","15":"product_cat-blonde-sex-doll","16":"product_cat-cheap-sex-doll","17":"product_cat-chubby-sex-dolls","18":"product_cat-climax-doll","19":"product_cat-curvy-sex-dolls","20":"product_cat-dolls-castle","21":"product_cat-elsa-babe","22":"product_cat-fantasy-sex-doll","23":"product_cat-female-sex-dolls","24":"product_cat-fire-doll","25":"product_cat-full-body-sex-dolls","26":"product_cat-full-size-sex-dolls","27":"product_cat-girl-sex-dolls","28":"product_cat-hentai-sex-dolls","29":"product_cat-irontech-sex-dolls","30":"product_cat-japanese-sex-dolls","31":"product_cat-life-like-sex-dolls","32":"product_cat-life-size-sex-dolls","33":"product_cat-love-doll","34":"product_cat-midget-sex-doll","35":"product_cat-miniature-sex-doll","36":"product_cat-petite-sex-dolls","37":"product_cat-qita-doll","38":"product_cat-real-doll","39":"product_cat-skinny-sex-dolls","40":"product_cat-sy-doll","41":"product_cat-tantaly-sex-doll","42":"product_cat-teen-sex-dolls","43":"product_cat-tiny-sex-dolls","44":"product_cat-tpe-sex-dolls","45":"product_cat-us-stock-sex-dolls","46":"product_cat-wm-doll","47":"product_cat-young-sex-dolls","48":"product_cat-zelex-doll","50":"first","51":"instock","52":"sale","53":"shipping-taxable","54":"purchasable","55":"product-type-simple"},"_links":{"self":[{"href":"https:\/\/www.sexdollmini.com\/fr\/wp-json\/wp\/v2\/product\/19438","targetHints":{"allow":["GET"]}}],"collection":[{"href":"https:\/\/www.sexdollmini.com\/fr\/wp-json\/wp\/v2\/product"}],"about":[{"href":"https:\/\/www.sexdollmini.com\/fr\/wp-json\/wp\/v2\/types\/product"}],"replies":[{"embeddable":true,"href":"https:\/\/www.sexdollmini.com\/fr\/wp-json\/wp\/v2\/comments?post=19438"}],"wp:featuredmedia":[{"embeddable":true,"href":"https:\/\/www.sexdollmini.com\/fr\/wp-json\/wp\/v2\/media\/19444"}],"wp:attachment":[{"href":"https:\/\/www.sexdollmini.com\/fr\/wp-json\/wp\/v2\/media?parent=19438"}],"wp:term":[{"taxonomy":"product_brand","embeddable":true,"href":"https:\/\/www.sexdollmini.com\/fr\/wp-json\/wp\/v2\/product_brand?post=19438"},{"taxonomy":"product_cat","embeddable":true,"href":"https:\/\/www.sexdollmini.com\/fr\/wp-json\/wp\/v2\/product_cat?post=19438"},{"taxonomy":"product_tag","embeddable":true,"href":"https:\/\/www.sexdollmini.com\/fr\/wp-json\/wp\/v2\/product_tag?post=19438"}],"curies":[{"name":"wp","href":"https:\/\/api.w.org\/{rel}","templated":true}]}}