{"id":15787,"date":"2025-05-10T06:57:49","date_gmt":"2025-05-10T13:57:49","guid":{"rendered":"https:\/\/www.sexdollmini.com\/?post_type=product&#038;p=15787"},"modified":"2026-03-22T10:42:11","modified_gmt":"2026-03-22T17:42:11","slug":"philippa-tiny-flat-chest-sex-doll","status":"publish","type":"product","link":"https:\/\/www.sexdollmini.com\/hr\/proizvod\/philippa-tiny-flat-chest-sex-doll\/","title":{"rendered":"Philippa si\u0107u\u0161na seks lutka s ravnim prsima"},"content":{"rendered":"<h2>Detalji o seks lutkama<\/h2>\n<p>Ova TPE seks lutka ravnih prsa izra\u0111ena je od mekog materijala ugodnog za ko\u017eu. Mnogo je prednosti posjedovanja seks lutke. Mo\u017eete zagrliti seks lutku prije spavanja, \u0161to vam mo\u017ee donijeti malo mira. Tako\u0111er mo\u017eete pripremiti razli\u010dite stilove odje\u0107e za seks lutku (profesionalnu odje\u0107u, kupa\u0107e kostime itd.) za igre uloga, a ona se mo\u017ee koristiti i kao model mrtve prirode za vje\u017ebanje skiciranja ljudskog tijela.<br \/>\nOve aktivnosti ne samo da vam mogu u\u010diniti \u017eivot zanimljivijim, ve\u0107 vam i pomo\u0107i da se opustite i pobolj\u0161ate svoju kreativnost. Najva\u017enije je prona\u0107i na\u010din interakcije koji \u0107e vas u\u010diniti ugodnim i sretnim.<\/p>\n<p>&nbsp;<\/p>\n<p>Visina: 100 cm<br \/>\nPrsa: 46 cm<br \/>\nStruk: 38 cm<br \/>\nBok: 59 cm<br \/>\nDubina anusa: 8 cm<br \/>\nDubina vagine: 14 cm<br \/>\nDubina usta: 12 cm<br \/>\nNeto te\u017eina: 13 kg<br \/>\nBruto te\u017eina: 15 kg<\/p>\n<p>&nbsp;<\/p>\n<p>Visina: 125 cm<br \/>\nPrsa: 55 cm<br \/>\nStruk: 42 cm<br \/>\nKuk: 62 cm<br \/>\nDubina anusa: 16 cm<br \/>\nDubina vagine: 17 cm<br \/>\nDubina usta: 12 cm<br \/>\nNeto te\u017eina: 17 kg<br \/>\nBruto te\u017eina: 20 kg<\/p>\n<p>&nbsp;<\/p>\n<p>&nbsp;<\/p>\n<p>Molimo dopustite razliku od 2-4 cm u ru\u010dnom mjerenju zbog ru\u010dnog mjerenja.<\/p>","protected":false},"excerpt":{"rendered":"<p>Na\u010din da se sla\u017eete s TPE lutkom jest da jednostavno dru\u017eenje pretvorite u topli \u017eivotni ritual. Ona ne mo\u017ee govoriti, ali mo\u017ee biti va\u0161a najodanija slu\u0161ateljica.<\/p>","protected":false},"featured_media":15805,"comment_status":"open","ping_status":"closed","template":"","meta":[],"product_brand":[],"product_cat":[53,56,57,74,18,81,24,27,23,64,70,28,65,30,38,73,41,82,79,62,26,39,66,80,43,40,31,69,32,77,25,33,29,20,21,34,72,19,42,44,71,76,36,35,84,63,61,75,37,78],"product_tag":[],"class_list":{"0":"post-15787","1":"product","2":"type-product","3":"status-publish","4":"has-post-thumbnail","6":"product_cat-100cm-sex-dolls","7":"product_cat-120cm-sex-dolls","8":"product_cat-125cm-sex-dolls","9":"product_cat-6ye-doll","10":"product_cat-adult-doll","11":"product_cat-aibei-doll","12":"product_cat-american-sex-doll","13":"product_cat-anime-sex-dolls","14":"product_cat-asian-sex-doll","15":"product_cat-australia-stock-sex-doll","16":"product_cat-axb-doll","17":"product_cat-blonde-sex-doll","18":"product_cat-canada-stock-sex-doll","19":"product_cat-cheap-sex-doll","20":"product_cat-chubby-sex-dolls","21":"product_cat-climax-doll","22":"product_cat-curvy-sex-dolls","23":"product_cat-dolls-castle","24":"product_cat-elsa-babe","25":"product_cat-eu-stock-sex-doll","26":"product_cat-european-sex-dolls","27":"product_cat-fantasy-sex-doll","28":"product_cat-female-sex-dolls","29":"product_cat-fire-doll","30":"product_cat-flat-chested-sex-doll","31":"product_cat-full-body-sex-dolls","32":"product_cat-full-size-sex-dolls","33":"product_cat-girl-sex-dolls","34":"product_cat-hentai-sex-dolls","35":"product_cat-irontech-sex-dolls","36":"product_cat-japanese-sex-dolls","37":"product_cat-life-like-sex-dolls","38":"product_cat-life-size-sex-dolls","39":"product_cat-love-doll","40":"product_cat-miniature-sex-doll","41":"product_cat-petite-sex-dolls","42":"product_cat-qita-doll","43":"product_cat-real-doll","44":"product_cat-skinny-sex-dolls","45":"product_cat-small-breast-sex-doll","46":"product_cat-sy-doll","47":"product_cat-tantaly-sex-doll","48":"product_cat-teen-sex-dolls","49":"product_cat-tiny-sex-dolls","50":"product_cat-tpe-sex-dolls","51":"product_cat-uk-stock-sex-doll","52":"product_cat-us-stock-sex-dolls","53":"product_cat-wm-doll","54":"product_cat-young-sex-dolls","55":"product_cat-zelex-doll","57":"first","58":"instock","59":"sale","60":"shipping-taxable","61":"purchasable","62":"product-type-variable","63":"has-default-attributes"},"_links":{"self":[{"href":"https:\/\/www.sexdollmini.com\/hr\/wp-json\/wp\/v2\/product\/15787","targetHints":{"allow":["GET"]}}],"collection":[{"href":"https:\/\/www.sexdollmini.com\/hr\/wp-json\/wp\/v2\/product"}],"about":[{"href":"https:\/\/www.sexdollmini.com\/hr\/wp-json\/wp\/v2\/types\/product"}],"replies":[{"embeddable":true,"href":"https:\/\/www.sexdollmini.com\/hr\/wp-json\/wp\/v2\/comments?post=15787"}],"wp:featuredmedia":[{"embeddable":true,"href":"https:\/\/www.sexdollmini.com\/hr\/wp-json\/wp\/v2\/media\/15805"}],"wp:attachment":[{"href":"https:\/\/www.sexdollmini.com\/hr\/wp-json\/wp\/v2\/media?parent=15787"}],"wp:term":[{"taxonomy":"product_brand","embeddable":true,"href":"https:\/\/www.sexdollmini.com\/hr\/wp-json\/wp\/v2\/product_brand?post=15787"},{"taxonomy":"product_cat","embeddable":true,"href":"https:\/\/www.sexdollmini.com\/hr\/wp-json\/wp\/v2\/product_cat?post=15787"},{"taxonomy":"product_tag","embeddable":true,"href":"https:\/\/www.sexdollmini.com\/hr\/wp-json\/wp\/v2\/product_tag?post=15787"}],"curies":[{"name":"radni list","href":"https:\/\/api.w.org\/{rel}","templated":true}]}}