{"id":16268,"date":"2025-06-09T00:33:45","date_gmt":"2025-06-09T07:33:45","guid":{"rendered":"https:\/\/www.sexdollmini.com\/?post_type=product&#038;p=16268"},"modified":"2025-08-03T19:23:46","modified_gmt":"2025-08-04T02:23:46","slug":"orva-flat-half-body-sex-doll-torso","status":"publish","type":"product","link":"https:\/\/www.sexdollmini.com\/hr\/proizvod\/orva-flat-half-body-sex-doll-torso\/","title":{"rendered":"Orva Ravni Torzo Seks Lutke Polovica Tijela"},"content":{"rendered":"<h2>Detalji o seks lutkama<\/h2>\n<p>Torzo seks lutke s ravnim prsima vrlo je popularan me\u0111u igra\u010dima, a ravna prsa su karakteristika ove seks lutke. Ne samo da mo\u017ee zadovoljiti va\u0161e seksualne potrebe, ve\u0107 se i mo\u017ee sakupljati kao blago. Torzo seks lutke s ravnim prsima i pola tijela lako se pohranjuje i premje\u0161ta. Ako se \u010desto trebate selite ili putovati, ne\u0107ete imati puno problema s prikupljanjem ove seks lutke, a torzo seks lutke s pola tijela mo\u017ee u\u0161tedjeti puno prostora.<\/p>\n<p>Visina: 47 cm<br \/>\nOpseg prsa: 47 cm<br \/>\nStruk: 42 cm<br \/>\nKuk: 70 cm<br \/>\n\u0160irina ramena: 25 cm<br \/>\nDubina vagine: 16 cm<br \/>\nDubina anusa: 16 cm<br \/>\nNeto te\u017eina: 9 kg<br \/>\nSpecifikacija kutije: 65*34*29<br \/>\nBruto te\u017eina: 12 kg<\/p>\n<p>&nbsp;<\/p>\n<p>Molimo dopustite razliku od 2-4 cm u ru\u010dnom mjerenju zbog ru\u010dnog mjerenja.<\/p>","protected":false},"excerpt":{"rendered":"<p>Savjeti za brigu o seks lutkama: Izbjegavajte odabir tamne odje\u0107e za seks lutke i izbjegavajte dulji kontakt tamne odje\u0107e s TPE materijalima kako biste izbjegli mrlje.<br \/>\nAko \u017eelite da seks lutka traje dulje, preporu\u010duje se odabrati mekani jastuk za seks lutku i dr\u017eati lutku u prirodnom polo\u017eaju.<\/p>","protected":false},"featured_media":16270,"comment_status":"open","ping_status":"closed","template":"","meta":[],"product_brand":[],"product_cat":[18,73,82,79,66,80,43,146,20,21,34,60,42,71,84,75,78],"product_tag":[],"class_list":{"0":"post-16268","1":"product","2":"type-product","3":"status-publish","4":"has-post-thumbnail","6":"product_cat-adult-doll","7":"product_cat-climax-doll","8":"product_cat-dolls-castle","9":"product_cat-elsa-babe","10":"product_cat-female-sex-dolls","11":"product_cat-fire-doll","12":"product_cat-flat-chested-sex-doll","13":"product_cat-half-body-sex-doll-torso","14":"product_cat-love-doll","15":"product_cat-miniature-sex-doll","16":"product_cat-petite-sex-dolls","17":"product_cat-sex-doll-torso","18":"product_cat-skinny-sex-dolls","19":"product_cat-sy-doll","20":"product_cat-tpe-sex-dolls","21":"product_cat-wm-doll","22":"product_cat-zelex-doll","24":"first","25":"instock","26":"sale","27":"shipping-taxable","28":"purchasable","29":"product-type-simple"},"_links":{"self":[{"href":"https:\/\/www.sexdollmini.com\/hr\/wp-json\/wp\/v2\/product\/16268","targetHints":{"allow":["GET"]}}],"collection":[{"href":"https:\/\/www.sexdollmini.com\/hr\/wp-json\/wp\/v2\/product"}],"about":[{"href":"https:\/\/www.sexdollmini.com\/hr\/wp-json\/wp\/v2\/types\/product"}],"replies":[{"embeddable":true,"href":"https:\/\/www.sexdollmini.com\/hr\/wp-json\/wp\/v2\/comments?post=16268"}],"wp:featuredmedia":[{"embeddable":true,"href":"https:\/\/www.sexdollmini.com\/hr\/wp-json\/wp\/v2\/media\/16270"}],"wp:attachment":[{"href":"https:\/\/www.sexdollmini.com\/hr\/wp-json\/wp\/v2\/media?parent=16268"}],"wp:term":[{"taxonomy":"product_brand","embeddable":true,"href":"https:\/\/www.sexdollmini.com\/hr\/wp-json\/wp\/v2\/product_brand?post=16268"},{"taxonomy":"product_cat","embeddable":true,"href":"https:\/\/www.sexdollmini.com\/hr\/wp-json\/wp\/v2\/product_cat?post=16268"},{"taxonomy":"product_tag","embeddable":true,"href":"https:\/\/www.sexdollmini.com\/hr\/wp-json\/wp\/v2\/product_tag?post=16268"}],"curies":[{"name":"radni list","href":"https:\/\/api.w.org\/{rel}","templated":true}]}}